{"id":28083,"date":"2026-02-04T03:43:22","date_gmt":"2026-02-04T00:43:22","guid":{"rendered":"https:\/\/a-pant.ee\/product\/ekscentrikovaya-shlifmashina-makita-bo5031k\/"},"modified":"2026-02-22T12:30:45","modified_gmt":"2026-02-22T09:30:45","slug":"eksczentrikovaya-shlifmashina-makita-bo5031-chemodan","status":"publish","type":"product","link":"https:\/\/a-pant.ee\/ru\/product\/eksczentrikovaya-shlifmashina-makita-bo5031-chemodan\/","title":{"rendered":"\u042d\u043a\u0441\u0446\u0435\u043d\u0442\u0440\u0438\u043a\u043e\u0432\u0430\u044f \u0448\u043b\u0438\u0444\u043c\u0430\u0448\u0438\u043d\u0430 Makita BO5031 + \u0427\u0435\u043c\u043e\u0434\u0430\u043d"},"content":{"rendered":"\n<p><strong> Ekstsentriline lihvmasin Makita BO5031K <\/strong> , \u00a0t\u00f6\u00f6korras! <\/p><p> KIRJELDUS <\/p><p> V\u00f5imsus: 300 vatti <br \/> Minite arv revolutsioonide arv: 4000 p \/ min <br \/> V\u00f5nkumiste amplituud: 2,8 mm <br \/> Sagedad v\u00f5nked: 4000\u201312000 osalus\/min <br \/> Aukude arv: 8 <\/p>\n","protected":false},"excerpt":{"rendered":"<p>Ekstsentriline lihvmasin Makita BO5031K , \u00a0t\u00f6\u00f6korras! KIRJELDUS V\u00f5imsus: 300 vatti Minite arv revolutsioonide arv: 4000 p \/ min V\u00f5nkumiste amplituud: 2,8 mm Sagedad v\u00f5nked: 4000\u201312000 osalus\/min Aukude arv: 8<\/p>\n","protected":false},"featured_media":28084,"comment_status":"closed","ping_status":"open","template":"","meta":{"inline_featured_image":false},"product_brand":[],"product_cat":[233],"product_tag":[],"class_list":{"0":"post-28083","1":"product","2":"type-product","3":"status-publish","4":"has-post-thumbnail","6":"product_cat-shlifovalnyj-instrument","7":"pa_asukoht-lasnamae","8":"pa_seisukord-ispolzovano","10":"first","11":"instock","12":"taxable","13":"shipping-taxable","14":"purchasable","15":"product-type-simple"},"_links":{"self":[{"href":"https:\/\/a-pant.ee\/ru\/wp-json\/wp\/v2\/product\/28083","targetHints":{"allow":["GET"]}}],"collection":[{"href":"https:\/\/a-pant.ee\/ru\/wp-json\/wp\/v2\/product"}],"about":[{"href":"https:\/\/a-pant.ee\/ru\/wp-json\/wp\/v2\/types\/product"}],"replies":[{"embeddable":true,"href":"https:\/\/a-pant.ee\/ru\/wp-json\/wp\/v2\/comments?post=28083"}],"wp:featuredmedia":[{"embeddable":true,"href":"https:\/\/a-pant.ee\/ru\/wp-json\/wp\/v2\/media\/28084"}],"wp:attachment":[{"href":"https:\/\/a-pant.ee\/ru\/wp-json\/wp\/v2\/media?parent=28083"}],"wp:term":[{"taxonomy":"product_brand","embeddable":true,"href":"https:\/\/a-pant.ee\/ru\/wp-json\/wp\/v2\/product_brand?post=28083"},{"taxonomy":"product_cat","embeddable":true,"href":"https:\/\/a-pant.ee\/ru\/wp-json\/wp\/v2\/product_cat?post=28083"},{"taxonomy":"product_tag","embeddable":true,"href":"https:\/\/a-pant.ee\/ru\/wp-json\/wp\/v2\/product_tag?post=28083"}],"curies":[{"name":"wp","href":"https:\/\/api.w.org\/{rel}","templated":true}]}}