{"id":28040,"date":"2026-02-04T03:43:22","date_gmt":"2026-02-04T00:43:22","guid":{"rendered":"https:\/\/a-pant.ee\/product\/elektricheskaya-tsepnaya-pila-bosch-ake-35-19-s\/"},"modified":"2026-02-22T12:30:44","modified_gmt":"2026-02-22T09:30:44","slug":"elektricheskaya-czepnaya-pila-bosch-ake-35-19-s","status":"publish","type":"product","link":"https:\/\/a-pant.ee\/ru\/product\/elektricheskaya-czepnaya-pila-bosch-ake-35-19-s\/","title":{"rendered":"\u042d\u043b\u0435\u043a\u0442\u0440\u0438\u0447\u0435\u0441\u043a\u0430\u044f \u0426\u0435\u043f\u043d\u0430\u044f \u041f\u0438\u043b\u0430 Bosch AKE 35-19 S"},"content":{"rendered":"\n<p><strong> Elektriline Kettsaag Bosch AKE 35-19 S <\/strong> , korpusel defekt &#8212; vaata fotol, \u00a0t\u00f6\u00f6korras! <\/p><p> KIRJELDUS <\/p><table cellspacing=\"0\" id=\"product-attribute-specs-table\"><tbody><tr><td> Professionaalidele \/ Asjaarmastajatele <\/td><td> Asjaarmastajatele <\/td><\/tr><tr><td> Mootori t\u00fc\u00fcp <\/td><td> Elektri <\/td><\/tr><tr><td> Sisendv\u00f5imsus <\/td><td> 1900 W <\/td><\/tr><tr><td> Lindi pikkus <\/td><td> 350 mm <\/td><\/tr><tr><td> Ketisamm <\/td><td> 3\/8&#8243; <\/td><\/tr><tr><td> Kasutamiseks on vaja toitejuhet (ei sisaldu komplektis) <\/td><td> Jah <\/td><\/tr><tr><td> Tootega koos soovitame kasutada keti m\u00e4\u00e4rde \u00f5li, mis ei kuulu komplekti <\/td><td> Jah <\/td><\/tr><tr><td> Sisendpinge \/ sagedus <\/td><td> 210 &#8212; 240 V \/ 50 &#8212; 60 Hz \/ AC <\/td><\/tr><tr><td> T\u00e4htis m\u00e4rkus <\/td><td> Soovitame Teil soetada tagavara kett <\/td><\/tr><\/tbody><\/table>\n","protected":false},"excerpt":{"rendered":"<p>Elektriline Kettsaag Bosch AKE 35-19 S , korpusel defekt &#8212; vaata fotol, \u00a0t\u00f6\u00f6korras! KIRJELDUS Professionaalidele \/ Asjaarmastajatele Asjaarmastajatele Mootori t\u00fc\u00fcp Elektri Sisendv\u00f5imsus 1900 W Lindi pikkus 350 mm Ketisamm 3\/8&#8243; Kasutamiseks on vaja toitejuhet (ei sisaldu komplektis) Jah Tootega koos soovitame kasutada keti m\u00e4\u00e4rde \u00f5li, mis ei kuulu komplekti Jah Sisendpinge \/ sagedus 210 &#8212; [&hellip;]<\/p>\n","protected":false},"featured_media":28041,"comment_status":"closed","ping_status":"open","template":"","meta":{"inline_featured_image":false},"product_brand":[],"product_cat":[220],"product_tag":[],"class_list":{"0":"post-28040","1":"product","2":"type-product","3":"status-publish","4":"has-post-thumbnail","6":"product_cat-sadovye-instrumenty","7":"pa_asukoht-lasnamae","8":"pa_seisukord-ispolzovano","10":"first","11":"instock","12":"taxable","13":"shipping-taxable","14":"purchasable","15":"product-type-simple"},"_links":{"self":[{"href":"https:\/\/a-pant.ee\/ru\/wp-json\/wp\/v2\/product\/28040","targetHints":{"allow":["GET"]}}],"collection":[{"href":"https:\/\/a-pant.ee\/ru\/wp-json\/wp\/v2\/product"}],"about":[{"href":"https:\/\/a-pant.ee\/ru\/wp-json\/wp\/v2\/types\/product"}],"replies":[{"embeddable":true,"href":"https:\/\/a-pant.ee\/ru\/wp-json\/wp\/v2\/comments?post=28040"}],"wp:featuredmedia":[{"embeddable":true,"href":"https:\/\/a-pant.ee\/ru\/wp-json\/wp\/v2\/media\/28041"}],"wp:attachment":[{"href":"https:\/\/a-pant.ee\/ru\/wp-json\/wp\/v2\/media?parent=28040"}],"wp:term":[{"taxonomy":"product_brand","embeddable":true,"href":"https:\/\/a-pant.ee\/ru\/wp-json\/wp\/v2\/product_brand?post=28040"},{"taxonomy":"product_cat","embeddable":true,"href":"https:\/\/a-pant.ee\/ru\/wp-json\/wp\/v2\/product_cat?post=28040"},{"taxonomy":"product_tag","embeddable":true,"href":"https:\/\/a-pant.ee\/ru\/wp-json\/wp\/v2\/product_tag?post=28040"}],"curies":[{"name":"wp","href":"https:\/\/api.w.org\/{rel}","templated":true}]}}