{"id":28034,"date":"2026-02-04T03:39:06","date_gmt":"2026-02-04T00:39:06","guid":{"rendered":"https:\/\/a-pant.ee\/product\/akkumulyator-makita-18v-1-3-ah\/"},"modified":"2026-02-22T12:30:48","modified_gmt":"2026-02-22T09:30:48","slug":"akkumulyator-makita-18v-13-ah","status":"publish","type":"product","link":"https:\/\/a-pant.ee\/ru\/product\/akkumulyator-makita-18v-13-ah\/","title":{"rendered":"\u0410\u043a\u043a\u0443\u043c\u0443\u043b\u044f\u0442\u043e\u0440 Makita 18V 1,3 AH"},"content":{"rendered":"\n<p> Aku Makita 18V 1,3 AH\u00a0, heas seisu- ja t\u00f6\u00f6korras! <\/p><p> KIRJELDUS <\/p><ul><li> T\u00fc\u00fcp: Li-Ion <\/li><li> Pinge: 18 V <\/li><li> Mahutavus: 1,3 Ah <\/li><li> \u00dchilduvus: Makita LXT 18V t\u00f6\u00f6riistad <\/li><li> Tark kaitses\u00fcsteem: kaitse \u00fclekuumenemise, liigse t\u00fchjenemise ja \u00fclekoormuse eest <\/li><li> M\u00e4lu efekt puudub: saab laadida igal ajal <\/li><li> Kaal: ~0,4 kg <\/li><\/ul>\n","protected":false},"excerpt":{"rendered":"<p>Aku Makita 18V 1,3 AH\u00a0, heas seisu- ja t\u00f6\u00f6korras! KIRJELDUS T\u00fc\u00fcp: Li-Ion Pinge: 18 V Mahutavus: 1,3 Ah \u00dchilduvus: Makita LXT 18V t\u00f6\u00f6riistad Tark kaitses\u00fcsteem: kaitse \u00fclekuumenemise, liigse t\u00fchjenemise ja \u00fclekoormuse eest M\u00e4lu efekt puudub: saab laadida igal ajal Kaal: ~0,4 kg<\/p>\n","protected":false},"featured_media":28035,"comment_status":"closed","ping_status":"open","template":"","meta":{"inline_featured_image":false},"product_brand":[],"product_cat":[223],"product_tag":[],"class_list":{"0":"post-28034","1":"product","2":"type-product","3":"status-publish","4":"has-post-thumbnail","6":"product_cat-vsyo-dlya-instrumenta","7":"pa_asukoht-mustamae","8":"pa_seisukord-ispolzovano","10":"first","11":"instock","12":"taxable","13":"shipping-taxable","14":"purchasable","15":"product-type-simple"},"_links":{"self":[{"href":"https:\/\/a-pant.ee\/ru\/wp-json\/wp\/v2\/product\/28034","targetHints":{"allow":["GET"]}}],"collection":[{"href":"https:\/\/a-pant.ee\/ru\/wp-json\/wp\/v2\/product"}],"about":[{"href":"https:\/\/a-pant.ee\/ru\/wp-json\/wp\/v2\/types\/product"}],"replies":[{"embeddable":true,"href":"https:\/\/a-pant.ee\/ru\/wp-json\/wp\/v2\/comments?post=28034"}],"wp:featuredmedia":[{"embeddable":true,"href":"https:\/\/a-pant.ee\/ru\/wp-json\/wp\/v2\/media\/28035"}],"wp:attachment":[{"href":"https:\/\/a-pant.ee\/ru\/wp-json\/wp\/v2\/media?parent=28034"}],"wp:term":[{"taxonomy":"product_brand","embeddable":true,"href":"https:\/\/a-pant.ee\/ru\/wp-json\/wp\/v2\/product_brand?post=28034"},{"taxonomy":"product_cat","embeddable":true,"href":"https:\/\/a-pant.ee\/ru\/wp-json\/wp\/v2\/product_cat?post=28034"},{"taxonomy":"product_tag","embeddable":true,"href":"https:\/\/a-pant.ee\/ru\/wp-json\/wp\/v2\/product_tag?post=28034"}],"curies":[{"name":"wp","href":"https:\/\/api.w.org\/{rel}","templated":true}]}}