{"id":28023,"date":"2026-02-04T03:39:06","date_gmt":"2026-02-04T00:39:06","guid":{"rendered":"https:\/\/a-pant.ee\/product\/lazer-dewalt-dce088d1g-prinadlezhnosti-yashchik\/"},"modified":"2026-02-22T12:30:48","modified_gmt":"2026-02-22T09:30:48","slug":"lazer-dewalt-dce088d1g","status":"publish","type":"product","link":"https:\/\/a-pant.ee\/ru\/product\/lazer-dewalt-dce088d1g\/","title":{"rendered":"\u041b\u0430\u0437\u0435\u0440 Dewalt DCE088D1G"},"content":{"rendered":"\n<p> Ristlaser Dewalt DW088CG + Tarvikud + Kohver, heas seisu- ja t\u00f6\u00f6korras! <\/p><p> KIRJELDUS <\/p><ul><li> Laseri t\u00fc\u00fcp: roheline <\/li><li> T\u00f6\u00f6ulatus: kuni 20 m (kuni 50 m vastuv\u00f5tjaga) <\/li><li> T\u00e4psus: \u00b10,3 mm\/m <\/li><li> Isejoonduvus: kuni \u00b14\u00b0 <\/li><li> Laserkiirte arv: 2 (horisontaalne ja vertikaalne) <\/li><li> Laseri klass: 2 <\/li><li> Tolmu- ja niiskuskindlus: IP54 <\/li><li> Kinnitus: magnetiline alus metallpindadele kinnitamiseks <\/li><li> Kaal: umbes 0,5 kg <\/li><\/ul>\n","protected":false},"excerpt":{"rendered":"<p>Ristlaser Dewalt DW088CG + Tarvikud + Kohver, heas seisu- ja t\u00f6\u00f6korras! KIRJELDUS Laseri t\u00fc\u00fcp: roheline T\u00f6\u00f6ulatus: kuni 20 m (kuni 50 m vastuv\u00f5tjaga) T\u00e4psus: \u00b10,3 mm\/m Isejoonduvus: kuni \u00b14\u00b0 Laserkiirte arv: 2 (horisontaalne ja vertikaalne) Laseri klass: 2 Tolmu- ja niiskuskindlus: IP54 Kinnitus: magnetiline alus metallpindadele kinnitamiseks Kaal: umbes 0,5 kg<\/p>\n","protected":false},"featured_media":28024,"comment_status":"closed","ping_status":"open","template":"","meta":{"inline_featured_image":false},"product_brand":[],"product_cat":[232],"product_tag":[],"class_list":{"0":"post-28023","1":"product","2":"type-product","3":"status-publish","4":"has-post-thumbnail","6":"product_cat-lazernye-niveliry","7":"pa_asukoht-mustamae","8":"pa_seisukord-ispolzovano","10":"first","11":"instock","12":"taxable","13":"shipping-taxable","14":"purchasable","15":"product-type-simple"},"_links":{"self":[{"href":"https:\/\/a-pant.ee\/ru\/wp-json\/wp\/v2\/product\/28023","targetHints":{"allow":["GET"]}}],"collection":[{"href":"https:\/\/a-pant.ee\/ru\/wp-json\/wp\/v2\/product"}],"about":[{"href":"https:\/\/a-pant.ee\/ru\/wp-json\/wp\/v2\/types\/product"}],"replies":[{"embeddable":true,"href":"https:\/\/a-pant.ee\/ru\/wp-json\/wp\/v2\/comments?post=28023"}],"wp:featuredmedia":[{"embeddable":true,"href":"https:\/\/a-pant.ee\/ru\/wp-json\/wp\/v2\/media\/28024"}],"wp:attachment":[{"href":"https:\/\/a-pant.ee\/ru\/wp-json\/wp\/v2\/media?parent=28023"}],"wp:term":[{"taxonomy":"product_brand","embeddable":true,"href":"https:\/\/a-pant.ee\/ru\/wp-json\/wp\/v2\/product_brand?post=28023"},{"taxonomy":"product_cat","embeddable":true,"href":"https:\/\/a-pant.ee\/ru\/wp-json\/wp\/v2\/product_cat?post=28023"},{"taxonomy":"product_tag","embeddable":true,"href":"https:\/\/a-pant.ee\/ru\/wp-json\/wp\/v2\/product_tag?post=28023"}],"curies":[{"name":"wp","href":"https:\/\/api.w.org\/{rel}","templated":true}]}}