{"id":28017,"date":"2026-02-04T03:39:06","date_gmt":"2026-02-04T00:39:06","guid":{"rendered":"https:\/\/a-pant.ee\/product\/lazernyy-dalnomer-makita-ld030p\/"},"modified":"2026-02-22T12:30:48","modified_gmt":"2026-02-22T09:30:48","slug":"lazernyj-dalnomer-makita-ld030p","status":"publish","type":"product","link":"https:\/\/a-pant.ee\/ru\/product\/lazernyj-dalnomer-makita-ld030p\/","title":{"rendered":"\u041b\u0430\u0437\u0435\u0440\u043d\u044b\u0439 \u0434\u0430\u043b\u044c\u043d\u043e\u043c\u0435\u0440 Makita LD030P"},"content":{"rendered":"\n<p> Laaser kaugem\u00f5tja Makita LD030P\u00a0, heas seisu- ja t\u00f6\u00f6korras! <\/p><p> KIRJELDUS <\/p><p> Kompaktne laserkaugusm\u00f5\u00f5tja kiireks m\u00f5\u00f5tmiseks; <br \/> Kuni 30 m; <br \/> Kiire v\u00f5imalus korduvate m\u00f5\u00f5tmiste jaoks; <br \/> K\u00f5rguse ja laiuse kaudne m\u00f5\u00f5tmine raskesti ligip\u00e4\u00e4setavates kohtades (Pythagoras); <br \/> Kaitstud niiskuse ja tolmu eest &#8212; IP54; <br \/> Laserv\u00f5imsus &lt;1 mW. <\/p>\n","protected":false},"excerpt":{"rendered":"<p>Laaser kaugem\u00f5tja Makita LD030P\u00a0, heas seisu- ja t\u00f6\u00f6korras! KIRJELDUS Kompaktne laserkaugusm\u00f5\u00f5tja kiireks m\u00f5\u00f5tmiseks; Kuni 30 m; Kiire v\u00f5imalus korduvate m\u00f5\u00f5tmiste jaoks; K\u00f5rguse ja laiuse kaudne m\u00f5\u00f5tmine raskesti ligip\u00e4\u00e4setavates kohtades (Pythagoras); Kaitstud niiskuse ja tolmu eest &#8212; IP54; Laserv\u00f5imsus &lt;1 mW.<\/p>\n","protected":false},"featured_media":28018,"comment_status":"closed","ping_status":"open","template":"","meta":{"inline_featured_image":false},"product_brand":[],"product_cat":[232],"product_tag":[],"class_list":{"0":"post-28017","1":"product","2":"type-product","3":"status-publish","4":"has-post-thumbnail","6":"product_cat-lazernye-niveliry","7":"pa_asukoht-lasnamae","8":"pa_seisukord-ispolzovano","10":"first","11":"instock","12":"taxable","13":"shipping-taxable","14":"purchasable","15":"product-type-simple"},"_links":{"self":[{"href":"https:\/\/a-pant.ee\/ru\/wp-json\/wp\/v2\/product\/28017","targetHints":{"allow":["GET"]}}],"collection":[{"href":"https:\/\/a-pant.ee\/ru\/wp-json\/wp\/v2\/product"}],"about":[{"href":"https:\/\/a-pant.ee\/ru\/wp-json\/wp\/v2\/types\/product"}],"replies":[{"embeddable":true,"href":"https:\/\/a-pant.ee\/ru\/wp-json\/wp\/v2\/comments?post=28017"}],"wp:featuredmedia":[{"embeddable":true,"href":"https:\/\/a-pant.ee\/ru\/wp-json\/wp\/v2\/media\/28018"}],"wp:attachment":[{"href":"https:\/\/a-pant.ee\/ru\/wp-json\/wp\/v2\/media?parent=28017"}],"wp:term":[{"taxonomy":"product_brand","embeddable":true,"href":"https:\/\/a-pant.ee\/ru\/wp-json\/wp\/v2\/product_brand?post=28017"},{"taxonomy":"product_cat","embeddable":true,"href":"https:\/\/a-pant.ee\/ru\/wp-json\/wp\/v2\/product_cat?post=28017"},{"taxonomy":"product_tag","embeddable":true,"href":"https:\/\/a-pant.ee\/ru\/wp-json\/wp\/v2\/product_tag?post=28017"}],"curies":[{"name":"wp","href":"https:\/\/api.w.org\/{rel}","templated":true}]}}