{"id":28005,"date":"2026-02-04T03:39:06","date_gmt":"2026-02-04T00:39:06","guid":{"rendered":"https:\/\/a-pant.ee\/product\/akkumulyatornaya-kamera-milwaukee-s12-ic\/"},"modified":"2026-02-22T12:30:47","modified_gmt":"2026-02-22T09:30:47","slug":"akkumulyatornaya-czifrovaya-kamera-milwaukee-s12-ic-2ah","status":"publish","type":"product","link":"https:\/\/a-pant.ee\/ru\/product\/akkumulyatornaya-czifrovaya-kamera-milwaukee-s12-ic-2ah\/","title":{"rendered":"\u0410\u043a\u043a\u0443\u043c\u0443\u043b\u044f\u0442\u043e\u0440\u043d\u0430\u044f \u0446\u0438\u0444\u0440\u043e\u0432\u0430\u044f \u043a\u0430\u043c\u0435\u0440\u0430 Milwaukee \u042112 IC + 2ah"},"content":{"rendered":"\n<p> vaatluskaamera Milwaukee C12 IC + kohver + 2ah + laadija\u00a0, heas seisu- ja t\u00f6\u00f6korras! <\/p><p> KIRJELDUS <\/p><p> Suur 88mm v\u00e4rviline ekraan <br \/> Video salvestamise funktsioon <br \/> Pildistamise funktsioon <br \/> Helisalvestuse funktsioon kommentaaride salvestamiseks <br \/> Pildi 180\u00b0 v\u00f5rra p\u00f6\u00f6ramise v\u00f5imalus <br \/> Digitaalne pimestamise v\u00e4hendamine <br \/> 3 valgustuse taset <br \/> REDLITHIUM-ION\u2122 akud \u2013 2x pikem aku t\u00f6\u00f6iga, 20% rohkem v\u00f5imsust, 2x pikem kasutusiga ja t\u00f6\u00f6 kuni -20\u00b0C temperatuuridel <br \/> Paindlik akus\u00fcsteem: t\u00f6\u00f6tab k\u00f5igi Milwaukee\u00ae M12\u2122 akudega <\/p>\n","protected":false},"excerpt":{"rendered":"<p>vaatluskaamera Milwaukee C12 IC + kohver + 2ah + laadija\u00a0, heas seisu- ja t\u00f6\u00f6korras! KIRJELDUS Suur 88mm v\u00e4rviline ekraan Video salvestamise funktsioon Pildistamise funktsioon Helisalvestuse funktsioon kommentaaride salvestamiseks Pildi 180\u00b0 v\u00f5rra p\u00f6\u00f6ramise v\u00f5imalus Digitaalne pimestamise v\u00e4hendamine 3 valgustuse taset REDLITHIUM-ION\u2122 akud \u2013 2x pikem aku t\u00f6\u00f6iga, 20% rohkem v\u00f5imsust, 2x pikem kasutusiga ja t\u00f6\u00f6 kuni [&hellip;]<\/p>\n","protected":false},"featured_media":28006,"comment_status":"closed","ping_status":"open","template":"","meta":{"inline_featured_image":false},"product_brand":[],"product_cat":[246],"product_tag":[],"class_list":{"0":"post-28005","1":"product","2":"type-product","3":"status-publish","4":"has-post-thumbnail","6":"product_cat-instrumenty-drugoe","7":"pa_asukoht-mustamae","8":"pa_seisukord-ispolzovano","10":"first","11":"instock","12":"taxable","13":"shipping-taxable","14":"purchasable","15":"product-type-simple"},"_links":{"self":[{"href":"https:\/\/a-pant.ee\/ru\/wp-json\/wp\/v2\/product\/28005","targetHints":{"allow":["GET"]}}],"collection":[{"href":"https:\/\/a-pant.ee\/ru\/wp-json\/wp\/v2\/product"}],"about":[{"href":"https:\/\/a-pant.ee\/ru\/wp-json\/wp\/v2\/types\/product"}],"replies":[{"embeddable":true,"href":"https:\/\/a-pant.ee\/ru\/wp-json\/wp\/v2\/comments?post=28005"}],"wp:featuredmedia":[{"embeddable":true,"href":"https:\/\/a-pant.ee\/ru\/wp-json\/wp\/v2\/media\/28006"}],"wp:attachment":[{"href":"https:\/\/a-pant.ee\/ru\/wp-json\/wp\/v2\/media?parent=28005"}],"wp:term":[{"taxonomy":"product_brand","embeddable":true,"href":"https:\/\/a-pant.ee\/ru\/wp-json\/wp\/v2\/product_brand?post=28005"},{"taxonomy":"product_cat","embeddable":true,"href":"https:\/\/a-pant.ee\/ru\/wp-json\/wp\/v2\/product_cat?post=28005"},{"taxonomy":"product_tag","embeddable":true,"href":"https:\/\/a-pant.ee\/ru\/wp-json\/wp\/v2\/product_tag?post=28005"}],"curies":[{"name":"wp","href":"https:\/\/api.w.org\/{rel}","templated":true}]}}