{"id":27997,"date":"2026-02-04T03:39:06","date_gmt":"2026-02-04T00:39:06","guid":{"rendered":"https:\/\/a-pant.ee\/product\/smartfon-redmi-a2-64-4gb-zaryadka\/"},"modified":"2026-02-22T12:30:47","modified_gmt":"2026-02-22T09:30:47","slug":"smartfon-redmi-a2-64-4gb-zaryadka","status":"publish","type":"product","link":"https:\/\/a-pant.ee\/ru\/product\/smartfon-redmi-a2-64-4gb-zaryadka\/","title":{"rendered":"\u0421\u043c\u0430\u0440\u0442\u0444\u043e\u043d Redmi A2 64\/4gb + \u0437\u0430\u0440\u044f\u0434\u043a\u0430"},"content":{"rendered":"\n<p> Nutitelefon Redmi A2 32\/3gb + laadija\u00a0, heas seisu- ja t\u00f6\u00f6korras! <\/p><p> KIRJELDUS <\/p><p> Keha m\u00f5\u00f5tmed 164,9 x 76,8 x 9,1 mm (6,49 x 3,02 x 0,36 tolli) <br \/> Kaal 192 g (6,77 oz) <br \/> Sim nano-sim + nano-sim <br \/> Kuva t\u00fc\u00fcbi IPS LCD, 400 niti (t\u00fc\u00fcp) <br \/> Suurus 6,52 tolli, 102,6 cm2 (~ 81,0% ekraani ja keha suhe) <br \/> Eraldusv\u00f5ime 720 x 1600 pikslit, suhe 20: 9 (~ 269 PPI tihedus) <br \/> Platvorm OS Android 12 v\u00f5i 13 (Go Edition), MIUI <br \/> Kiibistik MediaTek Helio G36 (12 nm) <br \/> CPU okta-tuum (4&#215;2,2 GHz Cortex-A53 ja 4&#215;1,7 GHz Cortex-A53) <br \/> GPU PowerVR GE8320 <br \/> M\u00e4lukaardi pesa MicroSDXC (spetsiaalne pesa) <br \/> Sisemine 64GB 4GB RAM, <br \/> P\u00f5hikaamera \u00fcksik 8 MP, f\/2,0, (lai) <br \/> 0,08 MP (lisaebjektiiv) <br \/> Funktsioonid kahekordse juhitud v\u00e4lk, HDR <br \/> Video 1080p@30 kafps <br \/> Selfie -kaamera \u00fcks 5 MP, f\/2.2 <br \/> Video 1080p@30 kafps <br \/> Heli valjuh\u00e4\u00e4ldi jah <br \/> 3,5mm Jack Jah <br \/> Comms wlan wi-fi 802.11 a\/b\/g\/n <br \/> Bluetooth 5.0, A2DP, LE <br \/> GPS -i positsioneerimine, Glonass, Galileo, BDS <br \/> Nfc nr <br \/> Raadio FM raadio <br \/> USB microusB 2.0 <\/p>\n","protected":false},"excerpt":{"rendered":"<p>Nutitelefon Redmi A2 32\/3gb + laadija\u00a0, heas seisu- ja t\u00f6\u00f6korras! KIRJELDUS Keha m\u00f5\u00f5tmed 164,9 x 76,8 x 9,1 mm (6,49 x 3,02 x 0,36 tolli) Kaal 192 g (6,77 oz) Sim nano-sim + nano-sim Kuva t\u00fc\u00fcbi IPS LCD, 400 niti (t\u00fc\u00fcp) Suurus 6,52 tolli, 102,6 cm2 (~ 81,0% ekraani ja keha suhe) Eraldusv\u00f5ime 720 x [&hellip;]<\/p>\n","protected":false},"featured_media":27998,"comment_status":"closed","ping_status":"open","template":"","meta":{"inline_featured_image":false},"product_brand":[],"product_cat":[171],"product_tag":[],"class_list":{"0":"post-27997","1":"product","2":"type-product","3":"status-publish","4":"has-post-thumbnail","6":"product_cat-mobilnye-telefony","7":"pa_asukoht-lasnamae","8":"pa_seisukord-ispolzovano","10":"first","11":"instock","12":"taxable","13":"shipping-taxable","14":"purchasable","15":"product-type-simple"},"_links":{"self":[{"href":"https:\/\/a-pant.ee\/ru\/wp-json\/wp\/v2\/product\/27997","targetHints":{"allow":["GET"]}}],"collection":[{"href":"https:\/\/a-pant.ee\/ru\/wp-json\/wp\/v2\/product"}],"about":[{"href":"https:\/\/a-pant.ee\/ru\/wp-json\/wp\/v2\/types\/product"}],"replies":[{"embeddable":true,"href":"https:\/\/a-pant.ee\/ru\/wp-json\/wp\/v2\/comments?post=27997"}],"wp:featuredmedia":[{"embeddable":true,"href":"https:\/\/a-pant.ee\/ru\/wp-json\/wp\/v2\/media\/27998"}],"wp:attachment":[{"href":"https:\/\/a-pant.ee\/ru\/wp-json\/wp\/v2\/media?parent=27997"}],"wp:term":[{"taxonomy":"product_brand","embeddable":true,"href":"https:\/\/a-pant.ee\/ru\/wp-json\/wp\/v2\/product_brand?post=27997"},{"taxonomy":"product_cat","embeddable":true,"href":"https:\/\/a-pant.ee\/ru\/wp-json\/wp\/v2\/product_cat?post=27997"},{"taxonomy":"product_tag","embeddable":true,"href":"https:\/\/a-pant.ee\/ru\/wp-json\/wp\/v2\/product_tag?post=27997"}],"curies":[{"name":"wp","href":"https:\/\/api.w.org\/{rel}","templated":true}]}}