{"id":27982,"date":"2026-02-04T03:39:06","date_gmt":"2026-02-04T00:39:06","guid":{"rendered":"https:\/\/a-pant.ee\/product\/sportivnye-chasy-polar-a360\/"},"modified":"2026-02-22T12:30:47","modified_gmt":"2026-02-22T09:30:47","slug":"sportivnye-chasy-polar-a360","status":"publish","type":"product","link":"https:\/\/a-pant.ee\/ru\/product\/sportivnye-chasy-polar-a360\/","title":{"rendered":"\u0421\u043f\u043e\u0440\u0442\u0438\u0432\u043d\u044b\u0435 \u0447\u0430\u0441\u044b Polar A360"},"content":{"rendered":"\n<p> Spordikellad Polar A360, heas seisu- ja t\u00f6\u00f6korras! <\/p><p> KIRJELDUS <\/p><p> V\u00e4rvilise ekraaniga ja pulsilugejaga aktiivsusmonitor. <\/p><p> Polar A360 aktiivsusmonitor v\u00f5ib \u00f6\u00f6p\u00e4evaringselt j\u00e4lgida sinu aktiivsust. Nimelt seade n\u00e4itab sinu une kestvust ja kvaliteeti, p\u00f5letatud kaloreid, samme ja l\u00e4bitud vahemaad. Lisaks on seadmel sisseehitatud pulsilugeja, mis aitab oma treeninguid efektiivsemaks muuta. Juhul, kui aktiivsusmonitor on Bluetoothi kaudu nutitelefoniga \u00fchendatud, siis kuvab ta v\u00e4rvilisel ekraanil tulnud teavitusi. Seade on lisaks ka veekindel, mist\u00f5ttu saab seda kasutada treenimisel iga ilmaga. <\/p><ul><li> Randmep\u00f5hisel s\u00fcdame l\u00f6\u00f6gisagedusel tuginev treening. <\/li><li> \u00d6\u00f6p\u00e4evarigne aktiivsuse j\u00e4lgimine. <\/li><li> Vibreerivad nutikad teavitused. <\/li><li> Seade j\u00e4lgib samme ja kasutab andmeid l\u00e4bitud vahemaa arvutamiseks. <\/li><li> J\u00e4lgib automaatselt une kestust ja kvaliteeti. <\/li><li> Polar Flow rakenduse abil saad andmeid oma telefoni koheselt s\u00fcnkroonida ja anal\u00fc\u00fcsida. <\/li><li> Polar Flow veebiteenuse abil saad vaadata oma saavutuste t\u00e4psemat anal\u00fc\u00fcsi graafikute ja statistika abil ning j\u00e4lgida oma pikaajalist arengut. <\/li><\/ul>\n","protected":false},"excerpt":{"rendered":"<p>Spordikellad Polar A360, heas seisu- ja t\u00f6\u00f6korras! KIRJELDUS V\u00e4rvilise ekraaniga ja pulsilugejaga aktiivsusmonitor. Polar A360 aktiivsusmonitor v\u00f5ib \u00f6\u00f6p\u00e4evaringselt j\u00e4lgida sinu aktiivsust. Nimelt seade n\u00e4itab sinu une kestvust ja kvaliteeti, p\u00f5letatud kaloreid, samme ja l\u00e4bitud vahemaad. Lisaks on seadmel sisseehitatud pulsilugeja, mis aitab oma treeninguid efektiivsemaks muuta. Juhul, kui aktiivsusmonitor on Bluetoothi kaudu nutitelefoniga \u00fchendatud, siis [&hellip;]<\/p>\n","protected":false},"featured_media":27983,"comment_status":"closed","ping_status":"open","template":"","meta":{"inline_featured_image":false},"product_brand":[],"product_cat":[176],"product_tag":[],"class_list":{"0":"post-27982","1":"product","2":"type-product","3":"status-publish","4":"has-post-thumbnail","6":"product_cat-smart-chasy","7":"pa_asukoht-lasnamae","8":"pa_seisukord-ispolzovano","10":"first","11":"instock","12":"taxable","13":"shipping-taxable","14":"purchasable","15":"product-type-simple"},"_links":{"self":[{"href":"https:\/\/a-pant.ee\/ru\/wp-json\/wp\/v2\/product\/27982","targetHints":{"allow":["GET"]}}],"collection":[{"href":"https:\/\/a-pant.ee\/ru\/wp-json\/wp\/v2\/product"}],"about":[{"href":"https:\/\/a-pant.ee\/ru\/wp-json\/wp\/v2\/types\/product"}],"replies":[{"embeddable":true,"href":"https:\/\/a-pant.ee\/ru\/wp-json\/wp\/v2\/comments?post=27982"}],"wp:featuredmedia":[{"embeddable":true,"href":"https:\/\/a-pant.ee\/ru\/wp-json\/wp\/v2\/media\/27983"}],"wp:attachment":[{"href":"https:\/\/a-pant.ee\/ru\/wp-json\/wp\/v2\/media?parent=27982"}],"wp:term":[{"taxonomy":"product_brand","embeddable":true,"href":"https:\/\/a-pant.ee\/ru\/wp-json\/wp\/v2\/product_brand?post=27982"},{"taxonomy":"product_cat","embeddable":true,"href":"https:\/\/a-pant.ee\/ru\/wp-json\/wp\/v2\/product_cat?post=27982"},{"taxonomy":"product_tag","embeddable":true,"href":"https:\/\/a-pant.ee\/ru\/wp-json\/wp\/v2\/product_tag?post=27982"}],"curies":[{"name":"wp","href":"https:\/\/api.w.org\/{rel}","templated":true}]}}