{"id":27976,"date":"2026-02-04T03:39:06","date_gmt":"2026-02-04T00:39:06","guid":{"rendered":"https:\/\/a-pant.ee\/product\/noutbuk-lenovo-miix-3-1030-usb-kabel\/"},"modified":"2026-02-22T12:30:47","modified_gmt":"2026-02-22T09:30:47","slug":"noutbuk-lenovo-miix-3-1030-usb-kabel","status":"publish","type":"product","link":"https:\/\/a-pant.ee\/ru\/product\/noutbuk-lenovo-miix-3-1030-usb-kabel\/","title":{"rendered":"\u041d\u043e\u0443\u0442\u0431\u0443\u043a Lenovo Miix 3-1030 + USB \u043a\u0430\u0431\u0435\u043b\u044c"},"content":{"rendered":"\n<p> S\u00fclearvuti Lenovo Miix 3-1030 + USB kaabel, heas seisu- ja t\u00f6\u00f6korras! <\/p><p> KIRJELDUS <\/p><p> Protsessor:\u00a0Intel (R) Atom (TM) CPU Z3735F @1,33Ghz(4 CPUs), ~1,33Ghz <\/p><p> Operatiiv m\u00e4lu:\u00a02,0GB (2048Mb) <\/p><p> Videokaart: Basic display (993MB) <\/p><p> K\u00f5vakettas: Samsung MBG4GC\u00a032GB <\/p><p> Windows: 10 Home 32 bit <\/p>\n","protected":false},"excerpt":{"rendered":"<p>S\u00fclearvuti Lenovo Miix 3-1030 + USB kaabel, heas seisu- ja t\u00f6\u00f6korras! KIRJELDUS Protsessor:\u00a0Intel (R) Atom (TM) CPU Z3735F @1,33Ghz(4 CPUs), ~1,33Ghz Operatiiv m\u00e4lu:\u00a02,0GB (2048Mb) Videokaart: Basic display (993MB) K\u00f5vakettas: Samsung MBG4GC\u00a032GB Windows: 10 Home 32 bit<\/p>\n","protected":false},"featured_media":27977,"comment_status":"closed","ping_status":"open","template":"","meta":{"inline_featured_image":false},"product_brand":[],"product_cat":[179],"product_tag":[],"class_list":{"0":"post-27976","1":"product","2":"type-product","3":"status-publish","4":"has-post-thumbnail","6":"product_cat-noutbuki","7":"pa_asukoht-lasnamae","8":"pa_seisukord-ispolzovano","10":"first","11":"instock","12":"taxable","13":"shipping-taxable","14":"purchasable","15":"product-type-simple"},"_links":{"self":[{"href":"https:\/\/a-pant.ee\/ru\/wp-json\/wp\/v2\/product\/27976","targetHints":{"allow":["GET"]}}],"collection":[{"href":"https:\/\/a-pant.ee\/ru\/wp-json\/wp\/v2\/product"}],"about":[{"href":"https:\/\/a-pant.ee\/ru\/wp-json\/wp\/v2\/types\/product"}],"replies":[{"embeddable":true,"href":"https:\/\/a-pant.ee\/ru\/wp-json\/wp\/v2\/comments?post=27976"}],"wp:featuredmedia":[{"embeddable":true,"href":"https:\/\/a-pant.ee\/ru\/wp-json\/wp\/v2\/media\/27977"}],"wp:attachment":[{"href":"https:\/\/a-pant.ee\/ru\/wp-json\/wp\/v2\/media?parent=27976"}],"wp:term":[{"taxonomy":"product_brand","embeddable":true,"href":"https:\/\/a-pant.ee\/ru\/wp-json\/wp\/v2\/product_brand?post=27976"},{"taxonomy":"product_cat","embeddable":true,"href":"https:\/\/a-pant.ee\/ru\/wp-json\/wp\/v2\/product_cat?post=27976"},{"taxonomy":"product_tag","embeddable":true,"href":"https:\/\/a-pant.ee\/ru\/wp-json\/wp\/v2\/product_tag?post=27976"}],"curies":[{"name":"wp","href":"https:\/\/api.w.org\/{rel}","templated":true}]}}