{"id":27970,"date":"2026-02-04T03:39:06","date_gmt":"2026-02-04T00:39:06","guid":{"rendered":"https:\/\/a-pant.ee\/product\/kolonka-xiaomi-mi-portable-bluetooth-speaker\/"},"modified":"2026-02-22T12:30:47","modified_gmt":"2026-02-22T09:30:47","slug":"kolonka-portativnaya-xiaomi-mi-portable-bluetooth-speaker","status":"publish","type":"product","link":"https:\/\/a-pant.ee\/ru\/product\/kolonka-portativnaya-xiaomi-mi-portable-bluetooth-speaker\/","title":{"rendered":"\u041a\u043e\u043b\u043e\u043d\u043a\u0430 \u043f\u043e\u0440\u0442\u0430\u0442\u0438\u0432\u043d\u0430\u044f Xiaomi Mi Portable Bluetooth Speaker"},"content":{"rendered":"\n<p> K\u00f5larid Xiaomi Mi Portable Bluetooth Speaker\u00a0, heas seisu- ja t\u00f6\u00f6korras! <\/p><p> KIRJELDUS <\/p><p> Toote m\u00f5\u00f5tmed <br \/> 86 \u00d7 86 \u00d7 45 mm <br \/> Bluetooth Profiilid <br \/> HFP\/A2DP\/AVRCP <br \/> Akumaht <br \/> 2000 MAH <br \/> Vesi ja tolmutakistus <br \/> Ip67 <br \/> Sisendvoolu parameetrid <br \/> 5 in 1 a <br \/> Lisafunktsioonid <br \/> Kahekordse helitehnoloogia \u00fchendus <br \/> Toote mass on <br \/> 185 <br \/> Bluetooth -versioon <br \/> Bluetooth 5.0 <br \/> Sidevahemik <br \/> 10 m (avatud ruum ilma takistusteta) <br \/> Pidev paljunemisaeg <br \/> 10 tundi (mahutasemel 60%) <br \/> Laadimiseks sadam <br \/> USB-C <\/p>\n","protected":false},"excerpt":{"rendered":"<p>K\u00f5larid Xiaomi Mi Portable Bluetooth Speaker\u00a0, heas seisu- ja t\u00f6\u00f6korras! KIRJELDUS Toote m\u00f5\u00f5tmed 86 \u00d7 86 \u00d7 45 mm Bluetooth Profiilid HFP\/A2DP\/AVRCP Akumaht 2000 MAH Vesi ja tolmutakistus Ip67 Sisendvoolu parameetrid 5 in 1 a Lisafunktsioonid Kahekordse helitehnoloogia \u00fchendus Toote mass on 185 Bluetooth -versioon Bluetooth 5.0 Sidevahemik 10 m (avatud ruum ilma takistusteta) Pidev [&hellip;]<\/p>\n","protected":false},"featured_media":27971,"comment_status":"closed","ping_status":"open","template":"","meta":{"inline_featured_image":false},"product_brand":[],"product_cat":[167],"product_tag":[],"class_list":{"0":"post-27970","1":"product","2":"type-product","3":"status-publish","4":"has-post-thumbnail","6":"product_cat-kolonki","7":"pa_asukoht-mustamae","8":"pa_seisukord-ispolzovano","10":"first","11":"instock","12":"taxable","13":"shipping-taxable","14":"purchasable","15":"product-type-simple"},"_links":{"self":[{"href":"https:\/\/a-pant.ee\/ru\/wp-json\/wp\/v2\/product\/27970","targetHints":{"allow":["GET"]}}],"collection":[{"href":"https:\/\/a-pant.ee\/ru\/wp-json\/wp\/v2\/product"}],"about":[{"href":"https:\/\/a-pant.ee\/ru\/wp-json\/wp\/v2\/types\/product"}],"replies":[{"embeddable":true,"href":"https:\/\/a-pant.ee\/ru\/wp-json\/wp\/v2\/comments?post=27970"}],"wp:featuredmedia":[{"embeddable":true,"href":"https:\/\/a-pant.ee\/ru\/wp-json\/wp\/v2\/media\/27971"}],"wp:attachment":[{"href":"https:\/\/a-pant.ee\/ru\/wp-json\/wp\/v2\/media?parent=27970"}],"wp:term":[{"taxonomy":"product_brand","embeddable":true,"href":"https:\/\/a-pant.ee\/ru\/wp-json\/wp\/v2\/product_brand?post=27970"},{"taxonomy":"product_cat","embeddable":true,"href":"https:\/\/a-pant.ee\/ru\/wp-json\/wp\/v2\/product_cat?post=27970"},{"taxonomy":"product_tag","embeddable":true,"href":"https:\/\/a-pant.ee\/ru\/wp-json\/wp\/v2\/product_tag?post=27970"}],"curies":[{"name":"wp","href":"https:\/\/api.w.org\/{rel}","templated":true}]}}