{"id":27964,"date":"2026-02-04T03:39:06","date_gmt":"2026-02-04T00:39:06","guid":{"rendered":"https:\/\/a-pant.ee\/product\/ak-udarnaya-drel-shurupovert-festool-quadrive-tpc-18-4-ba\/"},"modified":"2026-02-22T12:30:46","modified_gmt":"2026-02-22T09:30:46","slug":"aku-udarnaya-drel-shurupovert-festool-quadrive-tpc-18-4-ba","status":"publish","type":"product","link":"https:\/\/a-pant.ee\/ru\/product\/aku-udarnaya-drel-shurupovert-festool-quadrive-tpc-18-4-ba\/","title":{"rendered":"\u0410\u043a\u0443 \u0443\u0434\u0430\u0440\u043d\u0430\u044f \u0434\u0440\u0435\u043b\u044c-\u0448\u0443\u0440\u0443\u043f\u043e\u0432\u0435\u0440\u0442 Festool QUADRIVE TPC 18\/4-Ba"},"content":{"rendered":"\n<p> Aku l\u00f6\u00f6ktrell-kruvikeeraja Festool QUADRIVE TPC 18\/4-Basic + laadija + kohver + 2 ostik + kaepidu + aku, heas seisu- ja t\u00f6\u00f6korras! <\/p><p> KIRJELDUS <\/p><p> Akupinge (nimipinge) 18 V <br \/> K\u00e4igud 4 <br \/> 1.\/2. k\u00e4igu t\u00fchik\u00e4igu p\u00f6\u00f6rlemissagedus 0 &#8212; 500\/0 &#8212; 800 min\u207b\u00b9 <br \/> 3.\/4. k\u00e4igu t\u00fchik\u00e4igu p\u00f6\u00f6rlemissagedus 0 &#8212; 2350\/0 &#8212; 3600 min\u207b\u00b9 <br \/> Max l\u00f6\u00f6kide kogus 57 600,00 min\u207b\u00b9 <br \/> Puurimise l\u00e4bim\u00f5\u00f5t puidus\/terases 70\/13 mm <br \/> Puurimise l\u00e4bim\u00f5\u00f5t m\u00fc\u00fcritises (tellis) 10,00 mm <br \/> P\u00f6\u00f6rdemomendi seadistus 1.\/2. k\u00e4igul 2 &#8212; 20\/2 &#8212; 20 Nm <br \/> Max p\u00f6\u00f6rdemoment puidus\/terases 50\/75 Nm <br \/> Hoidepea ulatus 1,5 &#8212; 13 mm <br \/> Toote kaal ilma tarvikuteta 1,20 kg <br \/> Transpordi kaal sh. tarvikud 4,22 kg <br \/> Mootori liik Aku <\/p>\n","protected":false},"excerpt":{"rendered":"<p>Aku l\u00f6\u00f6ktrell-kruvikeeraja Festool QUADRIVE TPC 18\/4-Basic + laadija + kohver + 2 ostik + kaepidu + aku, heas seisu- ja t\u00f6\u00f6korras! KIRJELDUS Akupinge (nimipinge) 18 V K\u00e4igud 4 1.\/2. k\u00e4igu t\u00fchik\u00e4igu p\u00f6\u00f6rlemissagedus 0 &#8212; 500\/0 &#8212; 800 min\u207b\u00b9 3.\/4. k\u00e4igu t\u00fchik\u00e4igu p\u00f6\u00f6rlemissagedus 0 &#8212; 2350\/0 &#8212; 3600 min\u207b\u00b9 Max l\u00f6\u00f6kide kogus 57 600,00 min\u207b\u00b9 Puurimise [&hellip;]<\/p>\n","protected":false},"featured_media":27965,"comment_status":"closed","ping_status":"closed","template":"","meta":{"inline_featured_image":false},"product_brand":[],"product_cat":[221],"product_tag":[],"class_list":{"0":"post-27964","1":"product","2":"type-product","3":"status-publish","4":"has-post-thumbnail","6":"product_cat-akkumulyatornye-dreli","7":"pa_asukoht-mustamae","8":"pa_seisukord-ispolzovano","10":"first","11":"outofstock","12":"taxable","13":"shipping-taxable","14":"purchasable","15":"product-type-simple"},"_links":{"self":[{"href":"https:\/\/a-pant.ee\/ru\/wp-json\/wp\/v2\/product\/27964","targetHints":{"allow":["GET"]}}],"collection":[{"href":"https:\/\/a-pant.ee\/ru\/wp-json\/wp\/v2\/product"}],"about":[{"href":"https:\/\/a-pant.ee\/ru\/wp-json\/wp\/v2\/types\/product"}],"replies":[{"embeddable":true,"href":"https:\/\/a-pant.ee\/ru\/wp-json\/wp\/v2\/comments?post=27964"}],"wp:featuredmedia":[{"embeddable":true,"href":"https:\/\/a-pant.ee\/ru\/wp-json\/wp\/v2\/media\/27965"}],"wp:attachment":[{"href":"https:\/\/a-pant.ee\/ru\/wp-json\/wp\/v2\/media?parent=27964"}],"wp:term":[{"taxonomy":"product_brand","embeddable":true,"href":"https:\/\/a-pant.ee\/ru\/wp-json\/wp\/v2\/product_brand?post=27964"},{"taxonomy":"product_cat","embeddable":true,"href":"https:\/\/a-pant.ee\/ru\/wp-json\/wp\/v2\/product_cat?post=27964"},{"taxonomy":"product_tag","embeddable":true,"href":"https:\/\/a-pant.ee\/ru\/wp-json\/wp\/v2\/product_tag?post=27964"}],"curies":[{"name":"wp","href":"https:\/\/api.w.org\/{rel}","templated":true}]}}