{"id":27944,"date":"2026-02-04T03:39:06","date_gmt":"2026-02-04T00:39:06","guid":{"rendered":"https:\/\/a-pant.ee\/product\/asus-vivobook-slate-t3300k\/"},"modified":"2026-02-22T12:30:46","modified_gmt":"2026-02-22T09:30:46","slug":"noutbuk-asus-vivobook-slate-t3300k-zaryadka-karandash","status":"publish","type":"product","link":"https:\/\/a-pant.ee\/ru\/product\/noutbuk-asus-vivobook-slate-t3300k-zaryadka-karandash\/","title":{"rendered":"\u041d\u043e\u0443\u0442\u0431\u0443\u043a Asus Vivobook Slate T3300K + \u0417\u0430\u0440\u044f\u0434\u043a\u0430 + \u041a\u0430\u0440\u0430\u043d\u0434\u0430\u0448"},"content":{"rendered":"\n<p><b> S\u00fclearvuti Asus Vivobook Slate T3300K + Laadija + Pliats <\/b> , heas seisu- ja t\u00f6\u00f6korras! <\/p><p> KIRJELDUS <\/p><p><strong> Protsessor: Intel (R) Pentium (R) Silver N6000 @1,10Ghz(4 CPUs), ~1,1Ghz <\/strong><\/p><p><strong> Operatiiv m\u00e4lu: 8 <\/strong><strong> ,0GB (8192Mb) <\/strong><\/p><p><strong> Videokaart: Intel \u00ae HD UHD Graphics (4479MB) <\/strong><\/p><p><strong> K\u00f5vakettas: WDC PC SN530 SDBPTPZ-256g <\/strong><strong> SSD 256GB <\/strong><\/p><p><strong> Windows: 11 Home 64 bit <\/strong><\/p><p><strong> Display: <\/strong><strong> 13.3 &#171;, OLED, Touchscreen, FHD, 1920 x 1080 <\/strong><strong> \u00a0 <\/strong><\/p>\n","protected":false},"excerpt":{"rendered":"<p>S\u00fclearvuti Asus Vivobook Slate T3300K + Laadija + Pliats , heas seisu- ja t\u00f6\u00f6korras! KIRJELDUS Protsessor: Intel (R) Pentium (R) Silver N6000 @1,10Ghz(4 CPUs), ~1,1Ghz Operatiiv m\u00e4lu: 8 ,0GB (8192Mb) Videokaart: Intel \u00ae HD UHD Graphics (4479MB) K\u00f5vakettas: WDC PC SN530 SDBPTPZ-256g SSD 256GB Windows: 11 Home 64 bit Display: 13.3 &#171;, OLED, Touchscreen, FHD, [&hellip;]<\/p>\n","protected":false},"featured_media":27945,"comment_status":"closed","ping_status":"open","template":"","meta":{"inline_featured_image":false},"product_brand":[],"product_cat":[179],"product_tag":[],"class_list":{"0":"post-27944","1":"product","2":"type-product","3":"status-publish","4":"has-post-thumbnail","6":"product_cat-noutbuki","7":"pa_asukoht-lasnamae","8":"pa_seisukord-ispolzovano","10":"first","11":"instock","12":"taxable","13":"shipping-taxable","14":"purchasable","15":"product-type-simple"},"_links":{"self":[{"href":"https:\/\/a-pant.ee\/ru\/wp-json\/wp\/v2\/product\/27944","targetHints":{"allow":["GET"]}}],"collection":[{"href":"https:\/\/a-pant.ee\/ru\/wp-json\/wp\/v2\/product"}],"about":[{"href":"https:\/\/a-pant.ee\/ru\/wp-json\/wp\/v2\/types\/product"}],"replies":[{"embeddable":true,"href":"https:\/\/a-pant.ee\/ru\/wp-json\/wp\/v2\/comments?post=27944"}],"wp:featuredmedia":[{"embeddable":true,"href":"https:\/\/a-pant.ee\/ru\/wp-json\/wp\/v2\/media\/27945"}],"wp:attachment":[{"href":"https:\/\/a-pant.ee\/ru\/wp-json\/wp\/v2\/media?parent=27944"}],"wp:term":[{"taxonomy":"product_brand","embeddable":true,"href":"https:\/\/a-pant.ee\/ru\/wp-json\/wp\/v2\/product_brand?post=27944"},{"taxonomy":"product_cat","embeddable":true,"href":"https:\/\/a-pant.ee\/ru\/wp-json\/wp\/v2\/product_cat?post=27944"},{"taxonomy":"product_tag","embeddable":true,"href":"https:\/\/a-pant.ee\/ru\/wp-json\/wp\/v2\/product_tag?post=27944"}],"curies":[{"name":"wp","href":"https:\/\/api.w.org\/{rel}","templated":true}]}}