{"id":27913,"date":"2026-02-04T03:35:26","date_gmt":"2026-02-04T00:35:26","guid":{"rendered":"https:\/\/a-pant.ee\/product\/lazernyy-nivelir-dewalt-dce089g-chemodan\/"},"modified":"2026-02-22T12:30:50","modified_gmt":"2026-02-22T09:30:50","slug":"lazernyj-nivelir-dewalt-dce089g-2ah","status":"publish","type":"product","link":"https:\/\/a-pant.ee\/ru\/product\/lazernyj-nivelir-dewalt-dce089g-2ah\/","title":{"rendered":"\u041b\u0430\u0437\u0435\u0440\u043d\u044b\u0439 \u043d\u0438\u0432\u0435\u043b\u0438\u0440 DeWalt DCE089G + 2ah"},"content":{"rendered":"\n<p> Laaser nivelir DeWalt DCE089G + kohver\u00a0, heas seisu- ja t\u00f6\u00f6korras! <\/p><p> KIRJELDUS <\/p><p> Pinge: 10.8V \/ 12V <\/p><p> T\u00e4psus: \u00b13 mm 10 m kaugusel <\/p><p> T\u00f6\u00f6ulatus: 30 m (kuni 60 m detektoriga) <\/p><p> Laseriklass: 2 <\/p><p> Kiirte arv: 3 <\/p><p> Kiirte suund: horisontaalne ja vertikaalne (H\/V) <\/p><p> Isetasanduv ulatus: 4\u00b0 <\/p><p> Kaal (koos akuga): 4.35 kg <\/p><p> M\u00f5\u00f5dud: 450 mm (laius) x 317 mm (pikkus) x 155 mm (k\u00f5rgus) <\/p><p> Aku t\u00fc\u00fcp: liitium-ioon, 2.0 Ah <\/p><p> Omadused: <\/p><p> Kolm 360\u00b0 isetasanduvat joont <\/p><p> T\u00e4ielik impulssre\u017eiim t\u00f6\u00f6ks detektoriga <\/p><p> Muudetav vilkumisj\u00e4rjestus k\u00e4sitsi re\u017eiimi jaoks <\/p><p> IP65 kaitse, talub kukkumisi kuni 2 m k\u00f5rguselt <\/p><p> Magnetiline p\u00f6\u00f6rdalus keermestusega \u00bc\u201d <\/p><p> Pendli lukustusfunktsioon sisemiste komponentide kaitsmiseks <\/p>\n","protected":false},"excerpt":{"rendered":"<p>Laaser nivelir DeWalt DCE089G + kohver\u00a0, heas seisu- ja t\u00f6\u00f6korras! KIRJELDUS Pinge: 10.8V \/ 12V T\u00e4psus: \u00b13 mm 10 m kaugusel T\u00f6\u00f6ulatus: 30 m (kuni 60 m detektoriga) Laseriklass: 2 Kiirte arv: 3 Kiirte suund: horisontaalne ja vertikaalne (H\/V) Isetasanduv ulatus: 4\u00b0 Kaal (koos akuga): 4.35 kg M\u00f5\u00f5dud: 450 mm (laius) x 317 mm (pikkus) [&hellip;]<\/p>\n","protected":false},"featured_media":27914,"comment_status":"closed","ping_status":"open","template":"","meta":{"inline_featured_image":false},"product_brand":[],"product_cat":[232],"product_tag":[],"class_list":{"0":"post-27913","1":"product","2":"type-product","3":"status-publish","4":"has-post-thumbnail","6":"product_cat-lazernye-niveliry","7":"pa_asukoht-lasnamae","8":"pa_seisukord-ispolzovano","10":"first","11":"instock","12":"taxable","13":"shipping-taxable","14":"purchasable","15":"product-type-simple"},"_links":{"self":[{"href":"https:\/\/a-pant.ee\/ru\/wp-json\/wp\/v2\/product\/27913","targetHints":{"allow":["GET"]}}],"collection":[{"href":"https:\/\/a-pant.ee\/ru\/wp-json\/wp\/v2\/product"}],"about":[{"href":"https:\/\/a-pant.ee\/ru\/wp-json\/wp\/v2\/types\/product"}],"replies":[{"embeddable":true,"href":"https:\/\/a-pant.ee\/ru\/wp-json\/wp\/v2\/comments?post=27913"}],"wp:featuredmedia":[{"embeddable":true,"href":"https:\/\/a-pant.ee\/ru\/wp-json\/wp\/v2\/media\/27914"}],"wp:attachment":[{"href":"https:\/\/a-pant.ee\/ru\/wp-json\/wp\/v2\/media?parent=27913"}],"wp:term":[{"taxonomy":"product_brand","embeddable":true,"href":"https:\/\/a-pant.ee\/ru\/wp-json\/wp\/v2\/product_brand?post=27913"},{"taxonomy":"product_cat","embeddable":true,"href":"https:\/\/a-pant.ee\/ru\/wp-json\/wp\/v2\/product_cat?post=27913"},{"taxonomy":"product_tag","embeddable":true,"href":"https:\/\/a-pant.ee\/ru\/wp-json\/wp\/v2\/product_tag?post=27913"}],"curies":[{"name":"wp","href":"https:\/\/api.w.org\/{rel}","templated":true}]}}