{"id":27907,"date":"2026-02-04T03:35:26","date_gmt":"2026-02-04T00:35:26","guid":{"rendered":"https:\/\/a-pant.ee\/product\/bolgarka-milwaukee-m18-fsag125x\/"},"modified":"2026-02-22T12:30:50","modified_gmt":"2026-02-22T09:30:50","slug":"bolgarka-milwaukee-m18-fsag125x-akb-zaryadka","status":"publish","type":"product","link":"https:\/\/a-pant.ee\/ru\/product\/bolgarka-milwaukee-m18-fsag125x-akb-zaryadka\/","title":{"rendered":"\u0411\u043e\u043b\u0433\u0430\u0440\u043a\u0430 Milwaukee M18 FSAG125x + AK\u0411 + \u0417\u0430\u0440\u044f\u0434\u043a\u0430"},"content":{"rendered":"\n<p> Akurelakas Milwaukee M18 FSAG125x + AKU + Laadija, heas seisu- ja t\u00f6\u00f6korras! <\/p><p> KIRJELDUS <\/p><ul><li> Mootor: harjadeta POWERSTATE\u2122, mis tagab k\u00f5rge v\u00f5imsuse ja pika t\u00f6\u00f6ea. <\/li><li> Aku: \u00fchilduvus Milwaukee M18\u2122 akudega. <\/li><li> Elektroonikas\u00fcsteem: REDLINK PLUS\u2122 \u00fclekoormuse kaitseks ja t\u00f6\u00f6 optimeerimiseks. <\/li><li> Ketta l\u00e4bim\u00f5\u00f5t: 125 mm. <\/li><li> P\u00f6\u00f6rlemiskiirus: kuni 8 500 p\/min. <\/li><li> K\u00e4epide: p\u00f6\u00f6ratav, kolme asendiga paigaldusv\u00f5imalusega t\u00f6\u00f6 mugavuse tagamiseks. <\/li><li> Tolmukaitse: parandatud konstruktsioon sisekomponentide kaitseks. <\/li><li> Kaal: umbes 2,3 kg (ilma akuta). <\/li><\/ul>\n","protected":false},"excerpt":{"rendered":"<p>Akurelakas Milwaukee M18 FSAG125x + AKU + Laadija, heas seisu- ja t\u00f6\u00f6korras! KIRJELDUS Mootor: harjadeta POWERSTATE\u2122, mis tagab k\u00f5rge v\u00f5imsuse ja pika t\u00f6\u00f6ea. Aku: \u00fchilduvus Milwaukee M18\u2122 akudega. Elektroonikas\u00fcsteem: REDLINK PLUS\u2122 \u00fclekoormuse kaitseks ja t\u00f6\u00f6 optimeerimiseks. Ketta l\u00e4bim\u00f5\u00f5t: 125 mm. P\u00f6\u00f6rlemiskiirus: kuni 8 500 p\/min. K\u00e4epide: p\u00f6\u00f6ratav, kolme asendiga paigaldusv\u00f5imalusega t\u00f6\u00f6 mugavuse tagamiseks. Tolmukaitse: parandatud [&hellip;]<\/p>\n","protected":false},"featured_media":27908,"comment_status":"closed","ping_status":"open","template":"","meta":{"inline_featured_image":false},"product_brand":[],"product_cat":[235],"product_tag":[],"class_list":{"0":"post-27907","1":"product","2":"type-product","3":"status-publish","4":"has-post-thumbnail","6":"product_cat-bolgarki","7":"pa_asukoht-mustamae","8":"pa_seisukord-ispolzovano","10":"first","11":"instock","12":"taxable","13":"shipping-taxable","14":"purchasable","15":"product-type-simple"},"_links":{"self":[{"href":"https:\/\/a-pant.ee\/ru\/wp-json\/wp\/v2\/product\/27907","targetHints":{"allow":["GET"]}}],"collection":[{"href":"https:\/\/a-pant.ee\/ru\/wp-json\/wp\/v2\/product"}],"about":[{"href":"https:\/\/a-pant.ee\/ru\/wp-json\/wp\/v2\/types\/product"}],"replies":[{"embeddable":true,"href":"https:\/\/a-pant.ee\/ru\/wp-json\/wp\/v2\/comments?post=27907"}],"wp:featuredmedia":[{"embeddable":true,"href":"https:\/\/a-pant.ee\/ru\/wp-json\/wp\/v2\/media\/27908"}],"wp:attachment":[{"href":"https:\/\/a-pant.ee\/ru\/wp-json\/wp\/v2\/media?parent=27907"}],"wp:term":[{"taxonomy":"product_brand","embeddable":true,"href":"https:\/\/a-pant.ee\/ru\/wp-json\/wp\/v2\/product_brand?post=27907"},{"taxonomy":"product_cat","embeddable":true,"href":"https:\/\/a-pant.ee\/ru\/wp-json\/wp\/v2\/product_cat?post=27907"},{"taxonomy":"product_tag","embeddable":true,"href":"https:\/\/a-pant.ee\/ru\/wp-json\/wp\/v2\/product_tag?post=27907"}],"curies":[{"name":"wp","href":"https:\/\/api.w.org\/{rel}","templated":true}]}}