{"id":27890,"date":"2026-02-04T03:35:26","date_gmt":"2026-02-04T00:35:26","guid":{"rendered":"https:\/\/a-pant.ee\/product\/zerkalnaya-fotokamera-nikon-d3100-18-55mm\/"},"modified":"2026-02-22T12:30:50","modified_gmt":"2026-02-22T09:30:50","slug":"zerkalnaya-fotokamera-nikon-d3100-18-55mm-zaryadka","status":"publish","type":"product","link":"https:\/\/a-pant.ee\/ru\/product\/zerkalnaya-fotokamera-nikon-d3100-18-55mm-zaryadka\/","title":{"rendered":"\u0417\u0435\u0440\u043a\u0430\u043b\u044c\u043d\u0430\u044f \u0444\u043e\u0442\u043e\u043a\u0430\u043c\u0435\u0440\u0430 Nikon D3100  18-55mm+ \u0417\u0430\u0440\u044f\u0434\u043a\u0430"},"content":{"rendered":"\n<p><strong> Peegelkaamera Peegelkaamera Nikon D3100 18-55mm, + Laadija <\/strong> , heas seisu- ja t\u00f6\u00f6korras! <\/p><p> KIRJELDUS <\/p><p> Maatriks: 14,2 MP (efektiivne), 14,8 MP (tavaline), CMOS, p\u00f5llukultuuritegur 1.5. <br \/> ISO tundlikkus: 100-3200, saab laiendada kuni12800. <br \/> V\u00e4ljaanne vahemik: 30-1\/4000 s <br \/> Bayonet: Nikon F. <br \/> Ekraan: 3 &#171;, TFT, 230 000 punkti <\/p>\n","protected":false},"excerpt":{"rendered":"<p>Peegelkaamera Peegelkaamera Nikon D3100 18-55mm, + Laadija , heas seisu- ja t\u00f6\u00f6korras! KIRJELDUS Maatriks: 14,2 MP (efektiivne), 14,8 MP (tavaline), CMOS, p\u00f5llukultuuritegur 1.5. ISO tundlikkus: 100-3200, saab laiendada kuni12800. V\u00e4ljaanne vahemik: 30-1\/4000 s Bayonet: Nikon F. Ekraan: 3 &#171;, TFT, 230 000 punkti<\/p>\n","protected":false},"featured_media":27891,"comment_status":"closed","ping_status":"open","template":"","meta":{"inline_featured_image":false},"product_brand":[],"product_cat":[163],"product_tag":[],"class_list":{"0":"post-27890","1":"product","2":"type-product","3":"status-publish","4":"has-post-thumbnail","6":"product_cat-fototehnika","7":"pa_asukoht-lasnamae","8":"pa_seisukord-ispolzovano","10":"first","11":"instock","12":"taxable","13":"shipping-taxable","14":"purchasable","15":"product-type-simple"},"_links":{"self":[{"href":"https:\/\/a-pant.ee\/ru\/wp-json\/wp\/v2\/product\/27890","targetHints":{"allow":["GET"]}}],"collection":[{"href":"https:\/\/a-pant.ee\/ru\/wp-json\/wp\/v2\/product"}],"about":[{"href":"https:\/\/a-pant.ee\/ru\/wp-json\/wp\/v2\/types\/product"}],"replies":[{"embeddable":true,"href":"https:\/\/a-pant.ee\/ru\/wp-json\/wp\/v2\/comments?post=27890"}],"wp:featuredmedia":[{"embeddable":true,"href":"https:\/\/a-pant.ee\/ru\/wp-json\/wp\/v2\/media\/27891"}],"wp:attachment":[{"href":"https:\/\/a-pant.ee\/ru\/wp-json\/wp\/v2\/media?parent=27890"}],"wp:term":[{"taxonomy":"product_brand","embeddable":true,"href":"https:\/\/a-pant.ee\/ru\/wp-json\/wp\/v2\/product_brand?post=27890"},{"taxonomy":"product_cat","embeddable":true,"href":"https:\/\/a-pant.ee\/ru\/wp-json\/wp\/v2\/product_cat?post=27890"},{"taxonomy":"product_tag","embeddable":true,"href":"https:\/\/a-pant.ee\/ru\/wp-json\/wp\/v2\/product_tag?post=27890"}],"curies":[{"name":"wp","href":"https:\/\/api.w.org\/{rel}","templated":true}]}}