{"id":27877,"date":"2026-02-04T03:35:26","date_gmt":"2026-02-04T00:35:26","guid":{"rendered":"https:\/\/a-pant.ee\/product\/sony-soundbar-ht-ct291-bez-sabvufera\/"},"modified":"2026-02-22T12:30:50","modified_gmt":"2026-02-22T09:30:50","slug":"soundbar-sistema-sony-soundbar-ht-ct291-bez-sabufera","status":"publish","type":"product","link":"https:\/\/a-pant.ee\/ru\/product\/soundbar-sistema-sony-soundbar-ht-ct291-bez-sabufera\/","title":{"rendered":"Soundbar \u0441\u0438\u0441\u0442\u0435\u043c\u0430 Sony Soundbar HT-CT291 \u0431\u0435\u0437 \u0441\u0430\u0431\u0443\u0444\u0435\u0440\u0430"},"content":{"rendered":"\n<p> Soundbar s\u00fcsteem Sony Soundbar HT-CT291 ilma subwoofer + pult\u00a0heas seisu- ja t\u00f6\u00f6korras! <\/p><p> Kodukino t\u00fc\u00fcp <\/p><p> helipaneel <br \/> Akustilise s\u00fcsteemi formaat <br \/> 2.1 <br \/> Kogu heliv\u00f5imsus <br \/> 300 W <br \/> Toetatud vormingud <br \/> MKV, MPEG4, VCD, MP3, JPEG <br \/> Heli dekodeerimise vormingud <br \/> Dolby Digital <br \/> Audio-video v\u00e4ljundid <br \/> HDMI (ARC), USB, digitaalne optiline <\/p>\n","protected":false},"excerpt":{"rendered":"<p>Soundbar s\u00fcsteem Sony Soundbar HT-CT291 ilma subwoofer + pult\u00a0heas seisu- ja t\u00f6\u00f6korras! Kodukino t\u00fc\u00fcp helipaneel Akustilise s\u00fcsteemi formaat 2.1 Kogu heliv\u00f5imsus 300 W Toetatud vormingud MKV, MPEG4, VCD, MP3, JPEG Heli dekodeerimise vormingud Dolby Digital Audio-video v\u00e4ljundid HDMI (ARC), USB, digitaalne optiline<\/p>\n","protected":false},"featured_media":27878,"comment_status":"closed","ping_status":"open","template":"","meta":{"inline_featured_image":false},"product_brand":[],"product_cat":[167],"product_tag":[],"class_list":{"0":"post-27877","1":"product","2":"type-product","3":"status-publish","4":"has-post-thumbnail","6":"product_cat-kolonki","7":"pa_asukoht-mustamae","8":"pa_seisukord-ispolzovano","10":"first","11":"instock","12":"taxable","13":"shipping-taxable","14":"purchasable","15":"product-type-simple"},"_links":{"self":[{"href":"https:\/\/a-pant.ee\/ru\/wp-json\/wp\/v2\/product\/27877","targetHints":{"allow":["GET"]}}],"collection":[{"href":"https:\/\/a-pant.ee\/ru\/wp-json\/wp\/v2\/product"}],"about":[{"href":"https:\/\/a-pant.ee\/ru\/wp-json\/wp\/v2\/types\/product"}],"replies":[{"embeddable":true,"href":"https:\/\/a-pant.ee\/ru\/wp-json\/wp\/v2\/comments?post=27877"}],"wp:featuredmedia":[{"embeddable":true,"href":"https:\/\/a-pant.ee\/ru\/wp-json\/wp\/v2\/media\/27878"}],"wp:attachment":[{"href":"https:\/\/a-pant.ee\/ru\/wp-json\/wp\/v2\/media?parent=27877"}],"wp:term":[{"taxonomy":"product_brand","embeddable":true,"href":"https:\/\/a-pant.ee\/ru\/wp-json\/wp\/v2\/product_brand?post=27877"},{"taxonomy":"product_cat","embeddable":true,"href":"https:\/\/a-pant.ee\/ru\/wp-json\/wp\/v2\/product_cat?post=27877"},{"taxonomy":"product_tag","embeddable":true,"href":"https:\/\/a-pant.ee\/ru\/wp-json\/wp\/v2\/product_tag?post=27877"}],"curies":[{"name":"wp","href":"https:\/\/api.w.org\/{rel}","templated":true}]}}