{"id":27871,"date":"2026-02-04T03:35:26","date_gmt":"2026-02-04T00:35:26","guid":{"rendered":"https:\/\/a-pant.ee\/product\/udarnyy-shurupovert-makita-btd142\/"},"modified":"2026-02-22T12:30:50","modified_gmt":"2026-02-22T09:30:50","slug":"udarnyj-shurupovert-makita-btd142-aku-4-0ah","status":"publish","type":"product","link":"https:\/\/a-pant.ee\/ru\/product\/udarnyj-shurupovert-makita-btd142-aku-4-0ah\/","title":{"rendered":"\u0423\u0434\u0430\u0440\u043d\u044b\u0439 \u0428\u0443\u0440\u0443\u043f\u043e\u0432\u0435\u0440\u0442 Makita BTD142 + \u0410\u043a\u0443 4.0Ah"},"content":{"rendered":"\n<p> Akutrell Makita BTD142 + 4ah\u00a0heas seisu- ja t\u00f6\u00f6korras! <\/p><p> Max p\u00f6\u00f6rdemoment, nm 145 <\/p><p> K\u00e4ive 0-2300 <br \/> Liik kassett 1\/4 &#171;kuusnurk <br \/> Kinnitus suurus M5-M14 <\/p>\n","protected":false},"excerpt":{"rendered":"<p>Akutrell Makita BTD142 + 4ah\u00a0heas seisu- ja t\u00f6\u00f6korras! Max p\u00f6\u00f6rdemoment, nm 145 K\u00e4ive 0-2300 Liik kassett 1\/4 &#171;kuusnurk Kinnitus suurus M5-M14<\/p>\n","protected":false},"featured_media":27872,"comment_status":"closed","ping_status":"open","template":"","meta":{"inline_featured_image":false},"product_brand":[],"product_cat":[221],"product_tag":[],"class_list":{"0":"post-27871","1":"product","2":"type-product","3":"status-publish","4":"has-post-thumbnail","6":"product_cat-akkumulyatornye-dreli","7":"pa_asukoht-mustamae","8":"pa_seisukord-ispolzovano","10":"first","11":"instock","12":"taxable","13":"shipping-taxable","14":"purchasable","15":"product-type-simple"},"_links":{"self":[{"href":"https:\/\/a-pant.ee\/ru\/wp-json\/wp\/v2\/product\/27871","targetHints":{"allow":["GET"]}}],"collection":[{"href":"https:\/\/a-pant.ee\/ru\/wp-json\/wp\/v2\/product"}],"about":[{"href":"https:\/\/a-pant.ee\/ru\/wp-json\/wp\/v2\/types\/product"}],"replies":[{"embeddable":true,"href":"https:\/\/a-pant.ee\/ru\/wp-json\/wp\/v2\/comments?post=27871"}],"wp:featuredmedia":[{"embeddable":true,"href":"https:\/\/a-pant.ee\/ru\/wp-json\/wp\/v2\/media\/27872"}],"wp:attachment":[{"href":"https:\/\/a-pant.ee\/ru\/wp-json\/wp\/v2\/media?parent=27871"}],"wp:term":[{"taxonomy":"product_brand","embeddable":true,"href":"https:\/\/a-pant.ee\/ru\/wp-json\/wp\/v2\/product_brand?post=27871"},{"taxonomy":"product_cat","embeddable":true,"href":"https:\/\/a-pant.ee\/ru\/wp-json\/wp\/v2\/product_cat?post=27871"},{"taxonomy":"product_tag","embeddable":true,"href":"https:\/\/a-pant.ee\/ru\/wp-json\/wp\/v2\/product_tag?post=27871"}],"curies":[{"name":"wp","href":"https:\/\/api.w.org\/{rel}","templated":true}]}}