{"id":27858,"date":"2026-02-04T03:35:26","date_gmt":"2026-02-04T00:35:26","guid":{"rendered":"https:\/\/a-pant.ee\/product\/oneplus-nord-ce-3-lite-5g-8-128gb\/"},"modified":"2026-02-22T12:30:49","modified_gmt":"2026-02-22T09:30:49","slug":"mobilnyj-telefon-oneplus-nord-ce-3-lite-5g-8-128gb","status":"publish","type":"product","link":"https:\/\/a-pant.ee\/ru\/product\/mobilnyj-telefon-oneplus-nord-ce-3-lite-5g-8-128gb\/","title":{"rendered":"M\u043e\u0431\u0438\u043b\u044c\u043d\u044b\u0439 \u0442\u0435\u043b\u0435\u0444\u043e\u043d OnePlus Nord CE 3 Lite 5G, 8+128GB"},"content":{"rendered":"\n<p> Mobiiltelefon OnePlus Nord CE 3 Lite 5G, 8+128GB\u00a0, heas seisu- ja t\u00f6\u00f6korras! <\/p><p> KIRJELDUS <\/p><p> Op. s\u00fcsteem Android <br \/> Ekraan 6.72&#8243; <br \/> Protsessor 2&#215;2.2GHz 6&#215;1.7GHz Octa Core <br \/> Sisem\u00e4lu 128GB <br \/> Vahem\u00e4lu (RAM) 8GB <br \/> M\u00e4lukaart Jah <br \/> Kaamera Triple 108MP\/2MP\/2MP <br \/> V\u00f5rgud 2G\/3G\/4G\/5G <br \/> WLAN (Wi-Fi) Jah, hotspot <br \/> Bluetooth Jah <br \/> GPS Jah <br \/> NFC Jah <br \/> SIM kaart Nano SIM, Dual SIM <\/p>\n","protected":false},"excerpt":{"rendered":"<p>Mobiiltelefon OnePlus Nord CE 3 Lite 5G, 8+128GB\u00a0, heas seisu- ja t\u00f6\u00f6korras! KIRJELDUS Op. s\u00fcsteem Android Ekraan 6.72&#8243; Protsessor 2&#215;2.2GHz 6&#215;1.7GHz Octa Core Sisem\u00e4lu 128GB Vahem\u00e4lu (RAM) 8GB M\u00e4lukaart Jah Kaamera Triple 108MP\/2MP\/2MP V\u00f5rgud 2G\/3G\/4G\/5G WLAN (Wi-Fi) Jah, hotspot Bluetooth Jah GPS Jah NFC Jah SIM kaart Nano SIM, Dual SIM<\/p>\n","protected":false},"featured_media":27859,"comment_status":"closed","ping_status":"open","template":"","meta":{"inline_featured_image":false},"product_brand":[],"product_cat":[171],"product_tag":[],"class_list":{"0":"post-27858","1":"product","2":"type-product","3":"status-publish","4":"has-post-thumbnail","6":"product_cat-mobilnye-telefony","7":"pa_asukoht-lasnamae","8":"pa_seisukord-ispolzovano","10":"first","11":"instock","12":"taxable","13":"shipping-taxable","14":"purchasable","15":"product-type-simple"},"_links":{"self":[{"href":"https:\/\/a-pant.ee\/ru\/wp-json\/wp\/v2\/product\/27858","targetHints":{"allow":["GET"]}}],"collection":[{"href":"https:\/\/a-pant.ee\/ru\/wp-json\/wp\/v2\/product"}],"about":[{"href":"https:\/\/a-pant.ee\/ru\/wp-json\/wp\/v2\/types\/product"}],"replies":[{"embeddable":true,"href":"https:\/\/a-pant.ee\/ru\/wp-json\/wp\/v2\/comments?post=27858"}],"wp:featuredmedia":[{"embeddable":true,"href":"https:\/\/a-pant.ee\/ru\/wp-json\/wp\/v2\/media\/27859"}],"wp:attachment":[{"href":"https:\/\/a-pant.ee\/ru\/wp-json\/wp\/v2\/media?parent=27858"}],"wp:term":[{"taxonomy":"product_brand","embeddable":true,"href":"https:\/\/a-pant.ee\/ru\/wp-json\/wp\/v2\/product_brand?post=27858"},{"taxonomy":"product_cat","embeddable":true,"href":"https:\/\/a-pant.ee\/ru\/wp-json\/wp\/v2\/product_cat?post=27858"},{"taxonomy":"product_tag","embeddable":true,"href":"https:\/\/a-pant.ee\/ru\/wp-json\/wp\/v2\/product_tag?post=27858"}],"curies":[{"name":"wp","href":"https:\/\/api.w.org\/{rel}","templated":true}]}}