{"id":27840,"date":"2026-02-04T03:35:26","date_gmt":"2026-02-04T00:35:26","guid":{"rendered":"https:\/\/a-pant.ee\/product\/smartfon-redmi-note-12-128gb-4gb\/"},"modified":"2026-02-22T12:30:49","modified_gmt":"2026-02-22T09:30:49","slug":"smartfon-redmi-note-12-128gb-4gb","status":"publish","type":"product","link":"https:\/\/a-pant.ee\/ru\/product\/smartfon-redmi-note-12-128gb-4gb\/","title":{"rendered":"\u0421\u043c\u0430\u0440\u0442\u0444\u043e\u043d Redmi Note 12 128gb\/4gb"},"content":{"rendered":"\n<p> Nutitelefon Redmi Note 12 128gb\/4gb\u00a0Kaamera klaasil on kriimustus, heas seisu- ja t\u00f6\u00f6korras! <\/p><p> KIRJELDUS <\/p><p> Suur 6,67-tolline ekraan FHD+ AMOLED 120 Hz. <br \/> P\u00f5hikaamera on 50 MP + Super-RODE 8 MP + Macramarama 2 MP ja isekaamera 13-megapiksline. <br \/> Kaheksatuumaline 6-nm protsessor Snapdragon 685. <br \/> Mahukas aku 5000 mAh jaoks. <br \/> Kiire laadimine 33 vatti. <\/p>\n","protected":false},"excerpt":{"rendered":"<p>Nutitelefon Redmi Note 12 128gb\/4gb\u00a0Kaamera klaasil on kriimustus, heas seisu- ja t\u00f6\u00f6korras! KIRJELDUS Suur 6,67-tolline ekraan FHD+ AMOLED 120 Hz. P\u00f5hikaamera on 50 MP + Super-RODE 8 MP + Macramarama 2 MP ja isekaamera 13-megapiksline. Kaheksatuumaline 6-nm protsessor Snapdragon 685. Mahukas aku 5000 mAh jaoks. Kiire laadimine 33 vatti.<\/p>\n","protected":false},"featured_media":27841,"comment_status":"closed","ping_status":"open","template":"","meta":{"inline_featured_image":false},"product_brand":[],"product_cat":[171],"product_tag":[],"class_list":{"0":"post-27840","1":"product","2":"type-product","3":"status-publish","4":"has-post-thumbnail","6":"product_cat-mobilnye-telefony","7":"pa_asukoht-lasnamae","8":"pa_seisukord-ispolzovano","10":"first","11":"instock","12":"taxable","13":"shipping-taxable","14":"purchasable","15":"product-type-simple"},"_links":{"self":[{"href":"https:\/\/a-pant.ee\/ru\/wp-json\/wp\/v2\/product\/27840","targetHints":{"allow":["GET"]}}],"collection":[{"href":"https:\/\/a-pant.ee\/ru\/wp-json\/wp\/v2\/product"}],"about":[{"href":"https:\/\/a-pant.ee\/ru\/wp-json\/wp\/v2\/types\/product"}],"replies":[{"embeddable":true,"href":"https:\/\/a-pant.ee\/ru\/wp-json\/wp\/v2\/comments?post=27840"}],"wp:featuredmedia":[{"embeddable":true,"href":"https:\/\/a-pant.ee\/ru\/wp-json\/wp\/v2\/media\/27841"}],"wp:attachment":[{"href":"https:\/\/a-pant.ee\/ru\/wp-json\/wp\/v2\/media?parent=27840"}],"wp:term":[{"taxonomy":"product_brand","embeddable":true,"href":"https:\/\/a-pant.ee\/ru\/wp-json\/wp\/v2\/product_brand?post=27840"},{"taxonomy":"product_cat","embeddable":true,"href":"https:\/\/a-pant.ee\/ru\/wp-json\/wp\/v2\/product_cat?post=27840"},{"taxonomy":"product_tag","embeddable":true,"href":"https:\/\/a-pant.ee\/ru\/wp-json\/wp\/v2\/product_tag?post=27840"}],"curies":[{"name":"wp","href":"https:\/\/api.w.org\/{rel}","templated":true}]}}