{"id":27834,"date":"2026-02-04T03:35:26","date_gmt":"2026-02-04T00:35:26","guid":{"rendered":"https:\/\/a-pant.ee\/product\/telefon-realme-6-128-gb\/"},"modified":"2026-02-22T12:30:49","modified_gmt":"2026-02-22T09:30:49","slug":"telefon-realme-6-128-gb","status":"publish","type":"product","link":"https:\/\/a-pant.ee\/ru\/product\/telefon-realme-6-128-gb\/","title":{"rendered":"\u0422\u0435\u043b\u0435\u0444\u043e\u043d Realme 6 128 GB"},"content":{"rendered":"\n<p> Mobiiltelefon Realme 6, 128 GB, sinine ,\u00a0, heas seisu- ja t\u00f6\u00f6korras! <\/p><p> KIRJELDUS <\/p><p> Kaubam\u00e4rk <br \/> Valdkond <br \/> Kauba v\u00e4rv <br \/> Sinine komeet <br \/> OS -i versioon m\u00fc\u00fcgi alguses <br \/> Android 10 <br \/> Juhtumi t\u00fc\u00fcp <br \/> klassikaline <br \/> Korpuse materjal <br \/> plast <br \/> SIM -kaartide arv <br \/> Kahekordne nano sim <br \/> Kaal <br \/> 191 <br \/> M\u00f5\u00f5dud (SKVXT) <br \/> 74,8&#215;162.1&#215;9,6 mm <\/p><p> Ekraan <br \/> V\u00e4ljapanek <br \/> 6,5 &#171;(2400&#215;1080), Full HD, IPS <br \/> Ekraani omadused <br \/> L\u00f5ika ekraanil, puutetundlik ekraan, klaasist klaas, v\u00e4rvi ekraan <br \/> Pikslite arv tolli kohta (PPI) <br \/> 405 <br \/> Ekraani v\u00e4rskenduse sagedus <br \/> 90 Hz <\/p><p> Multimeediumiv\u00f5imalused <br \/> Kaamera funktsioonid <br \/> Autofookus, p\u00f5hikaamera, tagumine v\u00e4lk, esikaamera <br \/> Peamiste (tagumiste) kaamerate arv <br \/> 4 <br \/> P\u00f5hikaamera eraldusv\u00f5ime <br \/> 64 MP <br \/> P\u00f5hikaamera omadused <br \/> Lai -nurk, f\/1,8 <br \/> P\u00f5hikaamera omadused 2 <br \/> Super &#8212; -king -nurk, 8 MP, f\/2,3 <br \/> P\u00f5hikaamera omadused 3 <br \/> Makro, 2 MP, f\/2,4 <br \/> P\u00f5hikaamera omadused 4 <br \/> 2 MP, f\/2,4 <br \/> P\u00f5hikaamera omadused 5 <br \/> F\/2.4 <br \/> Max. videore\u017eiimis <br \/> 3840&#215;2160 <br \/> Video pildistamine (p\u00f5hikaamera) <br \/> T\u00e4ieliku HD -video kirjutamine: 60 f\/c, video 4k: 30 f\/c, max. Personali sagedus: 120 c\/s <br \/> Esiohu eraldusv\u00f5ime <br \/> 16 MP <br \/> \u00dcleujutus <br \/> Mini Jack 3,5 mm <\/p><p> \u00dchendus <br \/> Suhtlusstandard <br \/> 3G, 4G LTE <br \/> Traadita liidesed <br \/> Bluetooth, NFC, Wi-Fi, 3,5 mm, USB Type-C <br \/> Wi-Fi standard <br \/> 802.11ac <br \/> Bluetooth -standard <br \/> 5,0 <br \/> Geopoliitiline <br \/> A-GPS, Beidou, GPS, Galileo, QZSS, Glonass, Beidou, A-GPS, Glonass, GPS <br \/> NFC tugi <br \/> On <\/p><p> M\u00e4lu ja protsessor <br \/> Protsessor <br \/> MediaTek Helio G90T <br \/> Protsessori omadused <br \/> Sagedus: 2050 MHz; Tuumade arv: 8; 2&#215;2.05 GHC Cortex-A76, 6&#215;2,0 GHC Cortex-A55; Videoprotsessor: MALI-G76 MC4 <br \/> Ehitatud m\u00e4lu <br \/> 128 GB <br \/> Ramm <br \/> 4 GB <br \/> M\u00e4lukaardi pesa <br \/> On <\/p><p> Toitumine <br \/> Akumaht <br \/> 4300 MAHH <br \/> Ooteaeg <br \/> 672 tundi <br \/> Tasumisaeg <br \/> 55 min <br \/> Laadimispistiku t\u00fc\u00fcp <br \/> USB-C <br \/> Laadimisfunktsioonid <br \/> Kiire laadimine <\/p>\n","protected":false},"excerpt":{"rendered":"<p>Mobiiltelefon Realme 6, 128 GB, sinine ,\u00a0, heas seisu- ja t\u00f6\u00f6korras! KIRJELDUS Kaubam\u00e4rk Valdkond Kauba v\u00e4rv Sinine komeet OS -i versioon m\u00fc\u00fcgi alguses Android 10 Juhtumi t\u00fc\u00fcp klassikaline Korpuse materjal plast SIM -kaartide arv Kahekordne nano sim Kaal 191 M\u00f5\u00f5dud (SKVXT) 74,8&#215;162.1&#215;9,6 mm Ekraan V\u00e4ljapanek 6,5 &#171;(2400&#215;1080), Full HD, IPS Ekraani omadused L\u00f5ika ekraanil, puutetundlik [&hellip;]<\/p>\n","protected":false},"featured_media":27835,"comment_status":"closed","ping_status":"open","template":"","meta":{"inline_featured_image":false},"product_brand":[],"product_cat":[171],"product_tag":[],"class_list":{"0":"post-27834","1":"product","2":"type-product","3":"status-publish","4":"has-post-thumbnail","6":"product_cat-mobilnye-telefony","7":"pa_asukoht-mustamae","8":"pa_seisukord-ispolzovano","10":"first","11":"instock","12":"taxable","13":"shipping-taxable","14":"purchasable","15":"product-type-simple"},"_links":{"self":[{"href":"https:\/\/a-pant.ee\/ru\/wp-json\/wp\/v2\/product\/27834","targetHints":{"allow":["GET"]}}],"collection":[{"href":"https:\/\/a-pant.ee\/ru\/wp-json\/wp\/v2\/product"}],"about":[{"href":"https:\/\/a-pant.ee\/ru\/wp-json\/wp\/v2\/types\/product"}],"replies":[{"embeddable":true,"href":"https:\/\/a-pant.ee\/ru\/wp-json\/wp\/v2\/comments?post=27834"}],"wp:featuredmedia":[{"embeddable":true,"href":"https:\/\/a-pant.ee\/ru\/wp-json\/wp\/v2\/media\/27835"}],"wp:attachment":[{"href":"https:\/\/a-pant.ee\/ru\/wp-json\/wp\/v2\/media?parent=27834"}],"wp:term":[{"taxonomy":"product_brand","embeddable":true,"href":"https:\/\/a-pant.ee\/ru\/wp-json\/wp\/v2\/product_brand?post=27834"},{"taxonomy":"product_cat","embeddable":true,"href":"https:\/\/a-pant.ee\/ru\/wp-json\/wp\/v2\/product_cat?post=27834"},{"taxonomy":"product_tag","embeddable":true,"href":"https:\/\/a-pant.ee\/ru\/wp-json\/wp\/v2\/product_tag?post=27834"}],"curies":[{"name":"wp","href":"https:\/\/api.w.org\/{rel}","templated":true}]}}