{"id":27800,"date":"2026-02-04T03:32:07","date_gmt":"2026-02-04T00:32:07","guid":{"rendered":"https:\/\/a-pant.ee\/product\/perforator-bosch-pbh-2100-re\/"},"modified":"2026-02-22T12:31:55","modified_gmt":"2026-02-22T09:31:55","slug":"perforator-bosch-pbh-2100-re-2-2-kg-550-vt","status":"publish","type":"product","link":"https:\/\/a-pant.ee\/ru\/product\/perforator-bosch-pbh-2100-re-2-2-kg-550-vt\/","title":{"rendered":"\u041f\u0435\u0440\u0444\u043e\u0440\u0430\u0442\u043e\u0440 Bosch PBH 2100 RE, 2.2 \u043a\u0433, 550 \u0412\u0442"},"content":{"rendered":"\n<p><b> Puurvasar Bosch 550W PBH2100 RE <\/b> , heas seisu- ja t\u00f6\u00f6korras! <\/p><table><tbody><tr><td> Bosch \u201dElectronic\u201c s\u00fcsteem. Pehme kattega k\u00e4epide. Komplektis: Puurimiss\u00fcgavuse piiraja. T\u00e4iendav k\u00e4epide. Kohver. Otsikute komplekt <\/td><\/tr><\/tbody><\/table><p> KIRJELDUS <\/p><div><table><tbody><tr><td> Toote t\u00fc\u00fcp <\/td><td><a href=\"https:\/\/www.k-rauta.ee\/c\/tooriistad\/elektritooriistad-freespingid-ja-tarvikud\/perforaatorid\/perforaatorid\/7t9?f=5zor\" rel=\"nofollow noopener\" target=\"_blank\"> Perforaator <\/a><\/td><\/tr><tr><td> Kaubam\u00e4rk <\/td><td><a href=\"https:\/\/www.k-rauta.ee\/c\/tooriistad\/elektritooriistad-freespingid-ja-tarvikud\/perforaatorid\/perforaatorid\/7t9?f=3y0b\" rel=\"nofollow noopener\" target=\"_blank\"> Bosch <\/a><\/td><\/tr><tr><td> Mudel <\/td><td> PBH 2100 RE <\/td><\/tr><tr><td> Kaal <\/td><td> 2.2 kg <\/td><\/tr><tr><td> V\u00f5imsus <\/td><td> 550 W <\/td><\/tr><tr><td> P\u00f6\u00f6ret minutis <\/td><td> 0 &#8212; 2300 rpm <\/td><\/tr><tr><td> L\u00f6\u00f6ki minutis <\/td><td> 5800 <\/td><\/tr><\/tbody><\/table><\/div><div><table><tbody><tr><td> L\u00f6\u00f6kenergia <\/td><td> 1.7 J <\/td><\/tr><tr><td> Haaratsi t\u00fc\u00fcp <\/td><td> Sds-plus <\/td><\/tr><tr><td> Maksimaalne puuri l\u00e4bim\u00f5\u00f5t betoonile <\/td><td> 20 mm <\/td><\/tr><tr><td> Maksimaalne puuri l\u00e4bim\u00f5\u00f5t puidule <\/td><td> 30 mm <\/td><\/tr><tr><td> Maksimaalne puuri l\u00e4bim\u00f5\u00f5t terasele <\/td><td> 13 mm <\/td><\/tr><tr><td> S\u00fcgavuse piirajaga <\/td><td> Jah <\/td><\/tr><tr><td> Reversiga <\/td><td> Jah <\/td><\/tr><tr><td> Puurimine l\u00f6\u00f6kfunktsiooniga <\/td><td> Jah <\/td><\/tr><\/tbody><\/table><\/div><div><table><tbody><tr><td> Puurimine l\u00f6\u00f6kfunktsioonita <\/td><td> Jah <\/td><\/tr><tr><td> P\u00f6\u00f6ramisfunktsioon <\/td><td> Jah <\/td><\/tr><tr><td> Kohver kuulub komplekti <\/td><td> Jah <\/td><\/tr><\/tbody><\/table><\/div>\n","protected":false},"excerpt":{"rendered":"<p>Puurvasar Bosch 550W PBH2100 RE , heas seisu- ja t\u00f6\u00f6korras! Bosch \u201dElectronic\u201c s\u00fcsteem. Pehme kattega k\u00e4epide. Komplektis: Puurimiss\u00fcgavuse piiraja. T\u00e4iendav k\u00e4epide. Kohver. Otsikute komplekt KIRJELDUS Toote t\u00fc\u00fcp Perforaator Kaubam\u00e4rk Bosch Mudel PBH 2100 RE Kaal 2.2 kg V\u00f5imsus 550 W P\u00f6\u00f6ret minutis 0 &#8212; 2300 rpm L\u00f6\u00f6ki minutis 5800 L\u00f6\u00f6kenergia 1.7 J Haaratsi t\u00fc\u00fcp Sds-plus [&hellip;]<\/p>\n","protected":false},"featured_media":27801,"comment_status":"closed","ping_status":"open","template":"","meta":{"inline_featured_image":false},"product_brand":[],"product_cat":[239],"product_tag":[],"class_list":{"0":"post-27800","1":"product","2":"type-product","3":"status-publish","4":"has-post-thumbnail","6":"product_cat-perforatory-i-dreli","7":"pa_seisukord-ispolzovano","9":"first","10":"instock","11":"taxable","12":"shipping-taxable","13":"purchasable","14":"product-type-simple"},"_links":{"self":[{"href":"https:\/\/a-pant.ee\/ru\/wp-json\/wp\/v2\/product\/27800","targetHints":{"allow":["GET"]}}],"collection":[{"href":"https:\/\/a-pant.ee\/ru\/wp-json\/wp\/v2\/product"}],"about":[{"href":"https:\/\/a-pant.ee\/ru\/wp-json\/wp\/v2\/types\/product"}],"replies":[{"embeddable":true,"href":"https:\/\/a-pant.ee\/ru\/wp-json\/wp\/v2\/comments?post=27800"}],"wp:featuredmedia":[{"embeddable":true,"href":"https:\/\/a-pant.ee\/ru\/wp-json\/wp\/v2\/media\/27801"}],"wp:attachment":[{"href":"https:\/\/a-pant.ee\/ru\/wp-json\/wp\/v2\/media?parent=27800"}],"wp:term":[{"taxonomy":"product_brand","embeddable":true,"href":"https:\/\/a-pant.ee\/ru\/wp-json\/wp\/v2\/product_brand?post=27800"},{"taxonomy":"product_cat","embeddable":true,"href":"https:\/\/a-pant.ee\/ru\/wp-json\/wp\/v2\/product_cat?post=27800"},{"taxonomy":"product_tag","embeddable":true,"href":"https:\/\/a-pant.ee\/ru\/wp-json\/wp\/v2\/product_tag?post=27800"}],"curies":[{"name":"wp","href":"https:\/\/api.w.org\/{rel}","templated":true}]}}