{"id":27788,"date":"2026-02-04T03:32:07","date_gmt":"2026-02-04T00:32:07","guid":{"rendered":"https:\/\/a-pant.ee\/product\/bluetooth-naushniki-jbl-quantum-810-wireless\/"},"modified":"2026-02-22T12:31:55","modified_gmt":"2026-02-22T09:31:55","slug":"bluetooth-naushniki-jbl-quantum-810-wireless","status":"publish","type":"product","link":"https:\/\/a-pant.ee\/ru\/product\/bluetooth-naushniki-jbl-quantum-810-wireless\/","title":{"rendered":"Bluetooth \u041d\u0430\u0443\u0448\u043d\u0438\u043a\u0438 JBL Quantum 810 Wireless"},"content":{"rendered":"\n<p> \u00a0Bluetooth K\u00f5rvaklapid JBL Quantum 810 Wireless, heas seisu- ja t\u00f6\u00f6korras! <\/p><p> KIRJELDUS <\/p><ul><li><p> K\u00f5rvaklappide omadused <\/p><p> heli sagedusala20 &#8212; 20000 Hz <\/p><p> takistus32 Ohm <\/p><p> tundlikkus95 dB <\/p><p> juhtmevabad k\u00f5rvaklapid (wireless)Jah <\/p><p> mikrofoniga k\u00f5rvaklapid (headset)Jah <\/p><p> akustikasuletud t\u00fc\u00fcpi (closed-back) <\/p><p> m\u00fcrasummutus (noise canceling)Jah <\/p><p> m\u00fcrasummutuse tehnoloogia <\/p><p> aktiivne <\/p><p> pehmenduste materjalm\u00e4luvaht <\/p><\/li><li><p> Mikrofon <\/p><p> heli sagedusala100 &#8212; 10000 Hz <\/p><p> tundlikkus-40dBV @ 1kHz\/Pa <\/p><\/li><li><p> Funktsioonid <\/p><p> valgustusRGB <\/p><\/li><li><p> \u00dchenduvus <\/p><p> BluetoothBluetooth 5.2 <\/p><p> \u00fchendusliidese t\u00fc\u00fcp3,5 mm, USB-A, Bluetooth <\/p><p> \u00fchilduvusnutitelefon, tahvelarvuti, PC, Mac, m\u00e4ngukonsool <\/p><\/li><li><p> Aku <\/p><p> aku t\u00f6\u00f6aeg kuni <\/p><p> 43 h <\/p><\/li><li><p> \u00dcldised parameetrid <\/p><p> tootjaJBL <\/p><p> liik\u00fclek\u00f5rvaklapid (over-ear) <\/p><p> v\u00e4rvmust <\/p><\/li><li><p> M\u00f5\u00f5tmed <\/p><p> kaal410 g <\/p><\/li><\/ul>\n","protected":false},"excerpt":{"rendered":"<p>\u00a0Bluetooth K\u00f5rvaklapid JBL Quantum 810 Wireless, heas seisu- ja t\u00f6\u00f6korras! KIRJELDUS K\u00f5rvaklappide omadused heli sagedusala20 &#8212; 20000 Hz takistus32 Ohm tundlikkus95 dB juhtmevabad k\u00f5rvaklapid (wireless)Jah mikrofoniga k\u00f5rvaklapid (headset)Jah akustikasuletud t\u00fc\u00fcpi (closed-back) m\u00fcrasummutus (noise canceling)Jah m\u00fcrasummutuse tehnoloogia aktiivne pehmenduste materjalm\u00e4luvaht Mikrofon heli sagedusala100 &#8212; 10000 Hz tundlikkus-40dBV @ 1kHz\/Pa Funktsioonid valgustusRGB \u00dchenduvus BluetoothBluetooth 5.2 \u00fchendusliidese t\u00fc\u00fcp3,5 [&hellip;]<\/p>\n","protected":false},"featured_media":27789,"comment_status":"closed","ping_status":"open","template":"","meta":{"inline_featured_image":false},"product_brand":[],"product_cat":[168],"product_tag":[],"class_list":{"0":"post-27788","1":"product","2":"type-product","3":"status-publish","4":"has-post-thumbnail","6":"product_cat-naushniki","7":"pa_asukoht-lasnamae","8":"pa_seisukord-ispolzovano","10":"first","11":"instock","12":"taxable","13":"shipping-taxable","14":"purchasable","15":"product-type-simple"},"_links":{"self":[{"href":"https:\/\/a-pant.ee\/ru\/wp-json\/wp\/v2\/product\/27788","targetHints":{"allow":["GET"]}}],"collection":[{"href":"https:\/\/a-pant.ee\/ru\/wp-json\/wp\/v2\/product"}],"about":[{"href":"https:\/\/a-pant.ee\/ru\/wp-json\/wp\/v2\/types\/product"}],"replies":[{"embeddable":true,"href":"https:\/\/a-pant.ee\/ru\/wp-json\/wp\/v2\/comments?post=27788"}],"wp:featuredmedia":[{"embeddable":true,"href":"https:\/\/a-pant.ee\/ru\/wp-json\/wp\/v2\/media\/27789"}],"wp:attachment":[{"href":"https:\/\/a-pant.ee\/ru\/wp-json\/wp\/v2\/media?parent=27788"}],"wp:term":[{"taxonomy":"product_brand","embeddable":true,"href":"https:\/\/a-pant.ee\/ru\/wp-json\/wp\/v2\/product_brand?post=27788"},{"taxonomy":"product_cat","embeddable":true,"href":"https:\/\/a-pant.ee\/ru\/wp-json\/wp\/v2\/product_cat?post=27788"},{"taxonomy":"product_tag","embeddable":true,"href":"https:\/\/a-pant.ee\/ru\/wp-json\/wp\/v2\/product_tag?post=27788"}],"curies":[{"name":"wp","href":"https:\/\/api.w.org\/{rel}","templated":true}]}}