{"id":27776,"date":"2026-02-04T03:32:07","date_gmt":"2026-02-04T00:32:07","guid":{"rendered":"https:\/\/a-pant.ee\/product\/igrovaya-pristavka-nintendo-switsh-hac-002\/"},"modified":"2026-02-22T12:31:54","modified_gmt":"2026-02-22T09:31:54","slug":"igrovaya-pristavka-nintendo-switsh-hac-002-komplekt","status":"publish","type":"product","link":"https:\/\/a-pant.ee\/ru\/product\/igrovaya-pristavka-nintendo-switsh-hac-002-komplekt\/","title":{"rendered":"\u0418\u0433\u0440\u043e\u0432\u0430\u044f \u043f\u0440\u0438\u0441\u0442\u0430\u0432\u043a\u0430 Nintendo Switsh HAC-002 (\u043a\u043e\u043c\u043f\u043b\u0435\u043a\u0442)"},"content":{"rendered":"\n<p> M\u00e4ngukonsool Nintendo Switsh HAC-002 (komplekt) + karp\u00a0, heas seisu- ja t\u00f6\u00f6korras! <\/p><p> KIRJELDUS <\/p><p> Kategooria:\u00a0M\u00e4ngukonsoolid <\/p><p> Komplektis: Konsool <\/p><p> Traadita v\u00f5rgu kaart (WLAN): andmed puuduvad <\/p><p> K\u00f5rgus (mm): 102 <\/p><p> Laius (mm): 239 <\/p><p> Kaubam\u00e4rk:\u00a0NINTENDO <\/p><p> K\u00f5vaketta maht: &#8212; GB <\/p>\n","protected":false},"excerpt":{"rendered":"<p>M\u00e4ngukonsool Nintendo Switsh HAC-002 (komplekt) + karp\u00a0, heas seisu- ja t\u00f6\u00f6korras! KIRJELDUS Kategooria:\u00a0M\u00e4ngukonsoolid Komplektis: Konsool Traadita v\u00f5rgu kaart (WLAN): andmed puuduvad K\u00f5rgus (mm): 102 Laius (mm): 239 Kaubam\u00e4rk:\u00a0NINTENDO K\u00f5vaketta maht: &#8212; GB<\/p>\n","protected":false},"featured_media":27777,"comment_status":"closed","ping_status":"open","template":"","meta":{"inline_featured_image":false},"product_brand":[],"product_cat":[174],"product_tag":[],"class_list":{"0":"post-27776","1":"product","2":"type-product","3":"status-publish","4":"has-post-thumbnail","6":"product_cat-igrovye-konsoli","7":"pa_asukoht-lasnamae","8":"pa_seisukord-ispolzovano","10":"first","11":"instock","12":"taxable","13":"shipping-taxable","14":"purchasable","15":"product-type-simple"},"_links":{"self":[{"href":"https:\/\/a-pant.ee\/ru\/wp-json\/wp\/v2\/product\/27776","targetHints":{"allow":["GET"]}}],"collection":[{"href":"https:\/\/a-pant.ee\/ru\/wp-json\/wp\/v2\/product"}],"about":[{"href":"https:\/\/a-pant.ee\/ru\/wp-json\/wp\/v2\/types\/product"}],"replies":[{"embeddable":true,"href":"https:\/\/a-pant.ee\/ru\/wp-json\/wp\/v2\/comments?post=27776"}],"wp:featuredmedia":[{"embeddable":true,"href":"https:\/\/a-pant.ee\/ru\/wp-json\/wp\/v2\/media\/27777"}],"wp:attachment":[{"href":"https:\/\/a-pant.ee\/ru\/wp-json\/wp\/v2\/media?parent=27776"}],"wp:term":[{"taxonomy":"product_brand","embeddable":true,"href":"https:\/\/a-pant.ee\/ru\/wp-json\/wp\/v2\/product_brand?post=27776"},{"taxonomy":"product_cat","embeddable":true,"href":"https:\/\/a-pant.ee\/ru\/wp-json\/wp\/v2\/product_cat?post=27776"},{"taxonomy":"product_tag","embeddable":true,"href":"https:\/\/a-pant.ee\/ru\/wp-json\/wp\/v2\/product_tag?post=27776"}],"curies":[{"name":"wp","href":"https:\/\/api.w.org\/{rel}","templated":true}]}}