{"id":27770,"date":"2026-02-04T03:32:07","date_gmt":"2026-02-04T00:32:07","guid":{"rendered":"https:\/\/a-pant.ee\/product\/lazernyj-nivelir-bosch-universal-level-2-sumka\/"},"modified":"2026-02-22T12:31:54","modified_gmt":"2026-02-22T09:31:54","slug":"lazernyj-nivelir-bosch-universal-level-2","status":"publish","type":"product","link":"https:\/\/a-pant.ee\/ru\/product\/lazernyj-nivelir-bosch-universal-level-2\/","title":{"rendered":"\u041b\u0430\u0437\u0435\u0440\u043d\u044b\u0439 \u043d\u0438\u0432\u0435\u043b\u0438\u0440 Bosch Universal Level 2"},"content":{"rendered":"\n<p> Laser Niveliir Bosch Universal Level 2 + Kott\u00a0, heas seisu- ja t\u00f6\u00f6korras! <\/p><p> KIRJELDUS <\/p><ul><li> Seadme t\u00fc\u00fcp:\u00a0Laseritase <\/li><li> Laserdiode:\u00a0650 nm, punane, klass 2 <\/li><li> Kiirte arv:\u00a02 (horisontaalne ja vertikaalne) <\/li><li> Kiirte suund:\u00a0Horisontaal, vertikaal, rist <\/li><li> M\u00f5\u00f5teulatus:\u00a0kuni 10 m <\/li><li> M\u00f5\u00f5tmise t\u00e4psus:\u00a0\u00b10,5 mm\/m <\/li><li> Automaatse tasandamise ulatus:\u00a0\u00b14\u00b0 <\/li><li> Tasandamise aeg:\u00a04 s <\/li><li> Stat\u012bvi keermet\u00fc\u00fcp:\u00a01\/4&#8243; <\/li><li> Toide:\u00a03 AA patareid <\/li><li> Erilised omadused: <ul><li> Automaatse tasandamise funktsioon <\/li><li> Tasandamise funktsiooni v\u00e4ljal\u00fclitamine kaldu joonte jaoks <\/li><li> Kompaktne ja ergonoomiline disain <\/li><li> Lihtne juhtimine \u00fche nupuga <\/li><li> Pikk t\u00f6\u00f6aeg \u00fche patareide komplektiga <\/li><\/ul><\/li><\/ul>\n","protected":false},"excerpt":{"rendered":"<p>Laser Niveliir Bosch Universal Level 2 + Kott\u00a0, heas seisu- ja t\u00f6\u00f6korras! KIRJELDUS Seadme t\u00fc\u00fcp:\u00a0Laseritase Laserdiode:\u00a0650 nm, punane, klass 2 Kiirte arv:\u00a02 (horisontaalne ja vertikaalne) Kiirte suund:\u00a0Horisontaal, vertikaal, rist M\u00f5\u00f5teulatus:\u00a0kuni 10 m M\u00f5\u00f5tmise t\u00e4psus:\u00a0\u00b10,5 mm\/m Automaatse tasandamise ulatus:\u00a0\u00b14\u00b0 Tasandamise aeg:\u00a04 s Stat\u012bvi keermet\u00fc\u00fcp:\u00a01\/4&#8243; Toide:\u00a03 AA patareid Erilised omadused: Automaatse tasandamise funktsioon Tasandamise funktsiooni v\u00e4ljal\u00fclitamine kaldu [&hellip;]<\/p>\n","protected":false},"featured_media":27771,"comment_status":"closed","ping_status":"closed","template":"","meta":{"inline_featured_image":false},"product_brand":[],"product_cat":[232],"product_tag":[],"class_list":{"0":"post-27770","1":"product","2":"type-product","3":"status-publish","4":"has-post-thumbnail","6":"product_cat-lazernye-niveliry","7":"pa_asukoht-mustamae","8":"pa_seisukord-ispolzovano","10":"first","11":"outofstock","12":"taxable","13":"shipping-taxable","14":"purchasable","15":"product-type-simple"},"_links":{"self":[{"href":"https:\/\/a-pant.ee\/ru\/wp-json\/wp\/v2\/product\/27770","targetHints":{"allow":["GET"]}}],"collection":[{"href":"https:\/\/a-pant.ee\/ru\/wp-json\/wp\/v2\/product"}],"about":[{"href":"https:\/\/a-pant.ee\/ru\/wp-json\/wp\/v2\/types\/product"}],"replies":[{"embeddable":true,"href":"https:\/\/a-pant.ee\/ru\/wp-json\/wp\/v2\/comments?post=27770"}],"wp:featuredmedia":[{"embeddable":true,"href":"https:\/\/a-pant.ee\/ru\/wp-json\/wp\/v2\/media\/27771"}],"wp:attachment":[{"href":"https:\/\/a-pant.ee\/ru\/wp-json\/wp\/v2\/media?parent=27770"}],"wp:term":[{"taxonomy":"product_brand","embeddable":true,"href":"https:\/\/a-pant.ee\/ru\/wp-json\/wp\/v2\/product_brand?post=27770"},{"taxonomy":"product_cat","embeddable":true,"href":"https:\/\/a-pant.ee\/ru\/wp-json\/wp\/v2\/product_cat?post=27770"},{"taxonomy":"product_tag","embeddable":true,"href":"https:\/\/a-pant.ee\/ru\/wp-json\/wp\/v2\/product_tag?post=27770"}],"curies":[{"name":"wp","href":"https:\/\/api.w.org\/{rel}","templated":true}]}}