{"id":27764,"date":"2026-02-04T03:32:07","date_gmt":"2026-02-04T00:32:07","guid":{"rendered":"https:\/\/a-pant.ee\/product\/naushniki-apple-airpod-2-gen-a1602\/"},"modified":"2026-02-22T12:31:54","modified_gmt":"2026-02-22T09:31:54","slug":"naushniki-apple-airpod-2-gen-a1602","status":"publish","type":"product","link":"https:\/\/a-pant.ee\/ru\/product\/naushniki-apple-airpod-2-gen-a1602\/","title":{"rendered":"\u041d\u0430\u0443\u0448\u043d\u0438\u043a\u0438 Apple AirPod 2 Gen (A1602)"},"content":{"rendered":"\n<p> K\u00f5rvaklapid Apple AirPod 2 Gen (1602), heas seisu- ja t\u00f6\u00f6korras! <\/p><p> KIRJELDUS <\/p><ul><li> Mudel:\u00a0Apple AirPods (2. p\u00f5lvkond) <\/li><li> \u00dchenduvus:\u00a0Juhtmevaba (Bluetooth 5.0) <\/li><li> Kiip:\u00a0Apple H1 <\/li><li> H\u00e4\u00e4lassistent:\u00a0Toetab &#171;Hei, Siri&#187; funktsiooni <\/li><li> Aku kestvus:\u00a0Kuni 5 tundi \u00fche laadimisega (kuni 24 tundi koos laadimiskarbiga) <\/li><li> Mikrofonid:\u00a0Topelt-suunamikrofonid <\/li><li> Andurid:\u00a0Optilised andurid, kiirendusm\u00f5\u00f5tur <\/li><li> Juhtimine:\u00a0Topeltpuude muusika ja k\u00f5nede juhtimiseks <\/li><li> Laadimiskarp:\u00a0Lightning (tavalises versioonis) v\u00f5i juhtmevaba laadimine (juhtmevaba versioon) <\/li><\/ul>\n","protected":false},"excerpt":{"rendered":"<p>K\u00f5rvaklapid Apple AirPod 2 Gen (1602), heas seisu- ja t\u00f6\u00f6korras! KIRJELDUS Mudel:\u00a0Apple AirPods (2. p\u00f5lvkond) \u00dchenduvus:\u00a0Juhtmevaba (Bluetooth 5.0) Kiip:\u00a0Apple H1 H\u00e4\u00e4lassistent:\u00a0Toetab &#171;Hei, Siri&#187; funktsiooni Aku kestvus:\u00a0Kuni 5 tundi \u00fche laadimisega (kuni 24 tundi koos laadimiskarbiga) Mikrofonid:\u00a0Topelt-suunamikrofonid Andurid:\u00a0Optilised andurid, kiirendusm\u00f5\u00f5tur Juhtimine:\u00a0Topeltpuude muusika ja k\u00f5nede juhtimiseks Laadimiskarp:\u00a0Lightning (tavalises versioonis) v\u00f5i juhtmevaba laadimine (juhtmevaba versioon)<\/p>\n","protected":false},"featured_media":27765,"comment_status":"closed","ping_status":"closed","template":"","meta":{"inline_featured_image":false},"product_brand":[],"product_cat":[168],"product_tag":[],"class_list":{"0":"post-27764","1":"product","2":"type-product","3":"status-publish","4":"has-post-thumbnail","6":"product_cat-naushniki","7":"pa_asukoht-mustamae","8":"pa_seisukord-ispolzovano","10":"first","11":"outofstock","12":"taxable","13":"shipping-taxable","14":"purchasable","15":"product-type-simple"},"_links":{"self":[{"href":"https:\/\/a-pant.ee\/ru\/wp-json\/wp\/v2\/product\/27764","targetHints":{"allow":["GET"]}}],"collection":[{"href":"https:\/\/a-pant.ee\/ru\/wp-json\/wp\/v2\/product"}],"about":[{"href":"https:\/\/a-pant.ee\/ru\/wp-json\/wp\/v2\/types\/product"}],"replies":[{"embeddable":true,"href":"https:\/\/a-pant.ee\/ru\/wp-json\/wp\/v2\/comments?post=27764"}],"wp:featuredmedia":[{"embeddable":true,"href":"https:\/\/a-pant.ee\/ru\/wp-json\/wp\/v2\/media\/27765"}],"wp:attachment":[{"href":"https:\/\/a-pant.ee\/ru\/wp-json\/wp\/v2\/media?parent=27764"}],"wp:term":[{"taxonomy":"product_brand","embeddable":true,"href":"https:\/\/a-pant.ee\/ru\/wp-json\/wp\/v2\/product_brand?post=27764"},{"taxonomy":"product_cat","embeddable":true,"href":"https:\/\/a-pant.ee\/ru\/wp-json\/wp\/v2\/product_cat?post=27764"},{"taxonomy":"product_tag","embeddable":true,"href":"https:\/\/a-pant.ee\/ru\/wp-json\/wp\/v2\/product_tag?post=27764"}],"curies":[{"name":"wp","href":"https:\/\/api.w.org\/{rel}","templated":true}]}}