{"id":27758,"date":"2026-02-04T03:32:07","date_gmt":"2026-02-04T00:32:07","guid":{"rendered":"https:\/\/a-pant.ee\/product\/udarnaya-drel-shurupover-scheppach-ccd45-20pros\/"},"modified":"2026-02-22T12:31:54","modified_gmt":"2026-02-22T09:31:54","slug":"udarnaya-drel-shurupovert-scheppach-ccd45-20pros-yashhik","status":"publish","type":"product","link":"https:\/\/a-pant.ee\/ru\/product\/udarnaya-drel-shurupovert-scheppach-ccd45-20pros-yashhik\/","title":{"rendered":"\u0423\u0434\u0430\u0440\u043d\u0430\u044f \u0434\u0440\u0435\u043b\u044c-\u0448\u0443\u0440\u0443\u043f\u043e\u0432\u0435\u0440\u0442 Scheppach CCD45-20ProS + \u044f\u0449\u0438\u043a"},"content":{"rendered":"\n<p> L\u00f6\u00f6giga akutrell CCD45-20ProS + kohver + laadija + 2tk aku\u00a0, heas seisu- ja t\u00f6\u00f6korras! <\/p><p> KIRJELDUS <\/p><p> Aku 20 V \/ 2,0 Ah ja laadijaga pappkarbis <br \/> Suurim v\u00e4\u00e4ndemoment: 45 Nm <br \/> Momendi astmeid: 16+3 <br \/> P\u00f6\u00f6rete arv t\u00fchik\u00e4igul: 0 &#8212; 450 \/ 1600 rpm <br \/> Suurim l\u00f6\u00f6kide arv: 25600\/m <br \/> Metallist kiirpadrun: 2 &#8212; 13 mm <br \/> Kaal: 2,7 kg <\/p>\n","protected":false},"excerpt":{"rendered":"<p>L\u00f6\u00f6giga akutrell CCD45-20ProS + kohver + laadija + 2tk aku\u00a0, heas seisu- ja t\u00f6\u00f6korras! KIRJELDUS Aku 20 V \/ 2,0 Ah ja laadijaga pappkarbis Suurim v\u00e4\u00e4ndemoment: 45 Nm Momendi astmeid: 16+3 P\u00f6\u00f6rete arv t\u00fchik\u00e4igul: 0 &#8212; 450 \/ 1600 rpm Suurim l\u00f6\u00f6kide arv: 25600\/m Metallist kiirpadrun: 2 &#8212; 13 mm Kaal: 2,7 kg<\/p>\n","protected":false},"featured_media":27759,"comment_status":"closed","ping_status":"open","template":"","meta":{"inline_featured_image":false},"product_brand":[],"product_cat":[221],"product_tag":[],"class_list":{"0":"post-27758","1":"product","2":"type-product","3":"status-publish","4":"has-post-thumbnail","6":"product_cat-akkumulyatornye-dreli","7":"pa_asukoht-mustamae","8":"pa_seisukord-ispolzovano","10":"first","11":"instock","12":"taxable","13":"shipping-taxable","14":"purchasable","15":"product-type-simple"},"_links":{"self":[{"href":"https:\/\/a-pant.ee\/ru\/wp-json\/wp\/v2\/product\/27758","targetHints":{"allow":["GET"]}}],"collection":[{"href":"https:\/\/a-pant.ee\/ru\/wp-json\/wp\/v2\/product"}],"about":[{"href":"https:\/\/a-pant.ee\/ru\/wp-json\/wp\/v2\/types\/product"}],"replies":[{"embeddable":true,"href":"https:\/\/a-pant.ee\/ru\/wp-json\/wp\/v2\/comments?post=27758"}],"wp:featuredmedia":[{"embeddable":true,"href":"https:\/\/a-pant.ee\/ru\/wp-json\/wp\/v2\/media\/27759"}],"wp:attachment":[{"href":"https:\/\/a-pant.ee\/ru\/wp-json\/wp\/v2\/media?parent=27758"}],"wp:term":[{"taxonomy":"product_brand","embeddable":true,"href":"https:\/\/a-pant.ee\/ru\/wp-json\/wp\/v2\/product_brand?post=27758"},{"taxonomy":"product_cat","embeddable":true,"href":"https:\/\/a-pant.ee\/ru\/wp-json\/wp\/v2\/product_cat?post=27758"},{"taxonomy":"product_tag","embeddable":true,"href":"https:\/\/a-pant.ee\/ru\/wp-json\/wp\/v2\/product_tag?post=27758"}],"curies":[{"name":"wp","href":"https:\/\/api.w.org\/{rel}","templated":true}]}}