{"id":27752,"date":"2026-02-04T03:32:07","date_gmt":"2026-02-04T00:32:07","guid":{"rendered":"https:\/\/a-pant.ee\/product\/akkumulyatornaya-bolgarka-milwaukee-hd28-ag-125\/"},"modified":"2026-02-22T12:31:54","modified_gmt":"2026-02-22T09:31:54","slug":"akkumulyatornaya-bolgarka-milwaukee-hd28-ag-125","status":"publish","type":"product","link":"https:\/\/a-pant.ee\/ru\/product\/akkumulyatornaya-bolgarka-milwaukee-hd28-ag-125\/","title":{"rendered":"\u0410\u043a\u043a\u0443\u043c\u0443\u043b\u044f\u0442\u043e\u0440\u043d\u0430\u044f \u0411\u043e\u043b\u0433\u0430\u0440\u043a\u0430 Milwaukee HD28 AG 125"},"content":{"rendered":"\n<p> Akunurklihvija Milwaukee HD28 AG-125\u00a0\u00a0, heas seisu- ja t\u00f6\u00f6korras! <\/p><p> KIRJELDUS <\/p><p> LLO (lukuga) Jah <br \/> Vibratsioonitaseme viga puhastamisel (m\/s?) 1.5 <br \/> Vibratsioonitaseme viga lihvimisel (m\/s?) 1.5 <br \/> Helir\u00f5hutaseme viga (dB(A)) 3 <br \/> Heliv\u00f5imsuse taseme viga (dB(A)) 3 <br \/> Vibratsioonitase puhastamise ajal (m\/s?) 5.5 <br \/> Vibratsioonitase lihvimisel (m\/s?) 2.5 <br \/> Helir\u00f5hutase (dB(A)) 79 <br \/> Heliv\u00f5imsuse tase (dB(A)) 90 <br \/> Max l\u00f5ikes\u00fcgavus (mm) 36 <br \/> Pinge (V) 28 <br \/> Aku t\u00fc\u00fcp Li-ion <br \/> Aku mahutavus (Ah) 5,0 <br \/> Laadija (min) 90 <br \/> Koormuseta kiirus (rpm) 0-9000 <br \/> Spindli keere (mm) M 14 <br \/> Ketta l\u00e4bim\u00f5\u00f5t (mm) 125 <br \/> Kaal (kg) 2,8 <\/p>\n","protected":false},"excerpt":{"rendered":"<p>Akunurklihvija Milwaukee HD28 AG-125\u00a0\u00a0, heas seisu- ja t\u00f6\u00f6korras! KIRJELDUS LLO (lukuga) Jah Vibratsioonitaseme viga puhastamisel (m\/s?) 1.5 Vibratsioonitaseme viga lihvimisel (m\/s?) 1.5 Helir\u00f5hutaseme viga (dB(A)) 3 Heliv\u00f5imsuse taseme viga (dB(A)) 3 Vibratsioonitase puhastamise ajal (m\/s?) 5.5 Vibratsioonitase lihvimisel (m\/s?) 2.5 Helir\u00f5hutase (dB(A)) 79 Heliv\u00f5imsuse tase (dB(A)) 90 Max l\u00f5ikes\u00fcgavus (mm) 36 Pinge (V) 28 Aku [&hellip;]<\/p>\n","protected":false},"featured_media":27753,"comment_status":"closed","ping_status":"open","template":"","meta":{"inline_featured_image":false},"product_brand":[],"product_cat":[235],"product_tag":[],"class_list":{"0":"post-27752","1":"product","2":"type-product","3":"status-publish","4":"has-post-thumbnail","6":"product_cat-bolgarki","7":"pa_asukoht-mustamae","8":"pa_seisukord-ispolzovano","10":"first","11":"instock","12":"taxable","13":"shipping-taxable","14":"purchasable","15":"product-type-simple"},"_links":{"self":[{"href":"https:\/\/a-pant.ee\/ru\/wp-json\/wp\/v2\/product\/27752","targetHints":{"allow":["GET"]}}],"collection":[{"href":"https:\/\/a-pant.ee\/ru\/wp-json\/wp\/v2\/product"}],"about":[{"href":"https:\/\/a-pant.ee\/ru\/wp-json\/wp\/v2\/types\/product"}],"replies":[{"embeddable":true,"href":"https:\/\/a-pant.ee\/ru\/wp-json\/wp\/v2\/comments?post=27752"}],"wp:featuredmedia":[{"embeddable":true,"href":"https:\/\/a-pant.ee\/ru\/wp-json\/wp\/v2\/media\/27753"}],"wp:attachment":[{"href":"https:\/\/a-pant.ee\/ru\/wp-json\/wp\/v2\/media?parent=27752"}],"wp:term":[{"taxonomy":"product_brand","embeddable":true,"href":"https:\/\/a-pant.ee\/ru\/wp-json\/wp\/v2\/product_brand?post=27752"},{"taxonomy":"product_cat","embeddable":true,"href":"https:\/\/a-pant.ee\/ru\/wp-json\/wp\/v2\/product_cat?post=27752"},{"taxonomy":"product_tag","embeddable":true,"href":"https:\/\/a-pant.ee\/ru\/wp-json\/wp\/v2\/product_tag?post=27752"}],"curies":[{"name":"wp","href":"https:\/\/api.w.org\/{rel}","templated":true}]}}