{"id":27667,"date":"2026-02-04T03:28:34","date_gmt":"2026-02-04T00:28:34","guid":{"rendered":"https:\/\/a-pant.ee\/product\/akudrel-hitachi-ds18dbl2-5ah\/"},"modified":"2026-02-22T12:31:57","modified_gmt":"2026-02-22T09:31:57","slug":"aku-drel-hitachi-ds18dbl2-5ah","status":"publish","type":"product","link":"https:\/\/a-pant.ee\/ru\/product\/aku-drel-hitachi-ds18dbl2-5ah\/","title":{"rendered":"\u0410\u043a\u0443-\u0434\u0440\u0435\u043b\u044c Hitachi DS18DBL2 + 5ah"},"content":{"rendered":"\n<p> Akurell Hitachi DS18DBL2 + 5ah\u00a0, heas seisu- ja t\u00f6\u00f6korras! <\/p><p> KIRJELDUS <\/p><p> Mootori t\u00fc\u00fcp <br \/> harjadeta <br \/> Max p\u00f6\u00f6rdemoment <br \/> 136 Nm <br \/> Raske p\u00f6\u00f6rata hetk <br \/> 136 Nm <br \/> Pehme p\u00f6\u00f6rlemine hetk <br \/> 62 Nm <br \/> Aku t\u00fc\u00fcp <br \/> Liitium-ioon <br \/> Aku pinge <br \/> 18 V <br \/> Aku mahutavus <br \/> 5 Ah <br \/> Aku seade <br \/> liugur <br \/> Kaasas olevate patareide arv <br \/> 2 <br \/> M\u00f5ju olemasolu <br \/> Ei <br \/> Lint (pood) <br \/> Ei <br \/> Reversi olemasolu <br \/> Jah <br \/> Taustvalgustuse olemasolu <br \/> Jah <br \/> Mootori pidur <br \/> Ei <br \/> Padruni t\u00fc\u00fcp <br \/> kiirvabastus <br \/> Padruni kinnitus <br \/> 1\/2 <br \/> Spindli lukk <br \/> Jah <br \/> Klambri suurus <br \/> 1,5-13 mm <br \/> Minimaalne t\u00f6\u00f6riista suurus <br \/> 1,5 mm <br \/> Maksimaalne t\u00f6\u00f6riista suurus <br \/> 13 mm <br \/> Kiiruste arv <br \/> 2 <br \/> Spindli kiirus <br \/> 0-500\/0-2100 p\/min <br \/> Maksimaalne spindli kiirus <br \/> 2100 p\u00f6\u00f6ret minutis <br \/> Maksimaalne kruvi l\u00e4bim\u00f5\u00f5t <br \/> 10 mm <br \/> Maksimaalne puuri l\u00e4bim\u00f5\u00f5t (metall) <br \/> 13 mm <br \/> Maksimaalne puurimise l\u00e4bim\u00f5\u00f5t (puit) <br \/> 76 mm <br \/> P\u00f6\u00f6rdemomendi etappide arv <br \/> 22+1 <br \/> Kaasas laadija <br \/> Seal on <br \/> T\u00e4iendav k\u00e4epide <br \/> Jah <br \/> Taskulamp kaasas <br \/> Ei <br \/> M\u00f5\u00f5dud ilma pakendita <br \/> pikkus 204 mm <br \/> Netokaal <br \/> 2,5 kg <br \/> T\u00fc\u00fcp <br \/> laetav <br \/> Eemaldatav kassett <br \/> Jah <br \/> V\u00f6\u00f6 kinnitus <br \/> Jah <br \/> Laetuse taseme indikaator puuri korpusel <br \/> Ei <\/p>\n","protected":false},"excerpt":{"rendered":"<p>Akurell Hitachi DS18DBL2 + 5ah\u00a0, heas seisu- ja t\u00f6\u00f6korras! KIRJELDUS Mootori t\u00fc\u00fcp harjadeta Max p\u00f6\u00f6rdemoment 136 Nm Raske p\u00f6\u00f6rata hetk 136 Nm Pehme p\u00f6\u00f6rlemine hetk 62 Nm Aku t\u00fc\u00fcp Liitium-ioon Aku pinge 18 V Aku mahutavus 5 Ah Aku seade liugur Kaasas olevate patareide arv 2 M\u00f5ju olemasolu Ei Lint (pood) Ei Reversi olemasolu Jah [&hellip;]<\/p>\n","protected":false},"featured_media":27668,"comment_status":"closed","ping_status":"open","template":"","meta":{"inline_featured_image":false},"product_brand":[],"product_cat":[221],"product_tag":[],"class_list":{"0":"post-27667","1":"product","2":"type-product","3":"status-publish","4":"has-post-thumbnail","6":"product_cat-akkumulyatornye-dreli","7":"pa_asukoht-mustamae","8":"pa_seisukord-ispolzovano","10":"first","11":"instock","12":"taxable","13":"shipping-taxable","14":"purchasable","15":"product-type-simple"},"_links":{"self":[{"href":"https:\/\/a-pant.ee\/ru\/wp-json\/wp\/v2\/product\/27667","targetHints":{"allow":["GET"]}}],"collection":[{"href":"https:\/\/a-pant.ee\/ru\/wp-json\/wp\/v2\/product"}],"about":[{"href":"https:\/\/a-pant.ee\/ru\/wp-json\/wp\/v2\/types\/product"}],"replies":[{"embeddable":true,"href":"https:\/\/a-pant.ee\/ru\/wp-json\/wp\/v2\/comments?post=27667"}],"wp:featuredmedia":[{"embeddable":true,"href":"https:\/\/a-pant.ee\/ru\/wp-json\/wp\/v2\/media\/27668"}],"wp:attachment":[{"href":"https:\/\/a-pant.ee\/ru\/wp-json\/wp\/v2\/media?parent=27667"}],"wp:term":[{"taxonomy":"product_brand","embeddable":true,"href":"https:\/\/a-pant.ee\/ru\/wp-json\/wp\/v2\/product_brand?post=27667"},{"taxonomy":"product_cat","embeddable":true,"href":"https:\/\/a-pant.ee\/ru\/wp-json\/wp\/v2\/product_cat?post=27667"},{"taxonomy":"product_tag","embeddable":true,"href":"https:\/\/a-pant.ee\/ru\/wp-json\/wp\/v2\/product_tag?post=27667"}],"curies":[{"name":"wp","href":"https:\/\/api.w.org\/{rel}","templated":true}]}}