{"id":27660,"date":"2026-02-04T03:28:34","date_gmt":"2026-02-04T00:28:34","guid":{"rendered":"https:\/\/a-pant.ee\/product\/akudrel-hitachi-wh18dbdl2-5ah\/"},"modified":"2026-02-22T12:31:57","modified_gmt":"2026-02-22T09:31:57","slug":"aku-drel-hitachi-wh18dbdl2-5ah","status":"publish","type":"product","link":"https:\/\/a-pant.ee\/ru\/product\/aku-drel-hitachi-wh18dbdl2-5ah\/","title":{"rendered":"\u0410\u043a\u0443-\u0434\u0440\u0435\u043b\u044c Hitachi wh18dbdl2 + 5ah"},"content":{"rendered":"\n<p> Aku-trell Hitachi wh18dbdl2 + 5ah, heas seisu- ja t\u00f6\u00f6korras! <\/p><p> KIRJELDUS <\/p><p><br \/> Mahtuvuskruvi: 4-10mm; Polt: M5-M18; HT-polt: M5-M14; Iseliikuv kruvi: \u03c63,5 &#8212; \u03c66 <br \/> Maksimaalne p\u00f6\u00f6rdemoment 207 Nm (k\u00f5va) <br \/> Koormuseta kiirus 0-2900\/min <br \/> L\u00f6\u00f6gikiirus 0-4000\/min <br \/> Pikkus 124 mm <br \/> Kaal 1,6 kg <br \/> Standardtarvikuid pole <\/p>\n","protected":false},"excerpt":{"rendered":"<p>Aku-trell Hitachi wh18dbdl2 + 5ah, heas seisu- ja t\u00f6\u00f6korras! KIRJELDUS Mahtuvuskruvi: 4-10mm; Polt: M5-M18; HT-polt: M5-M14; Iseliikuv kruvi: \u03c63,5 &#8212; \u03c66 Maksimaalne p\u00f6\u00f6rdemoment 207 Nm (k\u00f5va) Koormuseta kiirus 0-2900\/min L\u00f6\u00f6gikiirus 0-4000\/min Pikkus 124 mm Kaal 1,6 kg Standardtarvikuid pole<\/p>\n","protected":false},"featured_media":27661,"comment_status":"closed","ping_status":"open","template":"","meta":{"inline_featured_image":false},"product_brand":[],"product_cat":[221],"product_tag":[],"class_list":{"0":"post-27660","1":"product","2":"type-product","3":"status-publish","4":"has-post-thumbnail","6":"product_cat-akkumulyatornye-dreli","7":"pa_asukoht-mustamae","8":"pa_seisukord-ispolzovano","10":"first","11":"instock","12":"taxable","13":"shipping-taxable","14":"purchasable","15":"product-type-simple"},"_links":{"self":[{"href":"https:\/\/a-pant.ee\/ru\/wp-json\/wp\/v2\/product\/27660","targetHints":{"allow":["GET"]}}],"collection":[{"href":"https:\/\/a-pant.ee\/ru\/wp-json\/wp\/v2\/product"}],"about":[{"href":"https:\/\/a-pant.ee\/ru\/wp-json\/wp\/v2\/types\/product"}],"replies":[{"embeddable":true,"href":"https:\/\/a-pant.ee\/ru\/wp-json\/wp\/v2\/comments?post=27660"}],"wp:featuredmedia":[{"embeddable":true,"href":"https:\/\/a-pant.ee\/ru\/wp-json\/wp\/v2\/media\/27661"}],"wp:attachment":[{"href":"https:\/\/a-pant.ee\/ru\/wp-json\/wp\/v2\/media?parent=27660"}],"wp:term":[{"taxonomy":"product_brand","embeddable":true,"href":"https:\/\/a-pant.ee\/ru\/wp-json\/wp\/v2\/product_brand?post=27660"},{"taxonomy":"product_cat","embeddable":true,"href":"https:\/\/a-pant.ee\/ru\/wp-json\/wp\/v2\/product_cat?post=27660"},{"taxonomy":"product_tag","embeddable":true,"href":"https:\/\/a-pant.ee\/ru\/wp-json\/wp\/v2\/product_tag?post=27660"}],"curies":[{"name":"wp","href":"https:\/\/api.w.org\/{rel}","templated":true}]}}