{"id":27654,"date":"2026-02-04T03:28:34","date_gmt":"2026-02-04T00:28:34","guid":{"rendered":"https:\/\/a-pant.ee\/product\/bolshaya-bolgarka-dewalt-dwe492\/"},"modified":"2026-02-22T12:31:57","modified_gmt":"2026-02-22T09:31:57","slug":"bolshaya-bolgarka-dewalt-dwe492","status":"publish","type":"product","link":"https:\/\/a-pant.ee\/ru\/product\/bolshaya-bolgarka-dewalt-dwe492\/","title":{"rendered":"\u0411\u043e\u043b\u044c\u0448\u0430\u044f \u0431\u043e\u043b\u0433\u0430\u0440\u043a\u0430 DeWalt DWE492"},"content":{"rendered":"\n<p> Suur relakas DeWalt DWE492\u00a0, heas seisu- ja t\u00f6\u00f6korras! <\/p><p> KIRJELDUS <\/p><p> Kategooria:\u00a0Lihvmasinad ja ketasl\u00f5ikurid <\/p><p> P\u00f6\u00f6rete arv:\u00a06500 min-1 <\/p><p> Lihvketase diameeter, mm:\u00a0230 mm <\/p><p> Mootori t\u00fc\u00fcp: Elektriline <\/p><p> T\u00fc\u00fcp:\u00a0Nurga <\/p><p> Vaade:\u00a0DeWalt, nurga lihvmasinad ja ketasl\u00f5ikurid <\/p><p> V\u00f5imsus: 2200 W <\/p><p> Kaubam\u00e4rk:\u00a0DeWalt <\/p>\n","protected":false},"excerpt":{"rendered":"<p>Suur relakas DeWalt DWE492\u00a0, heas seisu- ja t\u00f6\u00f6korras! KIRJELDUS Kategooria:\u00a0Lihvmasinad ja ketasl\u00f5ikurid P\u00f6\u00f6rete arv:\u00a06500 min-1 Lihvketase diameeter, mm:\u00a0230 mm Mootori t\u00fc\u00fcp: Elektriline T\u00fc\u00fcp:\u00a0Nurga Vaade:\u00a0DeWalt, nurga lihvmasinad ja ketasl\u00f5ikurid V\u00f5imsus: 2200 W Kaubam\u00e4rk:\u00a0DeWalt<\/p>\n","protected":false},"featured_media":27655,"comment_status":"closed","ping_status":"open","template":"","meta":{"inline_featured_image":false},"product_brand":[],"product_cat":[235],"product_tag":[],"class_list":{"0":"post-27654","1":"product","2":"type-product","3":"status-publish","4":"has-post-thumbnail","6":"product_cat-bolgarki","7":"pa_asukoht-lasnamae","8":"pa_seisukord-ispolzovano","10":"first","11":"outofstock","12":"taxable","13":"shipping-taxable","14":"purchasable","15":"product-type-simple"},"_links":{"self":[{"href":"https:\/\/a-pant.ee\/ru\/wp-json\/wp\/v2\/product\/27654","targetHints":{"allow":["GET"]}}],"collection":[{"href":"https:\/\/a-pant.ee\/ru\/wp-json\/wp\/v2\/product"}],"about":[{"href":"https:\/\/a-pant.ee\/ru\/wp-json\/wp\/v2\/types\/product"}],"replies":[{"embeddable":true,"href":"https:\/\/a-pant.ee\/ru\/wp-json\/wp\/v2\/comments?post=27654"}],"wp:featuredmedia":[{"embeddable":true,"href":"https:\/\/a-pant.ee\/ru\/wp-json\/wp\/v2\/media\/27655"}],"wp:attachment":[{"href":"https:\/\/a-pant.ee\/ru\/wp-json\/wp\/v2\/media?parent=27654"}],"wp:term":[{"taxonomy":"product_brand","embeddable":true,"href":"https:\/\/a-pant.ee\/ru\/wp-json\/wp\/v2\/product_brand?post=27654"},{"taxonomy":"product_cat","embeddable":true,"href":"https:\/\/a-pant.ee\/ru\/wp-json\/wp\/v2\/product_cat?post=27654"},{"taxonomy":"product_tag","embeddable":true,"href":"https:\/\/a-pant.ee\/ru\/wp-json\/wp\/v2\/product_tag?post=27654"}],"curies":[{"name":"wp","href":"https:\/\/api.w.org\/{rel}","templated":true}]}}