{"id":27647,"date":"2026-02-04T03:28:34","date_gmt":"2026-02-04T00:28:34","guid":{"rendered":"https:\/\/a-pant.ee\/product\/akkumulyatornaya-drel-ryobi-one-plus-r18pd5\/"},"modified":"2026-02-22T12:31:56","modified_gmt":"2026-02-22T09:31:56","slug":"akkumulyatornaya-drel-ryobi-one-r18pd5-20ach-3sht-zaryadka","status":"publish","type":"product","link":"https:\/\/a-pant.ee\/ru\/product\/akkumulyatornaya-drel-ryobi-one-r18pd5-20ach-3sht-zaryadka\/","title":{"rendered":"\u0410\u043a\u043a\u0443\u043c\u0443\u043b\u044f\u0442\u043e\u0440\u043d\u0430\u044f \u0434\u0440\u0435\u043b\u044c Ryobi One+ R18PD5 + 2,0\u0410\u0447 3\u0448\u0442 + \u0437\u0430\u0440\u044f\u0434\u043a\u0430"},"content":{"rendered":"\n<p> Akutrell Ryobi One+ R18PD5 +2,0Ah 3tk +laadija + tsekk +kott\u00a0, heas seisu- ja t\u00f6\u00f6korras! <\/p><p> KIRJELDUS <\/p><p> Kategooria:\u00a0Akutrellid ja akukruvikeerajad <\/p><p> Kaubam\u00e4rk:\u00a0RYOBI <\/p><p> P\u00f6\u00f6rete arv:\u00a0Pole t\u00e4psustatud <\/p><p> T\u00fc\u00fcp:\u00a0Akuga l\u00f6\u00f6ktrellid <\/p><p> Vaade:\u00a0RYOBI, akuga l\u00f6\u00f6ktrellid <\/p>\n","protected":false},"excerpt":{"rendered":"<p>Akutrell Ryobi One+ R18PD5 +2,0Ah 3tk +laadija + tsekk +kott\u00a0, heas seisu- ja t\u00f6\u00f6korras! KIRJELDUS Kategooria:\u00a0Akutrellid ja akukruvikeerajad Kaubam\u00e4rk:\u00a0RYOBI P\u00f6\u00f6rete arv:\u00a0Pole t\u00e4psustatud T\u00fc\u00fcp:\u00a0Akuga l\u00f6\u00f6ktrellid Vaade:\u00a0RYOBI, akuga l\u00f6\u00f6ktrellid<\/p>\n","protected":false},"featured_media":27648,"comment_status":"closed","ping_status":"open","template":"","meta":{"inline_featured_image":false},"product_brand":[],"product_cat":[221],"product_tag":[],"class_list":{"0":"post-27647","1":"product","2":"type-product","3":"status-publish","4":"has-post-thumbnail","6":"product_cat-akkumulyatornye-dreli","7":"pa_asukoht-lasnamae","8":"pa_seisukord-ispolzovano","10":"first","11":"instock","12":"taxable","13":"shipping-taxable","14":"purchasable","15":"product-type-simple"},"_links":{"self":[{"href":"https:\/\/a-pant.ee\/ru\/wp-json\/wp\/v2\/product\/27647","targetHints":{"allow":["GET"]}}],"collection":[{"href":"https:\/\/a-pant.ee\/ru\/wp-json\/wp\/v2\/product"}],"about":[{"href":"https:\/\/a-pant.ee\/ru\/wp-json\/wp\/v2\/types\/product"}],"replies":[{"embeddable":true,"href":"https:\/\/a-pant.ee\/ru\/wp-json\/wp\/v2\/comments?post=27647"}],"wp:featuredmedia":[{"embeddable":true,"href":"https:\/\/a-pant.ee\/ru\/wp-json\/wp\/v2\/media\/27648"}],"wp:attachment":[{"href":"https:\/\/a-pant.ee\/ru\/wp-json\/wp\/v2\/media?parent=27647"}],"wp:term":[{"taxonomy":"product_brand","embeddable":true,"href":"https:\/\/a-pant.ee\/ru\/wp-json\/wp\/v2\/product_brand?post=27647"},{"taxonomy":"product_cat","embeddable":true,"href":"https:\/\/a-pant.ee\/ru\/wp-json\/wp\/v2\/product_cat?post=27647"},{"taxonomy":"product_tag","embeddable":true,"href":"https:\/\/a-pant.ee\/ru\/wp-json\/wp\/v2\/product_tag?post=27647"}],"curies":[{"name":"wp","href":"https:\/\/api.w.org\/{rel}","templated":true}]}}