{"id":27636,"date":"2026-02-04T03:28:34","date_gmt":"2026-02-04T00:28:34","guid":{"rendered":"https:\/\/a-pant.ee\/product\/komplekt-instrumenta-parkside-hg09816\/"},"modified":"2026-02-22T12:31:56","modified_gmt":"2026-02-22T09:31:56","slug":"komplekt-instrumenta-parkside-hg09816","status":"publish","type":"product","link":"https:\/\/a-pant.ee\/ru\/product\/komplekt-instrumenta-parkside-hg09816\/","title":{"rendered":"\u041a\u043e\u043c\u043f\u043b\u0435\u043a\u0442 \u0418\u043d\u0441\u0442\u0440\u0443\u043c\u0435\u043d\u0442\u0430 Parkside HG09816"},"content":{"rendered":"\n<p> T\u00f6\u00f6rist Komplekt Parkside HG09816, heas seisu- ja t\u00f6\u00f6korras! <\/p><p> KIRJELDUS <\/p><p> Peade ja biti komplekt \u2022 Kromovanaadiumteras (CR-V) ja S2-teras 1\/4 astmega (6,3 mm) -Matte kroom-suurused on selged laseri laseri m\u00e4rgistuses-36 t\u00fckkides (4-13 mm) 21 Pikendusjuht 50 mm 35 kuusnurksed klahvid@ 1 k\u00f5ri, nurga all ja paremale\/vasakule reguleeritav (72 hammast) kiire v\u00e4ljalaskega s\u00fcsteem1 k\u00e4epidemega (saab kasutada ka pikendusena) 61 pikendusjuhe 100 mm71 libisevad tee1 vedrustus12 kruvikeerajad12 <\/p>\n","protected":false},"excerpt":{"rendered":"<p>T\u00f6\u00f6rist Komplekt Parkside HG09816, heas seisu- ja t\u00f6\u00f6korras! KIRJELDUS Peade ja biti komplekt \u2022 Kromovanaadiumteras (CR-V) ja S2-teras 1\/4 astmega (6,3 mm) -Matte kroom-suurused on selged laseri laseri m\u00e4rgistuses-36 t\u00fckkides (4-13 mm) 21 Pikendusjuht 50 mm 35 kuusnurksed klahvid@ 1 k\u00f5ri, nurga all ja paremale\/vasakule reguleeritav (72 hammast) kiire v\u00e4ljalaskega s\u00fcsteem1 k\u00e4epidemega (saab kasutada ka [&hellip;]<\/p>\n","protected":false},"featured_media":27637,"comment_status":"closed","ping_status":"closed","template":"","meta":{"inline_featured_image":false},"product_brand":[],"product_cat":[246],"product_tag":[],"class_list":{"0":"post-27636","1":"product","2":"type-product","3":"status-publish","4":"has-post-thumbnail","6":"product_cat-instrumenty-drugoe","7":"pa_asukoht-mustamae","8":"pa_seisukord-ispolzovano","10":"first","11":"outofstock","12":"taxable","13":"shipping-taxable","14":"purchasable","15":"product-type-simple"},"_links":{"self":[{"href":"https:\/\/a-pant.ee\/ru\/wp-json\/wp\/v2\/product\/27636","targetHints":{"allow":["GET"]}}],"collection":[{"href":"https:\/\/a-pant.ee\/ru\/wp-json\/wp\/v2\/product"}],"about":[{"href":"https:\/\/a-pant.ee\/ru\/wp-json\/wp\/v2\/types\/product"}],"replies":[{"embeddable":true,"href":"https:\/\/a-pant.ee\/ru\/wp-json\/wp\/v2\/comments?post=27636"}],"wp:featuredmedia":[{"embeddable":true,"href":"https:\/\/a-pant.ee\/ru\/wp-json\/wp\/v2\/media\/27637"}],"wp:attachment":[{"href":"https:\/\/a-pant.ee\/ru\/wp-json\/wp\/v2\/media?parent=27636"}],"wp:term":[{"taxonomy":"product_brand","embeddable":true,"href":"https:\/\/a-pant.ee\/ru\/wp-json\/wp\/v2\/product_brand?post=27636"},{"taxonomy":"product_cat","embeddable":true,"href":"https:\/\/a-pant.ee\/ru\/wp-json\/wp\/v2\/product_cat?post=27636"},{"taxonomy":"product_tag","embeddable":true,"href":"https:\/\/a-pant.ee\/ru\/wp-json\/wp\/v2\/product_tag?post=27636"}],"curies":[{"name":"wp","href":"https:\/\/api.w.org\/{rel}","templated":true}]}}