{"id":27630,"date":"2026-02-04T03:28:34","date_gmt":"2026-02-04T00:28:34","guid":{"rendered":"https:\/\/a-pant.ee\/product\/besprovodnoy-trimmer-makita-uh201d\/"},"modified":"2026-02-22T12:31:56","modified_gmt":"2026-02-22T09:31:56","slug":"besprovodnoj-trimmer-makita-uh201d-zaryadka-korobka","status":"publish","type":"product","link":"https:\/\/a-pant.ee\/ru\/product\/besprovodnoj-trimmer-makita-uh201d-zaryadka-korobka\/","title":{"rendered":"\u0411\u0435\u0441\u043f\u0440\u043e\u0432\u043e\u0434\u043d\u043e\u0439 \u0422\u0440\u0438\u043c\u043c\u0435\u0440 Makita UH201D + \u0417\u0430\u0440\u044f\u0434\u043a\u0430 + \u041a\u043e\u0440\u043e\u0431\u043a\u0430"},"content":{"rendered":"\n<p> Juhmeta trimmer Makita UH201D + Laadija + Karp, heas seisu- ja t\u00f6\u00f6korras! <\/p><p> KIRJELDUS <\/p><p> Hekil\u00f5ikuri t\u00fc\u00fcp <\/p><p> T\u00fc\u00fcp laetav <\/p><p> Mootori t\u00fc\u00fcp: harjatud <\/p><p> Tera pikkus 20 cm <\/p><p> Noa t\u00fc\u00fcp on kahepoolne <\/p><p> Max l\u00f5ikepaksus 8 mm <\/p><p> Kaasas olevate patareide arv: 1 <\/p><p> Aku pinge 12 V <\/p><p> Aku mahutavus 2 Ah <\/p><p> Pakendi t\u00fc\u00fcbi kast <\/p><p> M\u00f5\u00f5dud ilma pakendita 504x120x131 mm <\/p><p> Netokaal 1,5 kg <\/p><p> Tera kiirus 2500 p\/min <\/p>\n","protected":false},"excerpt":{"rendered":"<p>Juhmeta trimmer Makita UH201D + Laadija + Karp, heas seisu- ja t\u00f6\u00f6korras! KIRJELDUS Hekil\u00f5ikuri t\u00fc\u00fcp T\u00fc\u00fcp laetav Mootori t\u00fc\u00fcp: harjatud Tera pikkus 20 cm Noa t\u00fc\u00fcp on kahepoolne Max l\u00f5ikepaksus 8 mm Kaasas olevate patareide arv: 1 Aku pinge 12 V Aku mahutavus 2 Ah Pakendi t\u00fc\u00fcbi kast M\u00f5\u00f5dud ilma pakendita 504x120x131 mm Netokaal 1,5 [&hellip;]<\/p>\n","protected":false},"featured_media":27631,"comment_status":"closed","ping_status":"open","template":"","meta":{"inline_featured_image":false},"product_brand":[],"product_cat":[220],"product_tag":[],"class_list":{"0":"post-27630","1":"product","2":"type-product","3":"status-publish","4":"has-post-thumbnail","6":"product_cat-sadovye-instrumenty","7":"pa_asukoht-mustamae","8":"pa_seisukord-ispolzovano","10":"first","11":"instock","12":"taxable","13":"shipping-taxable","14":"purchasable","15":"product-type-simple"},"_links":{"self":[{"href":"https:\/\/a-pant.ee\/ru\/wp-json\/wp\/v2\/product\/27630","targetHints":{"allow":["GET"]}}],"collection":[{"href":"https:\/\/a-pant.ee\/ru\/wp-json\/wp\/v2\/product"}],"about":[{"href":"https:\/\/a-pant.ee\/ru\/wp-json\/wp\/v2\/types\/product"}],"replies":[{"embeddable":true,"href":"https:\/\/a-pant.ee\/ru\/wp-json\/wp\/v2\/comments?post=27630"}],"wp:featuredmedia":[{"embeddable":true,"href":"https:\/\/a-pant.ee\/ru\/wp-json\/wp\/v2\/media\/27631"}],"wp:attachment":[{"href":"https:\/\/a-pant.ee\/ru\/wp-json\/wp\/v2\/media?parent=27630"}],"wp:term":[{"taxonomy":"product_brand","embeddable":true,"href":"https:\/\/a-pant.ee\/ru\/wp-json\/wp\/v2\/product_brand?post=27630"},{"taxonomy":"product_cat","embeddable":true,"href":"https:\/\/a-pant.ee\/ru\/wp-json\/wp\/v2\/product_cat?post=27630"},{"taxonomy":"product_tag","embeddable":true,"href":"https:\/\/a-pant.ee\/ru\/wp-json\/wp\/v2\/product_tag?post=27630"}],"curies":[{"name":"wp","href":"https:\/\/api.w.org\/{rel}","templated":true}]}}