{"id":27624,"date":"2026-02-04T03:28:34","date_gmt":"2026-02-04T00:28:34","guid":{"rendered":"https:\/\/a-pant.ee\/product\/shlifovalnaya-mashinka-makita-bo3700\/"},"modified":"2026-02-22T12:31:56","modified_gmt":"2026-02-22T09:31:56","slug":"shlifovalnaya-mashinka-makita-bo3700","status":"publish","type":"product","link":"https:\/\/a-pant.ee\/ru\/product\/shlifovalnaya-mashinka-makita-bo3700\/","title":{"rendered":"\u0428\u043b\u0438\u0444\u043e\u0432\u0430\u043b\u044c\u043d\u0430\u044f \u043c\u0430\u0448\u0438\u043d\u043a\u0430 Makita BO3700"},"content":{"rendered":"\n<p> Lihvimasin Makita BO3700\u00a0, heas seisu- ja t\u00f6\u00f6korras! <\/p><p> KIRJELDUS <\/p><ul><li> T\u00fc\u00fcp:\u00a0Vibratsioonlihvimismasin <\/li><li> V\u00f5imsus:\u00a0180 W <\/li><li> V\u00f5nkesagedus:\u00a010 000 v\u00f5nget\/min <\/li><li> Lihvimistalla suurus:\u00a093 x 185 mm <\/li><li> Lihvimispaberi suurus:\u00a093 x 228 mm <\/li><li> Paberi kinnitus:\u00a0Klambritega <\/li><li> Eriomadused:\u00a0Tolmu eemaldamise s\u00fcsteem, v\u00f5imalus \u00fchendada tolmuimejaga <\/li><li> Kaal:\u00a01.4 kg <\/li><li> Kasutus:\u00a0Sobib puit-, plast- ja metallpindade lihvimiseks. <\/li><\/ul>\n","protected":false},"excerpt":{"rendered":"<p>Lihvimasin Makita BO3700\u00a0, heas seisu- ja t\u00f6\u00f6korras! KIRJELDUS T\u00fc\u00fcp:\u00a0Vibratsioonlihvimismasin V\u00f5imsus:\u00a0180 W V\u00f5nkesagedus:\u00a010 000 v\u00f5nget\/min Lihvimistalla suurus:\u00a093 x 185 mm Lihvimispaberi suurus:\u00a093 x 228 mm Paberi kinnitus:\u00a0Klambritega Eriomadused:\u00a0Tolmu eemaldamise s\u00fcsteem, v\u00f5imalus \u00fchendada tolmuimejaga Kaal:\u00a01.4 kg Kasutus:\u00a0Sobib puit-, plast- ja metallpindade lihvimiseks.<\/p>\n","protected":false},"featured_media":27625,"comment_status":"closed","ping_status":"open","template":"","meta":{"inline_featured_image":false},"product_brand":[],"product_cat":[233],"product_tag":[],"class_list":{"0":"post-27624","1":"product","2":"type-product","3":"status-publish","4":"has-post-thumbnail","6":"product_cat-shlifovalnyj-instrument","7":"pa_asukoht-mustamae","8":"pa_seisukord-ispolzovano","10":"first","11":"instock","12":"taxable","13":"shipping-taxable","14":"purchasable","15":"product-type-simple"},"_links":{"self":[{"href":"https:\/\/a-pant.ee\/ru\/wp-json\/wp\/v2\/product\/27624","targetHints":{"allow":["GET"]}}],"collection":[{"href":"https:\/\/a-pant.ee\/ru\/wp-json\/wp\/v2\/product"}],"about":[{"href":"https:\/\/a-pant.ee\/ru\/wp-json\/wp\/v2\/types\/product"}],"replies":[{"embeddable":true,"href":"https:\/\/a-pant.ee\/ru\/wp-json\/wp\/v2\/comments?post=27624"}],"wp:featuredmedia":[{"embeddable":true,"href":"https:\/\/a-pant.ee\/ru\/wp-json\/wp\/v2\/media\/27625"}],"wp:attachment":[{"href":"https:\/\/a-pant.ee\/ru\/wp-json\/wp\/v2\/media?parent=27624"}],"wp:term":[{"taxonomy":"product_brand","embeddable":true,"href":"https:\/\/a-pant.ee\/ru\/wp-json\/wp\/v2\/product_brand?post=27624"},{"taxonomy":"product_cat","embeddable":true,"href":"https:\/\/a-pant.ee\/ru\/wp-json\/wp\/v2\/product_cat?post=27624"},{"taxonomy":"product_tag","embeddable":true,"href":"https:\/\/a-pant.ee\/ru\/wp-json\/wp\/v2\/product_tag?post=27624"}],"curies":[{"name":"wp","href":"https:\/\/api.w.org\/{rel}","templated":true}]}}