{"id":27617,"date":"2026-02-04T03:28:34","date_gmt":"2026-02-04T00:28:34","guid":{"rendered":"https:\/\/a-pant.ee\/product\/akkumulyatornaya-tsirkulyarnaya-milwaukee-m18-fmcs\/"},"modified":"2026-02-22T12:31:56","modified_gmt":"2026-02-22T09:31:56","slug":"akkumulyatornaya-czirkulyarnaya-milwaukee-m18-fmcs-aku-5-0-ach","status":"publish","type":"product","link":"https:\/\/a-pant.ee\/ru\/product\/akkumulyatornaya-czirkulyarnaya-milwaukee-m18-fmcs-aku-5-0-ach\/","title":{"rendered":"\u0410\u043a\u043a\u0443\u043c\u0443\u043b\u044f\u0442\u043e\u0440\u043d\u0430\u044f \u0446\u0438\u0440\u043a\u0443\u043b\u044f\u0440\u043d\u0430\u044f Milwaukee M18 FMCS + \u0410\u043a\u0443 5.0 \u0410\u0447"},"content":{"rendered":"\n<p> \u00a0Akuketassaag Milwaukee M18 FMCS + Aku 5.0 Ah, heas seisu- ja t\u00f6\u00f6korras! <\/p><p> KIRJELDUS <\/p><p> Kaal <\/p><p> 5.91 kg <\/p><p> Kogukaal koos pakendiga <\/p><p> 5.91 kg <\/p><p> Professionaalidele \/ Asjaarmastajatele <\/p><p> Professionaalidele <\/p><p> Mootori t\u00fc\u00fcp <\/p><p> Akutoitega <\/p><p> Akukeemia <\/p><p> Li-Ion (Liitiumioonaku) <\/p><p> Akut\u00f6\u00f6riistade tehnoloogia <\/p><p> Milwaukee M18 FUEL\u2122 (18V) <\/p><p> Aku pinge <\/p><p> 18 V <\/p><p> Kas komplekt sisaldab akut <\/p><p> Ei <\/p><p> Ketta maksimaalne l\u00e4bim\u00f5\u00f5t <\/p><p> 150 mm <\/p><p> Kiirus koormuseta <\/p><p> 3900 min-1 <\/p><p> Maksimaalne kiirus <\/p><p> 3900 \/min <\/p><p> Reguleeritav kiirus v\u00f5imaldab t\u00f6\u00f6tada erinevate materjalidega <\/p><p> Ei <\/p><p> Sisendpinge \/ sagedus <\/p><p> 18 V \/ DC <\/p>\n","protected":false},"excerpt":{"rendered":"<p>\u00a0Akuketassaag Milwaukee M18 FMCS + Aku 5.0 Ah, heas seisu- ja t\u00f6\u00f6korras! KIRJELDUS Kaal 5.91 kg Kogukaal koos pakendiga 5.91 kg Professionaalidele \/ Asjaarmastajatele Professionaalidele Mootori t\u00fc\u00fcp Akutoitega Akukeemia Li-Ion (Liitiumioonaku) Akut\u00f6\u00f6riistade tehnoloogia Milwaukee M18 FUEL\u2122 (18V) Aku pinge 18 V Kas komplekt sisaldab akut Ei Ketta maksimaalne l\u00e4bim\u00f5\u00f5t 150 mm Kiirus koormuseta 3900 min-1 [&hellip;]<\/p>\n","protected":false},"featured_media":27618,"comment_status":"closed","ping_status":"open","template":"","meta":{"inline_featured_image":false},"product_brand":[],"product_cat":[230],"product_tag":[],"class_list":{"0":"post-27617","1":"product","2":"type-product","3":"status-publish","4":"has-post-thumbnail","6":"product_cat-czirkulyarnye-pily","7":"pa_asukoht-mustamae","8":"pa_seisukord-ispolzovano","10":"first","11":"instock","12":"taxable","13":"shipping-taxable","14":"purchasable","15":"product-type-simple"},"_links":{"self":[{"href":"https:\/\/a-pant.ee\/ru\/wp-json\/wp\/v2\/product\/27617","targetHints":{"allow":["GET"]}}],"collection":[{"href":"https:\/\/a-pant.ee\/ru\/wp-json\/wp\/v2\/product"}],"about":[{"href":"https:\/\/a-pant.ee\/ru\/wp-json\/wp\/v2\/types\/product"}],"replies":[{"embeddable":true,"href":"https:\/\/a-pant.ee\/ru\/wp-json\/wp\/v2\/comments?post=27617"}],"wp:featuredmedia":[{"embeddable":true,"href":"https:\/\/a-pant.ee\/ru\/wp-json\/wp\/v2\/media\/27618"}],"wp:attachment":[{"href":"https:\/\/a-pant.ee\/ru\/wp-json\/wp\/v2\/media?parent=27617"}],"wp:term":[{"taxonomy":"product_brand","embeddable":true,"href":"https:\/\/a-pant.ee\/ru\/wp-json\/wp\/v2\/product_brand?post=27617"},{"taxonomy":"product_cat","embeddable":true,"href":"https:\/\/a-pant.ee\/ru\/wp-json\/wp\/v2\/product_cat?post=27617"},{"taxonomy":"product_tag","embeddable":true,"href":"https:\/\/a-pant.ee\/ru\/wp-json\/wp\/v2\/product_tag?post=27617"}],"curies":[{"name":"wp","href":"https:\/\/api.w.org\/{rel}","templated":true}]}}