{"id":27602,"date":"2026-02-04T03:28:34","date_gmt":"2026-02-04T00:28:34","guid":{"rendered":"https:\/\/a-pant.ee\/product\/elektricheskiy-samokat-ultron-t103-zaryadka\/"},"modified":"2026-02-22T12:31:55","modified_gmt":"2026-02-22T09:31:55","slug":"elektricheskij-samokat-ultron-t103-zaryadka","status":"publish","type":"product","link":"https:\/\/a-pant.ee\/ru\/product\/elektricheskij-samokat-ultron-t103-zaryadka\/","title":{"rendered":"\u042d\u043b\u0435\u043a\u0442\u0440\u0438\u0447\u0435\u0441\u043a\u0438\u0439 \u0441\u0430\u043c\u043e\u043a\u0430\u0442 Ultron T103 + \u0437\u0430\u0440\u044f\u0434\u043a\u0430"},"content":{"rendered":"\n<p> Elektriline t\u00f5ukeratas Ultron T103 + laadija\u00a0, heas seisu- ja t\u00f6\u00f6korras! <\/p><p> KIRJELDUS <\/p><p> Elektrit\u00f5ukeratas Ultron T103 V4 on varustatud\u00a0kvaliteetsete 10\u00d73\u201d <\/p><p> TUOVT br\u00e4ndi \u00f5hkrehvidega. V\u00f5rreldes v\u00e4iksemas m\u00f5\u00f5dus sisekummiga \u00f5hkrehvidega on suurema sisekummiga \u00f5hkrehvidega varustatud elektrit\u00f5ukeratas vastupidavam k\u00f5iksugustele torgetele, parema s\u00f5idumugavusega ja \u00fchtlasi on elektriline t\u00f5ukeratas ka parema juhitavusega ja s\u00f5idutunnetusega. Turvalise s\u00f5idu tagamiseks on elektrit\u00f5ukeratas T103 varustatud h\u00fcdrauliliste\u00a0ketaspiduritega nii ees kui ka taga. V\u00f5imsa\u00a0LED\u00a0esitule abiga on h\u00e4maras ja pimedas s\u00f5itmine parendatud ning s\u00f5itja n\u00e4htavuse tagamiseks on elektrit\u00f5ukeratas varustatud tagumise tulega. V\u00f5rreldes keskmise rendi (s\u00f5idujagamise) elektrit\u00f5ukerattaga on Ultron T103 V4 elektriline t\u00f5ukeratas varustatud eesmiste\u00a0h\u00fcdrauliliste amortidega,\u00a0mis ainu\u00fcksi ei muuda s\u00f5itu mugavamaks, vaid ka\u00a0oluliselt turvalisemaks.\u00a0Mugavusele m\u00f5eldes on elektriline t\u00f5ukeratas varustatud tagumiste amortidega, mille j\u00e4ikust on v\u00f5imalik kergesti reguleerida vastavalt s\u00f5itja soovidele ja kaalule. <\/p>\n","protected":false},"excerpt":{"rendered":"<p>Elektriline t\u00f5ukeratas Ultron T103 + laadija\u00a0, heas seisu- ja t\u00f6\u00f6korras! KIRJELDUS Elektrit\u00f5ukeratas Ultron T103 V4 on varustatud\u00a0kvaliteetsete 10\u00d73\u201d TUOVT br\u00e4ndi \u00f5hkrehvidega. V\u00f5rreldes v\u00e4iksemas m\u00f5\u00f5dus sisekummiga \u00f5hkrehvidega on suurema sisekummiga \u00f5hkrehvidega varustatud elektrit\u00f5ukeratas vastupidavam k\u00f5iksugustele torgetele, parema s\u00f5idumugavusega ja \u00fchtlasi on elektriline t\u00f5ukeratas ka parema juhitavusega ja s\u00f5idutunnetusega. Turvalise s\u00f5idu tagamiseks on elektrit\u00f5ukeratas T103 varustatud h\u00fcdrauliliste\u00a0ketaspiduritega [&hellip;]<\/p>\n","protected":false},"featured_media":27603,"comment_status":"closed","ping_status":"open","template":"","meta":{"inline_featured_image":false},"product_brand":[],"product_cat":[215],"product_tag":[],"class_list":{"0":"post-27602","1":"product","2":"type-product","3":"status-publish","4":"has-post-thumbnail","6":"product_cat-elektricheskie-samokaty","7":"product_shipping_class-oversize","8":"pa_asukoht-lasnamae","9":"pa_seisukord-ispolzovano","11":"first","12":"instock","13":"taxable","14":"shipping-taxable","15":"purchasable","16":"product-type-simple"},"_links":{"self":[{"href":"https:\/\/a-pant.ee\/ru\/wp-json\/wp\/v2\/product\/27602","targetHints":{"allow":["GET"]}}],"collection":[{"href":"https:\/\/a-pant.ee\/ru\/wp-json\/wp\/v2\/product"}],"about":[{"href":"https:\/\/a-pant.ee\/ru\/wp-json\/wp\/v2\/types\/product"}],"replies":[{"embeddable":true,"href":"https:\/\/a-pant.ee\/ru\/wp-json\/wp\/v2\/comments?post=27602"}],"wp:featuredmedia":[{"embeddable":true,"href":"https:\/\/a-pant.ee\/ru\/wp-json\/wp\/v2\/media\/27603"}],"wp:attachment":[{"href":"https:\/\/a-pant.ee\/ru\/wp-json\/wp\/v2\/media?parent=27602"}],"wp:term":[{"taxonomy":"product_brand","embeddable":true,"href":"https:\/\/a-pant.ee\/ru\/wp-json\/wp\/v2\/product_brand?post=27602"},{"taxonomy":"product_cat","embeddable":true,"href":"https:\/\/a-pant.ee\/ru\/wp-json\/wp\/v2\/product_cat?post=27602"},{"taxonomy":"product_tag","embeddable":true,"href":"https:\/\/a-pant.ee\/ru\/wp-json\/wp\/v2\/product_tag?post=27602"}],"curies":[{"name":"wp","href":"https:\/\/api.w.org\/{rel}","templated":true}]}}