{"id":27595,"date":"2026-02-04T03:28:34","date_gmt":"2026-02-04T00:28:34","guid":{"rendered":"https:\/\/a-pant.ee\/product\/bluetooth-naushniki-apple-airpods-pro-dok\/"},"modified":"2026-02-22T12:31:55","modified_gmt":"2026-02-22T09:31:55","slug":"bluetooth-naushniki-apple-airpods-pro-1-gen-dok","status":"publish","type":"product","link":"https:\/\/a-pant.ee\/ru\/product\/bluetooth-naushniki-apple-airpods-pro-1-gen-dok\/","title":{"rendered":"Bluetooth \u043d\u0430\u0443\u0448\u043d\u0438\u043a\u0438 Apple Airpods Pro 1 gen + \u0434\u043e\u043a"},"content":{"rendered":"\n<p> Bluetooth k\u00f5rvaklapid Apple Airpods Pro + dok\u00a0, heas seisu- ja t\u00f6\u00f6korras! <\/p><p> KIRJELDUS <\/p><p> AirPods Pro k\u00f5rvasisesed k\u00f5rvaklapid, mille suurus on kohandatav ning mis sobituvad su k\u00f5rvaga ideaalselt, et tagada aktiivne m\u00fcrasummutus. Klappide v\u00e4ljapoole suunatud mikrofon tuvastab v\u00e4lised helid ning blokeerib heli enne, kui seda kuuled. Sissepoole suunatud mikrofon kuulab su k\u00f5rvas soovimatuid helisid, mis samuti k\u00f5rvaldatakse m\u00fcrasummutusega. Kiire ja mugav \u00fchendatavus karbist v\u00e4lja v\u00f5tmisel ning kohene kuulamisvalmidus sinu iPhone, Apple Watch, iPad v\u00f5i Mac seadmega on tagatud. Sisseehitatud Apple H1 kiip loob kvaliteetse juhtmevaba \u00fchenduse ja heli. Juhtmeta laadimiskarp tagab AirPods Pro aku t\u00f6\u00f6ea kauemaks kuni 24 tunniks. Laadimiskarpi on v\u00f5imalus laadida k\u00f5ikidel QI-standardiga laadimisalustel v\u00f5i vajadusel ka tavap\u00e4raselt Lightning juhtmega. <\/p><ul><li> Aktiivne m\u00fcrasummutus blokeerib v\u00e4lise m\u00fcra, kuid olemas ka re\u017eiim helide l\u00e4bi laskmiseks. <\/li><li> Juhtmevaba laadimiskarbiga j\u00e4tkub muusikaelamusi kuni 24 tunniks. <\/li><li> Kuni 4,5 tundi kuulamisaega \u00fche laadimisega. <\/li><li> Ligikaudu 1 tund kuulamisaega ainult viieminutilise laadimisega. <\/li><li> Erineva suurusega ja kergelt paigaldatavad silikoonotsikud tagavad suurep\u00e4rase sobivuse k\u00f5rvaga. <\/li><\/ul>\n","protected":false},"excerpt":{"rendered":"<p>Bluetooth k\u00f5rvaklapid Apple Airpods Pro + dok\u00a0, heas seisu- ja t\u00f6\u00f6korras! KIRJELDUS AirPods Pro k\u00f5rvasisesed k\u00f5rvaklapid, mille suurus on kohandatav ning mis sobituvad su k\u00f5rvaga ideaalselt, et tagada aktiivne m\u00fcrasummutus. Klappide v\u00e4ljapoole suunatud mikrofon tuvastab v\u00e4lised helid ning blokeerib heli enne, kui seda kuuled. Sissepoole suunatud mikrofon kuulab su k\u00f5rvas soovimatuid helisid, mis samuti k\u00f5rvaldatakse [&hellip;]<\/p>\n","protected":false},"featured_media":27596,"comment_status":"closed","ping_status":"open","template":"","meta":{"inline_featured_image":false},"product_brand":[],"product_cat":[168],"product_tag":[],"class_list":{"0":"post-27595","1":"product","2":"type-product","3":"status-publish","4":"has-post-thumbnail","6":"product_cat-naushniki","7":"pa_asukoht-lasnamae","8":"pa_seisukord-ispolzovano","10":"first","11":"instock","12":"taxable","13":"shipping-taxable","14":"purchasable","15":"product-type-simple"},"_links":{"self":[{"href":"https:\/\/a-pant.ee\/ru\/wp-json\/wp\/v2\/product\/27595","targetHints":{"allow":["GET"]}}],"collection":[{"href":"https:\/\/a-pant.ee\/ru\/wp-json\/wp\/v2\/product"}],"about":[{"href":"https:\/\/a-pant.ee\/ru\/wp-json\/wp\/v2\/types\/product"}],"replies":[{"embeddable":true,"href":"https:\/\/a-pant.ee\/ru\/wp-json\/wp\/v2\/comments?post=27595"}],"wp:featuredmedia":[{"embeddable":true,"href":"https:\/\/a-pant.ee\/ru\/wp-json\/wp\/v2\/media\/27596"}],"wp:attachment":[{"href":"https:\/\/a-pant.ee\/ru\/wp-json\/wp\/v2\/media?parent=27595"}],"wp:term":[{"taxonomy":"product_brand","embeddable":true,"href":"https:\/\/a-pant.ee\/ru\/wp-json\/wp\/v2\/product_brand?post=27595"},{"taxonomy":"product_cat","embeddable":true,"href":"https:\/\/a-pant.ee\/ru\/wp-json\/wp\/v2\/product_cat?post=27595"},{"taxonomy":"product_tag","embeddable":true,"href":"https:\/\/a-pant.ee\/ru\/wp-json\/wp\/v2\/product_tag?post=27595"}],"curies":[{"name":"wp","href":"https:\/\/api.w.org\/{rel}","templated":true}]}}