{"id":27587,"date":"2026-02-04T03:28:34","date_gmt":"2026-02-04T00:28:34","guid":{"rendered":"https:\/\/a-pant.ee\/product\/perforator-bosch-pbh-2100re-chemodan\/"},"modified":"2026-02-22T12:31:55","modified_gmt":"2026-02-22T09:31:55","slug":"perforator-bosch-pbh-2100re-chemodan","status":"publish","type":"product","link":"https:\/\/a-pant.ee\/ru\/product\/perforator-bosch-pbh-2100re-chemodan\/","title":{"rendered":"\u041f\u0435\u0440\u0444\u043e\u0440\u0430\u0442\u043e\u0440 Bosch PBH 2100RE + \u0447\u0435\u043c\u043e\u0434\u0430\u043d"},"content":{"rendered":"\n<p> Puurvasar Bosch PBH 2100RE + kohver, heas seisu- ja t\u00f6\u00f6korras! <\/p><p> KIRJELDUS <\/p><p> Toote t\u00fc\u00fcp Perforaator <\/p><p> Kaubam\u00e4rk Bosch <\/p><p> Mudel PBH 2100 RE <\/p><p> Kaal 2.2 kg <\/p><p> V\u00f5imsus 550 W <\/p><p> P\u00f6\u00f6ret minutis 0 &#8212; 2300 rpm <\/p><p> L\u00f6\u00f6ki minutis 5800 <\/p><p> L\u00f6\u00f6kenergia 1.7 J <\/p><p> Haaratsi t\u00fc\u00fcp Sds-plus <\/p><p> Maksimaalne puuri l\u00e4bim\u00f5\u00f5t betoonile 20 mm <\/p><p> Maksimaalne puuri l\u00e4bim\u00f5\u00f5t puidule 30 mm <\/p><p> Maksimaalne puuri l\u00e4bim\u00f5\u00f5t terasele 13 mm <\/p><p> S\u00fcgavuse piirajaga Jah <\/p><p> Reversiga Jah <\/p><p> Puurimine l\u00f6\u00f6kfunktsiooniga Jah <\/p><p> Puurimine l\u00f6\u00f6kfunktsioonita Jah <\/p><p> P\u00f6\u00f6ramisfunktsioon Jah <\/p>\n","protected":false},"excerpt":{"rendered":"<p>Puurvasar Bosch PBH 2100RE + kohver, heas seisu- ja t\u00f6\u00f6korras! KIRJELDUS Toote t\u00fc\u00fcp Perforaator Kaubam\u00e4rk Bosch Mudel PBH 2100 RE Kaal 2.2 kg V\u00f5imsus 550 W P\u00f6\u00f6ret minutis 0 &#8212; 2300 rpm L\u00f6\u00f6ki minutis 5800 L\u00f6\u00f6kenergia 1.7 J Haaratsi t\u00fc\u00fcp Sds-plus Maksimaalne puuri l\u00e4bim\u00f5\u00f5t betoonile 20 mm Maksimaalne puuri l\u00e4bim\u00f5\u00f5t puidule 30 mm Maksimaalne puuri [&hellip;]<\/p>\n","protected":false},"featured_media":27588,"comment_status":"closed","ping_status":"open","template":"","meta":{"inline_featured_image":false},"product_brand":[],"product_cat":[239],"product_tag":[],"class_list":{"0":"post-27587","1":"product","2":"type-product","3":"status-publish","4":"has-post-thumbnail","6":"product_cat-perforatory-i-dreli","7":"pa_asukoht-lasnamae","8":"pa_seisukord-ispolzovano","10":"first","11":"instock","12":"taxable","13":"shipping-taxable","14":"purchasable","15":"product-type-simple"},"_links":{"self":[{"href":"https:\/\/a-pant.ee\/ru\/wp-json\/wp\/v2\/product\/27587","targetHints":{"allow":["GET"]}}],"collection":[{"href":"https:\/\/a-pant.ee\/ru\/wp-json\/wp\/v2\/product"}],"about":[{"href":"https:\/\/a-pant.ee\/ru\/wp-json\/wp\/v2\/types\/product"}],"replies":[{"embeddable":true,"href":"https:\/\/a-pant.ee\/ru\/wp-json\/wp\/v2\/comments?post=27587"}],"wp:featuredmedia":[{"embeddable":true,"href":"https:\/\/a-pant.ee\/ru\/wp-json\/wp\/v2\/media\/27588"}],"wp:attachment":[{"href":"https:\/\/a-pant.ee\/ru\/wp-json\/wp\/v2\/media?parent=27587"}],"wp:term":[{"taxonomy":"product_brand","embeddable":true,"href":"https:\/\/a-pant.ee\/ru\/wp-json\/wp\/v2\/product_brand?post=27587"},{"taxonomy":"product_cat","embeddable":true,"href":"https:\/\/a-pant.ee\/ru\/wp-json\/wp\/v2\/product_cat?post=27587"},{"taxonomy":"product_tag","embeddable":true,"href":"https:\/\/a-pant.ee\/ru\/wp-json\/wp\/v2\/product_tag?post=27587"}],"curies":[{"name":"wp","href":"https:\/\/api.w.org\/{rel}","templated":true}]}}