{"id":27581,"date":"2026-02-04T03:25:06","date_gmt":"2026-02-04T00:25:06","guid":{"rendered":"https:\/\/a-pant.ee\/product\/svarochnyiy-apparat-kd1865-korobka\/"},"modified":"2026-02-22T12:32:00","modified_gmt":"2026-02-22T09:32:00","slug":"svarochnyj-apparat-kd1865-korobka","status":"publish","type":"product","link":"https:\/\/a-pant.ee\/ru\/product\/svarochnyj-apparat-kd1865-korobka\/","title":{"rendered":"\u0421\u0432\u0430\u0440\u043e\u0447\u043d\u044b\u0439 \u0430\u043f\u043f\u0430\u0440\u0430\u0442 KD1865 + \u041a\u043e\u0440\u043e\u0431\u043a\u0430"},"content":{"rendered":"\n<p> Kevitus Kraft and dele KD1865 + Karp, heas seisu- ja t\u00f6\u00f6korras! <\/p><p> KIRJELDUS <\/p><p> T\u00fc\u00fcp: keevitusmasin <\/p><p> Seadme t\u00fc\u00fcp: inverter <\/p><p> Keevitus\/l\u00f5ikamise t\u00fc\u00fcp: k\u00e4sitsi kaar (MMA) <\/p><p> Elektroodi minimaalne l\u00e4bim\u00f5\u00f5t (mm): 1,6 <\/p><p> Elektroodi maksimaalne l\u00e4bim\u00f5\u00f5t (mm) : 3,25 <\/p><p> V\u00f5imsus ja nimiv\u00f5imsus sisendv\u00f5imsus (kW): <\/p><p> 6.9 Pinge (V): 220 Minimaalne keevitusvool (A): 20 <\/p><p> Maksimaalne keevitusvool (A): 330 Funktsioonid ja omadused <\/p><p> Omadused: ekraan Varustus: elektroodihoidja, maandusklamber, kaitseekraan <\/p><p> M\u00f5\u00f5dud ja kaal Pikkus (mm): 210 Laius (mm): 100 K\u00f5rgus (mm): 130 Kaal (kg): 3 <\/p>\n","protected":false},"excerpt":{"rendered":"<p>Kevitus Kraft and dele KD1865 + Karp, heas seisu- ja t\u00f6\u00f6korras! KIRJELDUS T\u00fc\u00fcp: keevitusmasin Seadme t\u00fc\u00fcp: inverter Keevitus\/l\u00f5ikamise t\u00fc\u00fcp: k\u00e4sitsi kaar (MMA) Elektroodi minimaalne l\u00e4bim\u00f5\u00f5t (mm): 1,6 Elektroodi maksimaalne l\u00e4bim\u00f5\u00f5t (mm) : 3,25 V\u00f5imsus ja nimiv\u00f5imsus sisendv\u00f5imsus (kW): 6.9 Pinge (V): 220 Minimaalne keevitusvool (A): 20 Maksimaalne keevitusvool (A): 330 Funktsioonid ja omadused Omadused: ekraan [&hellip;]<\/p>\n","protected":false},"featured_media":27582,"comment_status":"closed","ping_status":"closed","template":"","meta":{"inline_featured_image":false},"product_brand":[],"product_cat":[228],"product_tag":[],"class_list":{"0":"post-27581","1":"product","2":"type-product","3":"status-publish","4":"has-post-thumbnail","6":"product_cat-svarochnye-apparaty","7":"product_shipping_class-oversize","8":"pa_asukoht-mustamae","9":"pa_seisukord-ispolzovano","11":"first","12":"instock","13":"taxable","14":"shipping-taxable","15":"purchasable","16":"product-type-simple"},"_links":{"self":[{"href":"https:\/\/a-pant.ee\/ru\/wp-json\/wp\/v2\/product\/27581","targetHints":{"allow":["GET"]}}],"collection":[{"href":"https:\/\/a-pant.ee\/ru\/wp-json\/wp\/v2\/product"}],"about":[{"href":"https:\/\/a-pant.ee\/ru\/wp-json\/wp\/v2\/types\/product"}],"replies":[{"embeddable":true,"href":"https:\/\/a-pant.ee\/ru\/wp-json\/wp\/v2\/comments?post=27581"}],"wp:featuredmedia":[{"embeddable":true,"href":"https:\/\/a-pant.ee\/ru\/wp-json\/wp\/v2\/media\/27582"}],"wp:attachment":[{"href":"https:\/\/a-pant.ee\/ru\/wp-json\/wp\/v2\/media?parent=27581"}],"wp:term":[{"taxonomy":"product_brand","embeddable":true,"href":"https:\/\/a-pant.ee\/ru\/wp-json\/wp\/v2\/product_brand?post=27581"},{"taxonomy":"product_cat","embeddable":true,"href":"https:\/\/a-pant.ee\/ru\/wp-json\/wp\/v2\/product_cat?post=27581"},{"taxonomy":"product_tag","embeddable":true,"href":"https:\/\/a-pant.ee\/ru\/wp-json\/wp\/v2\/product_tag?post=27581"}],"curies":[{"name":"wp","href":"https:\/\/api.w.org\/{rel}","templated":true}]}}