{"id":27562,"date":"2026-02-04T03:25:06","date_gmt":"2026-02-04T00:25:06","guid":{"rendered":"https:\/\/a-pant.ee\/product\/multimetr-kleshchevoy-emos-md-310c-sumka\/"},"modified":"2026-02-22T12:32:00","modified_gmt":"2026-02-22T09:32:00","slug":"multimetr-kleshhevoj-emos-md-310c-sumka","status":"publish","type":"product","link":"https:\/\/a-pant.ee\/ru\/product\/multimetr-kleshhevoj-emos-md-310c-sumka\/","title":{"rendered":"\u041c\u0443\u043b\u044c\u0442\u0438\u043c\u0435\u0442\u0440 \u043a\u043b\u0435\u0449\u0435\u0432\u043e\u0439 Emos MD-310C + \u0441\u0443\u043c\u043a\u0430"},"content":{"rendered":"\n<p> Multimeeter klamb Emos MD-310C + kott\u00a0, heas seisu- ja t\u00f6\u00f6korras! <\/p><p> KIRJELDUS <\/p><p> automaatne vahemiku valik <\/p><p> Vahelduvvoolu toitepinge 2\u2013600 V <\/p><p> vahelduvvool 2-600 A <\/p><p> Alalisvoolu toitepinge 200 mV \u2013 600 V <\/p><p> DC nr <\/p><p> elektritakistus 200 oomi &#8212; 20 MOhm <\/p><p> toiteallika j\u00e4rjepidevus jah <\/p><p> dioodi testimine jah <\/p><p> transistori testimist pole <\/p><p> kontaktivaba vahelduvpinge tuvastamine nr <\/p><p> Vahelduvpinge kontaktide tuvastamine nr <\/p><p> aku testimine nr <\/p><p> temperatuuri m\u00f5\u00f5tmine puudub <\/p><p> suurima v\u00e4\u00e4rtuse s\u00e4ilitamine nr <\/p><p> andmete salvestamise re\u017eiim jah <\/p><p> automaatne v\u00e4ljal\u00fclitus jah <\/p><p> ekraan 3,5 numbrit <\/p><p> aku t\u00fchjenemise indikaator jah <\/p><p> taustvalgustusega ekraan puudub <\/p><p> m\u00f5\u00f5dud 36\u00d776\u00d7190 mm <\/p><p> multimeetri klamber jah <\/p>\n","protected":false},"excerpt":{"rendered":"<p>Multimeeter klamb Emos MD-310C + kott\u00a0, heas seisu- ja t\u00f6\u00f6korras! KIRJELDUS automaatne vahemiku valik Vahelduvvoolu toitepinge 2\u2013600 V vahelduvvool 2-600 A Alalisvoolu toitepinge 200 mV \u2013 600 V DC nr elektritakistus 200 oomi &#8212; 20 MOhm toiteallika j\u00e4rjepidevus jah dioodi testimine jah transistori testimist pole kontaktivaba vahelduvpinge tuvastamine nr Vahelduvpinge kontaktide tuvastamine nr aku testimine [&hellip;]<\/p>\n","protected":false},"featured_media":27563,"comment_status":"closed","ping_status":"open","template":"","meta":{"inline_featured_image":false},"product_brand":[],"product_cat":[234],"product_tag":[],"class_list":{"0":"post-27562","1":"product","2":"type-product","3":"status-publish","4":"has-post-thumbnail","6":"product_cat-izmeritelnye-pribory","7":"pa_asukoht-lasnamae","8":"pa_seisukord-ispolzovano","10":"first","11":"instock","12":"taxable","13":"shipping-taxable","14":"purchasable","15":"product-type-simple"},"_links":{"self":[{"href":"https:\/\/a-pant.ee\/ru\/wp-json\/wp\/v2\/product\/27562","targetHints":{"allow":["GET"]}}],"collection":[{"href":"https:\/\/a-pant.ee\/ru\/wp-json\/wp\/v2\/product"}],"about":[{"href":"https:\/\/a-pant.ee\/ru\/wp-json\/wp\/v2\/types\/product"}],"replies":[{"embeddable":true,"href":"https:\/\/a-pant.ee\/ru\/wp-json\/wp\/v2\/comments?post=27562"}],"wp:featuredmedia":[{"embeddable":true,"href":"https:\/\/a-pant.ee\/ru\/wp-json\/wp\/v2\/media\/27563"}],"wp:attachment":[{"href":"https:\/\/a-pant.ee\/ru\/wp-json\/wp\/v2\/media?parent=27562"}],"wp:term":[{"taxonomy":"product_brand","embeddable":true,"href":"https:\/\/a-pant.ee\/ru\/wp-json\/wp\/v2\/product_brand?post=27562"},{"taxonomy":"product_cat","embeddable":true,"href":"https:\/\/a-pant.ee\/ru\/wp-json\/wp\/v2\/product_cat?post=27562"},{"taxonomy":"product_tag","embeddable":true,"href":"https:\/\/a-pant.ee\/ru\/wp-json\/wp\/v2\/product_tag?post=27562"}],"curies":[{"name":"wp","href":"https:\/\/api.w.org\/{rel}","templated":true}]}}