{"id":27535,"date":"2026-02-04T03:25:06","date_gmt":"2026-02-04T00:25:06","guid":{"rendered":"https:\/\/a-pant.ee\/product\/igrovaya-konsol-xbox-one-500gb-dzhoystick-provoda\/"},"modified":"2026-02-22T12:31:59","modified_gmt":"2026-02-22T09:31:59","slug":"igrovaya-konsol-xbox-one-500gb-dzhojstik-provoda","status":"publish","type":"product","link":"https:\/\/a-pant.ee\/ru\/product\/igrovaya-konsol-xbox-one-500gb-dzhojstik-provoda\/","title":{"rendered":"\u0418\u0433\u0440\u043e\u0432\u0430\u044f \u043a\u043e\u043d\u0441\u043e\u043b\u044c Xbox One 500gb + \u0434\u0436\u043e\u0439\u0441\u0442\u0438\u043a + \u043f\u0440\u043e\u0432\u043e\u0434\u0430"},"content":{"rendered":"\n<p> M\u00e4ngukonsool Xbox One 500gb + m\u00e4ngupult + kaabel\u00a0, heas seisu- ja t\u00f6\u00f6korras! <\/p><p> KIRJELDUS <\/p><p> AMD CPU 1,75 GHz (8 tuuma), x86-64 arhitektuur <br \/> P\u00fcsim\u00e4lu K\u00f5vaketas \u2013 500 GB <br \/> RAM 8 GB DDR3 <br \/> AMD GCN arhitektuuril p\u00f5hinev GPU, 768 tuuma <\/p>\n","protected":false},"excerpt":{"rendered":"<p>M\u00e4ngukonsool Xbox One 500gb + m\u00e4ngupult + kaabel\u00a0, heas seisu- ja t\u00f6\u00f6korras! KIRJELDUS AMD CPU 1,75 GHz (8 tuuma), x86-64 arhitektuur P\u00fcsim\u00e4lu K\u00f5vaketas \u2013 500 GB RAM 8 GB DDR3 AMD GCN arhitektuuril p\u00f5hinev GPU, 768 tuuma<\/p>\n","protected":false},"featured_media":27536,"comment_status":"closed","ping_status":"open","template":"","meta":{"inline_featured_image":false},"product_brand":[],"product_cat":[174],"product_tag":[],"class_list":{"0":"post-27535","1":"product","2":"type-product","3":"status-publish","4":"has-post-thumbnail","6":"product_cat-igrovye-konsoli","7":"pa_asukoht-lasnamae","8":"pa_seisukord-ispolzovano","10":"first","11":"instock","12":"taxable","13":"shipping-taxable","14":"purchasable","15":"product-type-simple"},"_links":{"self":[{"href":"https:\/\/a-pant.ee\/ru\/wp-json\/wp\/v2\/product\/27535","targetHints":{"allow":["GET"]}}],"collection":[{"href":"https:\/\/a-pant.ee\/ru\/wp-json\/wp\/v2\/product"}],"about":[{"href":"https:\/\/a-pant.ee\/ru\/wp-json\/wp\/v2\/types\/product"}],"replies":[{"embeddable":true,"href":"https:\/\/a-pant.ee\/ru\/wp-json\/wp\/v2\/comments?post=27535"}],"wp:featuredmedia":[{"embeddable":true,"href":"https:\/\/a-pant.ee\/ru\/wp-json\/wp\/v2\/media\/27536"}],"wp:attachment":[{"href":"https:\/\/a-pant.ee\/ru\/wp-json\/wp\/v2\/media?parent=27535"}],"wp:term":[{"taxonomy":"product_brand","embeddable":true,"href":"https:\/\/a-pant.ee\/ru\/wp-json\/wp\/v2\/product_brand?post=27535"},{"taxonomy":"product_cat","embeddable":true,"href":"https:\/\/a-pant.ee\/ru\/wp-json\/wp\/v2\/product_cat?post=27535"},{"taxonomy":"product_tag","embeddable":true,"href":"https:\/\/a-pant.ee\/ru\/wp-json\/wp\/v2\/product_tag?post=27535"}],"curies":[{"name":"wp","href":"https:\/\/api.w.org\/{rel}","templated":true}]}}