{"id":27529,"date":"2026-02-04T03:25:06","date_gmt":"2026-02-04T00:25:06","guid":{"rendered":"https:\/\/a-pant.ee\/product\/chasy-sekonda-n3254a\/"},"modified":"2026-02-22T12:31:59","modified_gmt":"2026-02-22T09:31:59","slug":"chasy-sekonda-n3254a","status":"publish","type":"product","link":"https:\/\/a-pant.ee\/ru\/product\/chasy-sekonda-n3254a\/","title":{"rendered":"\u0427\u0430\u0441\u044b Sekonda N3254A"},"content":{"rendered":"\n<p> K\u00e4ekell Sekonda N3254A, heas seisu- ja t\u00f6\u00f6korras! <\/p><p> KIRJELDUS <\/p><ul><li> Br\u00e4nd:\u00a0Sekonda <\/li><li> Mudel:\u00a0N3254A <\/li><li> T\u00fc\u00fcp:\u00a0Klassikaline k\u00e4ekell <\/li><li> V\u00e4rv:\u00a0H\u00f5bedane (korpus ja rihm) <\/li><li> Korpuse materjal:\u00a0Roostevaba teras <\/li><li> Rihma materjal:\u00a0Roostevaba teras <\/li><li> Mehhanism:\u00a0Kvarts (patareiga) <\/li><li> Klaas:\u00a0Mineraalklaas, kriimustuskindel <\/li><li> Veekindlus:\u00a0Kuni 30 m (pritsmekindel, ei sobi ujumiseks) <\/li><li> Erifunktsioonid: <ul><li> Kuup\u00e4eva n\u00e4it (kellal kuup\u00e4evaaken) <\/li><li> Mugav rihmakinnitus <\/li><\/ul><\/li><li> Korpuse l\u00e4bim\u00f5\u00f5t:\u00a039 mm <\/li><li> Korpuse paksus:\u00a08 mm <\/li><\/ul>\n","protected":false},"excerpt":{"rendered":"<p>K\u00e4ekell Sekonda N3254A, heas seisu- ja t\u00f6\u00f6korras! KIRJELDUS Br\u00e4nd:\u00a0Sekonda Mudel:\u00a0N3254A T\u00fc\u00fcp:\u00a0Klassikaline k\u00e4ekell V\u00e4rv:\u00a0H\u00f5bedane (korpus ja rihm) Korpuse materjal:\u00a0Roostevaba teras Rihma materjal:\u00a0Roostevaba teras Mehhanism:\u00a0Kvarts (patareiga) Klaas:\u00a0Mineraalklaas, kriimustuskindel Veekindlus:\u00a0Kuni 30 m (pritsmekindel, ei sobi ujumiseks) Erifunktsioonid: Kuup\u00e4eva n\u00e4it (kellal kuup\u00e4evaaken) Mugav rihmakinnitus Korpuse l\u00e4bim\u00f5\u00f5t:\u00a039 mm Korpuse paksus:\u00a08 mm<\/p>\n","protected":false},"featured_media":27530,"comment_status":"closed","ping_status":"open","template":"","meta":{"inline_featured_image":false},"product_brand":[],"product_cat":[211],"product_tag":[],"class_list":{"0":"post-27529","1":"product","2":"type-product","3":"status-publish","4":"has-post-thumbnail","6":"product_cat-muzhskie-chasy","7":"pa_asukoht-mustamae","8":"pa_seisukord-ispolzovano","10":"first","11":"instock","12":"taxable","13":"shipping-taxable","14":"purchasable","15":"product-type-simple"},"_links":{"self":[{"href":"https:\/\/a-pant.ee\/ru\/wp-json\/wp\/v2\/product\/27529","targetHints":{"allow":["GET"]}}],"collection":[{"href":"https:\/\/a-pant.ee\/ru\/wp-json\/wp\/v2\/product"}],"about":[{"href":"https:\/\/a-pant.ee\/ru\/wp-json\/wp\/v2\/types\/product"}],"replies":[{"embeddable":true,"href":"https:\/\/a-pant.ee\/ru\/wp-json\/wp\/v2\/comments?post=27529"}],"wp:featuredmedia":[{"embeddable":true,"href":"https:\/\/a-pant.ee\/ru\/wp-json\/wp\/v2\/media\/27530"}],"wp:attachment":[{"href":"https:\/\/a-pant.ee\/ru\/wp-json\/wp\/v2\/media?parent=27529"}],"wp:term":[{"taxonomy":"product_brand","embeddable":true,"href":"https:\/\/a-pant.ee\/ru\/wp-json\/wp\/v2\/product_brand?post=27529"},{"taxonomy":"product_cat","embeddable":true,"href":"https:\/\/a-pant.ee\/ru\/wp-json\/wp\/v2\/product_cat?post=27529"},{"taxonomy":"product_tag","embeddable":true,"href":"https:\/\/a-pant.ee\/ru\/wp-json\/wp\/v2\/product_tag?post=27529"}],"curies":[{"name":"wp","href":"https:\/\/api.w.org\/{rel}","templated":true}]}}