{"id":27521,"date":"2026-02-04T03:25:06","date_gmt":"2026-02-04T00:25:06","guid":{"rendered":"https:\/\/a-pant.ee\/product\/shurupovert-keyang-asd-1800l\/"},"modified":"2026-02-22T12:31:59","modified_gmt":"2026-02-22T09:31:59","slug":"shurupovert-keyang-asd-1800l-aku-50ach-zaryadka-chemodan","status":"publish","type":"product","link":"https:\/\/a-pant.ee\/ru\/product\/shurupovert-keyang-asd-1800l-aku-50ach-zaryadka-chemodan\/","title":{"rendered":"\u0428\u0443\u0440\u0443\u043f\u043e\u0432\u0435\u0440\u0442 Keyang ASD-1800L + \u0410\u043a\u0443 5,0\u0410\u0447 + \u0417\u0430\u0440\u044f\u0434\u043a\u0430 + \u0427\u0435\u043c\u043e\u0434\u0430\u043d"},"content":{"rendered":"\n<p> Akukruvikeeraja Keyang ASD-1800L + Aku 5,0Ah + Laadija + Kohver\u00a0, heas seisu- ja t\u00f6\u00f6korras! <\/p><p> KIRJELDUS <\/p><p> mootori t\u00fc\u00fcp <br \/> harjatud <br \/> Max p\u00f6\u00f6rdemoment <br \/> 12 Nm <br \/> Raske p\u00f6\u00f6rata hetk <br \/> 12 Nm <br \/> Aku t\u00fc\u00fcp <br \/> Liitium-ioon <br \/> Aku pinge <br \/> 18 V <br \/> Aku mahutavus <br \/> 5 Ah <br \/> Aku seade <br \/> liugur <br \/> M\u00f5ju olemasolu <br \/> Ei <br \/> Lint (pood) <br \/> Jah <br \/> Reversi olemasolu <br \/> Jah <br \/> Taustvalgustuse olemasolu <br \/> Jah <br \/> Mootori pidur <br \/> Ei <br \/> Padruni t\u00fc\u00fcp <br \/> kuusnurkne (1\/4HEX) <br \/> Padruni kinnitus <br \/> mitte eemaldatav <br \/> Spindli lukk <br \/> Ei <br \/> Kiiruste arv <br \/> 1 <br \/> Spindli kiirus <br \/> 5000 p\u00f6\u00f6ret minutis <br \/> Maksimaalne spindli kiirus <br \/> 5000 p\u00f6\u00f6ret minutis <br \/> Maksimaalne kruvi l\u00e4bim\u00f5\u00f5t <br \/> 5 mm <br \/> Laadimisaeg <br \/> 1 tund <br \/> Universaalne aku <br \/> On olemas <br \/> P\u00f6\u00f6rdemomendi etappide arv <br \/> 1 <br \/> Kaasas laadija <br \/> On olemas <br \/> T\u00e4iendav k\u00e4epide <br \/> Ei <br \/> Taskulamp kaasas <br \/> Ei <br \/> T\u00fc\u00fcp <br \/> laetav <br \/> Eemaldatav kassett <br \/> Ei <\/p>\n","protected":false},"excerpt":{"rendered":"<p>Akukruvikeeraja Keyang ASD-1800L + Aku 5,0Ah + Laadija + Kohver\u00a0, heas seisu- ja t\u00f6\u00f6korras! KIRJELDUS mootori t\u00fc\u00fcp harjatud Max p\u00f6\u00f6rdemoment 12 Nm Raske p\u00f6\u00f6rata hetk 12 Nm Aku t\u00fc\u00fcp Liitium-ioon Aku pinge 18 V Aku mahutavus 5 Ah Aku seade liugur M\u00f5ju olemasolu Ei Lint (pood) Jah Reversi olemasolu Jah Taustvalgustuse olemasolu Jah Mootori pidur [&hellip;]<\/p>\n","protected":false},"featured_media":27522,"comment_status":"closed","ping_status":"open","template":"","meta":{"inline_featured_image":false},"product_brand":[],"product_cat":[231],"product_tag":[],"class_list":{"0":"post-27521","1":"product","2":"type-product","3":"status-publish","4":"has-post-thumbnail","6":"product_cat-shurupoverty","7":"pa_asukoht-lasnamae","8":"pa_seisukord-ispolzovano","10":"first","11":"instock","12":"taxable","13":"shipping-taxable","14":"purchasable","15":"product-type-simple"},"_links":{"self":[{"href":"https:\/\/a-pant.ee\/ru\/wp-json\/wp\/v2\/product\/27521","targetHints":{"allow":["GET"]}}],"collection":[{"href":"https:\/\/a-pant.ee\/ru\/wp-json\/wp\/v2\/product"}],"about":[{"href":"https:\/\/a-pant.ee\/ru\/wp-json\/wp\/v2\/types\/product"}],"replies":[{"embeddable":true,"href":"https:\/\/a-pant.ee\/ru\/wp-json\/wp\/v2\/comments?post=27521"}],"wp:featuredmedia":[{"embeddable":true,"href":"https:\/\/a-pant.ee\/ru\/wp-json\/wp\/v2\/media\/27522"}],"wp:attachment":[{"href":"https:\/\/a-pant.ee\/ru\/wp-json\/wp\/v2\/media?parent=27521"}],"wp:term":[{"taxonomy":"product_brand","embeddable":true,"href":"https:\/\/a-pant.ee\/ru\/wp-json\/wp\/v2\/product_brand?post=27521"},{"taxonomy":"product_cat","embeddable":true,"href":"https:\/\/a-pant.ee\/ru\/wp-json\/wp\/v2\/product_cat?post=27521"},{"taxonomy":"product_tag","embeddable":true,"href":"https:\/\/a-pant.ee\/ru\/wp-json\/wp\/v2\/product_tag?post=27521"}],"curies":[{"name":"wp","href":"https:\/\/api.w.org\/{rel}","templated":true}]}}