{"id":27516,"date":"2026-02-04T03:25:06","date_gmt":"2026-02-04T00:25:06","guid":{"rendered":"https:\/\/a-pant.ee\/product\/robot-pylesos-xiaomi-mi-robot-vacuum-mop-2\/"},"modified":"2026-02-22T12:31:59","modified_gmt":"2026-02-22T09:31:59","slug":"robot-pylesos-xiaomi-mi-robot-vacuum-mop-2-zaryadka","status":"publish","type":"product","link":"https:\/\/a-pant.ee\/ru\/product\/robot-pylesos-xiaomi-mi-robot-vacuum-mop-2-zaryadka\/","title":{"rendered":"\u0420\u043e\u0431\u043e\u0442 \u041f\u044b\u043b\u0435\u0441\u043e\u0441 Xiaomi Mi Robot Vacuum-Mop 2 + \u0417\u0430\u0440\u044f\u0434\u043a\u0430"},"content":{"rendered":"\n<p> Robottolmuimeja Xiaomi Mi Robot Vacuum-Mop 2 + Ladija, heas seisu- ja t\u00f6\u00f6korras! <\/p><p> KIRJELDUS <\/p><p> V\u00f5imas imemisventilaator 2700 Pa 2500 Pa <\/p><p> Aku mahutavus 3200 mAh 2600 mAh <\/p><p> Kuue punktiga k\u00fclgharja disain t\u00e4ielikuks katmiseks Tavalised kolmepunktilised k\u00fcljeharjad <\/p><p> T\u00e4iustatud survepesumoodul Standardne m\u00e4rgmopimise moodul <\/p><p> 250 ml veepaak <\/p>\n","protected":false},"excerpt":{"rendered":"<p>Robottolmuimeja Xiaomi Mi Robot Vacuum-Mop 2 + Ladija, heas seisu- ja t\u00f6\u00f6korras! KIRJELDUS V\u00f5imas imemisventilaator 2700 Pa 2500 Pa Aku mahutavus 3200 mAh 2600 mAh Kuue punktiga k\u00fclgharja disain t\u00e4ielikuks katmiseks Tavalised kolmepunktilised k\u00fcljeharjad T\u00e4iustatud survepesumoodul Standardne m\u00e4rgmopimise moodul 250 ml veepaak<\/p>\n","protected":false},"featured_media":27517,"comment_status":"closed","ping_status":"closed","template":"","meta":{"inline_featured_image":false},"product_brand":[],"product_cat":[166],"product_tag":[],"class_list":{"0":"post-27516","1":"product","2":"type-product","3":"status-publish","4":"has-post-thumbnail","6":"product_cat-bytovaya-tehnika","7":"pa_asukoht-mustamae","8":"pa_seisukord-ispolzovano","10":"first","11":"outofstock","12":"taxable","13":"shipping-taxable","14":"purchasable","15":"product-type-simple"},"_links":{"self":[{"href":"https:\/\/a-pant.ee\/ru\/wp-json\/wp\/v2\/product\/27516","targetHints":{"allow":["GET"]}}],"collection":[{"href":"https:\/\/a-pant.ee\/ru\/wp-json\/wp\/v2\/product"}],"about":[{"href":"https:\/\/a-pant.ee\/ru\/wp-json\/wp\/v2\/types\/product"}],"replies":[{"embeddable":true,"href":"https:\/\/a-pant.ee\/ru\/wp-json\/wp\/v2\/comments?post=27516"}],"wp:featuredmedia":[{"embeddable":true,"href":"https:\/\/a-pant.ee\/ru\/wp-json\/wp\/v2\/media\/27517"}],"wp:attachment":[{"href":"https:\/\/a-pant.ee\/ru\/wp-json\/wp\/v2\/media?parent=27516"}],"wp:term":[{"taxonomy":"product_brand","embeddable":true,"href":"https:\/\/a-pant.ee\/ru\/wp-json\/wp\/v2\/product_brand?post=27516"},{"taxonomy":"product_cat","embeddable":true,"href":"https:\/\/a-pant.ee\/ru\/wp-json\/wp\/v2\/product_cat?post=27516"},{"taxonomy":"product_tag","embeddable":true,"href":"https:\/\/a-pant.ee\/ru\/wp-json\/wp\/v2\/product_tag?post=27516"}],"curies":[{"name":"wp","href":"https:\/\/api.w.org\/{rel}","templated":true}]}}