{"id":27509,"date":"2026-02-04T03:25:06","date_gmt":"2026-02-04T00:25:06","guid":{"rendered":"https:\/\/a-pant.ee\/product\/planshet-apple-ipad-pro-11in-na-zapchasti\/"},"modified":"2026-02-22T12:31:58","modified_gmt":"2026-02-22T09:31:58","slug":"planshet-apple-ipad-pro-11inch-2-pokolenie-256gb-wi-fi","status":"publish","type":"product","link":"https:\/\/a-pant.ee\/ru\/product\/planshet-apple-ipad-pro-11inch-2-pokolenie-256gb-wi-fi\/","title":{"rendered":"\u041f\u043b\u0430\u043d\u0448\u0435\u0442 Apple Ipad Pro 11Inch 2 \u041f\u043e\u043a\u043e\u043b\u0435\u043d\u0438\u0435 256GB Wi-fi"},"content":{"rendered":"\n<p> Tahvelarvuti Apple Ipad Pro (11in) varuosadeks <br \/> Ekraanil on l\u00e4bip\u00f5lemisj\u00e4ljed. <\/p><p> Sissel\u00fclitusnupp t\u00f6\u00f6tab halvasti. Kaamera ei t\u00f6\u00f6ta. <\/p><p> KIRJELDUS <\/p><p> P\u00f5hiline <\/p><p> \u00d5unatootja <\/p><p> Ekraani diagonaal 11 tolli <\/p><p> A12X Bionic protsessori mudel <\/p><p> Ehitatud -m\u00e4lumahu 64 GB <\/p><p> RAM -i maht 4096 MB <\/p><p> Apple&#8217;i tableti protsessor <\/p><p> Uus tingimus <\/p><p> V\u00e4rv on hall <\/p><p> M\u00f5\u00f5tmed <\/p><p> Kaal 900 g <\/p><p> Pikkus 178 mm <\/p><p> Paksus 5,9 mm <\/p><p> Laius 247 mm <\/p><p> Multimeedia <\/p><p> Esi- ja tagakaamera <\/p><p> Tagumise kaamera megapikslite arv 1.2 <\/p><p> T\u00e4iendavad omadused <\/p><p> Korpuse materjal on metall <\/p>\n","protected":false},"excerpt":{"rendered":"<p>Tahvelarvuti Apple Ipad Pro (11in) varuosadeks Ekraanil on l\u00e4bip\u00f5lemisj\u00e4ljed. Sissel\u00fclitusnupp t\u00f6\u00f6tab halvasti. Kaamera ei t\u00f6\u00f6ta. KIRJELDUS P\u00f5hiline \u00d5unatootja Ekraani diagonaal 11 tolli A12X Bionic protsessori mudel Ehitatud -m\u00e4lumahu 64 GB RAM -i maht 4096 MB Apple&#8217;i tableti protsessor Uus tingimus V\u00e4rv on hall M\u00f5\u00f5tmed Kaal 900 g Pikkus 178 mm Paksus 5,9 mm Laius 247 [&hellip;]<\/p>\n","protected":false},"featured_media":27510,"comment_status":"closed","ping_status":"open","template":"","meta":{"inline_featured_image":false},"product_brand":[],"product_cat":[180],"product_tag":[],"class_list":{"0":"post-27509","1":"product","2":"type-product","3":"status-publish","4":"has-post-thumbnail","6":"product_cat-planshety","7":"pa_asukoht-mustamae","8":"pa_seisukord-ispolzovano","10":"first","11":"instock","12":"taxable","13":"shipping-taxable","14":"purchasable","15":"product-type-simple"},"_links":{"self":[{"href":"https:\/\/a-pant.ee\/ru\/wp-json\/wp\/v2\/product\/27509","targetHints":{"allow":["GET"]}}],"collection":[{"href":"https:\/\/a-pant.ee\/ru\/wp-json\/wp\/v2\/product"}],"about":[{"href":"https:\/\/a-pant.ee\/ru\/wp-json\/wp\/v2\/types\/product"}],"replies":[{"embeddable":true,"href":"https:\/\/a-pant.ee\/ru\/wp-json\/wp\/v2\/comments?post=27509"}],"wp:featuredmedia":[{"embeddable":true,"href":"https:\/\/a-pant.ee\/ru\/wp-json\/wp\/v2\/media\/27510"}],"wp:attachment":[{"href":"https:\/\/a-pant.ee\/ru\/wp-json\/wp\/v2\/media?parent=27509"}],"wp:term":[{"taxonomy":"product_brand","embeddable":true,"href":"https:\/\/a-pant.ee\/ru\/wp-json\/wp\/v2\/product_brand?post=27509"},{"taxonomy":"product_cat","embeddable":true,"href":"https:\/\/a-pant.ee\/ru\/wp-json\/wp\/v2\/product_cat?post=27509"},{"taxonomy":"product_tag","embeddable":true,"href":"https:\/\/a-pant.ee\/ru\/wp-json\/wp\/v2\/product_tag?post=27509"}],"curies":[{"name":"wp","href":"https:\/\/api.w.org\/{rel}","templated":true}]}}