{"id":27494,"date":"2026-02-04T03:25:06","date_gmt":"2026-02-04T00:25:06","guid":{"rendered":"https:\/\/a-pant.ee\/product\/akudrel-makita-dhp453-bez-aku\/"},"modified":"2026-02-22T12:31:58","modified_gmt":"2026-02-22T09:31:58","slug":"akudrel-makitra-dhp453-bez-aku","status":"publish","type":"product","link":"https:\/\/a-pant.ee\/ru\/product\/akudrel-makitra-dhp453-bez-aku\/","title":{"rendered":"\u0410\u043a\u0443\u0434\u0440\u0435\u043b\u044c Makitra DHP453 \u0431\u0435\u0437 \u0430\u043a\u0443"},"content":{"rendered":"\n<p> Akutrell Makitra DHP453 ilma aku\u00a0, <\/p><p> KIRJELDUS <\/p><p> Aku pinge 18 V <br \/> Vibratsioonitase: metalli puurimine 2,5 m\/s\u00b2 <br \/> Vibratsioonitase: viga (k) 1,5 m\/s\u00b2 <br \/> M\u00f5\u00f5dud (P x L x K) 176 x 79 x 247 mm <br \/> Kaal EPTA j\u00e4rgi 1,2 kg <\/p>\n","protected":false},"excerpt":{"rendered":"<p>Akutrell Makitra DHP453 ilma aku\u00a0, KIRJELDUS Aku pinge 18 V Vibratsioonitase: metalli puurimine 2,5 m\/s\u00b2 Vibratsioonitase: viga (k) 1,5 m\/s\u00b2 M\u00f5\u00f5dud (P x L x K) 176 x 79 x 247 mm Kaal EPTA j\u00e4rgi 1,2 kg<\/p>\n","protected":false},"featured_media":27495,"comment_status":"closed","ping_status":"open","template":"","meta":{"inline_featured_image":false},"product_brand":[],"product_cat":[221],"product_tag":[],"class_list":{"0":"post-27494","1":"product","2":"type-product","3":"status-publish","4":"has-post-thumbnail","6":"product_cat-akkumulyatornye-dreli","7":"pa_asukoht-lasnamae","8":"pa_seisukord-ispolzovano","10":"first","11":"instock","12":"taxable","13":"shipping-taxable","14":"purchasable","15":"product-type-simple"},"_links":{"self":[{"href":"https:\/\/a-pant.ee\/ru\/wp-json\/wp\/v2\/product\/27494","targetHints":{"allow":["GET"]}}],"collection":[{"href":"https:\/\/a-pant.ee\/ru\/wp-json\/wp\/v2\/product"}],"about":[{"href":"https:\/\/a-pant.ee\/ru\/wp-json\/wp\/v2\/types\/product"}],"replies":[{"embeddable":true,"href":"https:\/\/a-pant.ee\/ru\/wp-json\/wp\/v2\/comments?post=27494"}],"wp:featuredmedia":[{"embeddable":true,"href":"https:\/\/a-pant.ee\/ru\/wp-json\/wp\/v2\/media\/27495"}],"wp:attachment":[{"href":"https:\/\/a-pant.ee\/ru\/wp-json\/wp\/v2\/media?parent=27494"}],"wp:term":[{"taxonomy":"product_brand","embeddable":true,"href":"https:\/\/a-pant.ee\/ru\/wp-json\/wp\/v2\/product_brand?post=27494"},{"taxonomy":"product_cat","embeddable":true,"href":"https:\/\/a-pant.ee\/ru\/wp-json\/wp\/v2\/product_cat?post=27494"},{"taxonomy":"product_tag","embeddable":true,"href":"https:\/\/a-pant.ee\/ru\/wp-json\/wp\/v2\/product_tag?post=27494"}],"curies":[{"name":"wp","href":"https:\/\/api.w.org\/{rel}","templated":true}]}}