{"id":27488,"date":"2026-02-04T03:25:06","date_gmt":"2026-02-04T00:25:06","guid":{"rendered":"https:\/\/a-pant.ee\/product\/smart-chasy-suunto-7\/"},"modified":"2026-02-22T12:31:58","modified_gmt":"2026-02-22T09:31:58","slug":"smart-chasy-suunto-7-zaryadka-korobka","status":"publish","type":"product","link":"https:\/\/a-pant.ee\/ru\/product\/smart-chasy-suunto-7-zaryadka-korobka\/","title":{"rendered":"\u0421\u043c\u0430\u0440\u0442-\u0447\u0430\u0441\u044b Suunto 7, \u0417\u0430\u0440\u044f\u0434\u043a\u0430, \u043a\u043e\u0440\u043e\u0431\u043a\u0430"},"content":{"rendered":"\n<p> Nutikellad Suunto 7, Laadija, Karp, heas seisu- ja t\u00f6\u00f6korras! <\/p><p> KIRJELDUS <\/p><ul><li> Ekraan: AMOLED, 1,39 tolli, resolutsioon 454 x 454 pikslit. <\/li><li> Materjalid: <ul><li> Korpus: tugevdatud pol\u00fcamiid roostevabast terasest raamiga. <\/li><li> Klaas: karastatud Gorilla Glass. <\/li><\/ul><\/li><li> \u00dchenduvus: Wi-Fi, Bluetooth 5.0, GPS, GLONASS, Galileo. <\/li><li> Operatsioonis\u00fcsteem: Google&#8217;i Wear OS. <\/li><li> Aku: <ul><li> Kuni 12 tundi GPS-re\u017eiimis. <\/li><li> Kuni 48 tundi tavare\u017eiimis. <\/li><\/ul><\/li><li> Funktsioonid: <ul><li> Treeningute j\u00e4lgimine (70+ spordire\u017eiimi). <\/li><li> Kaardid v\u00f5rgu\u00fchenduseta re\u017eiimis. <\/li><li> Teavitused k\u00f5nedest ja s\u00f5numitest. <\/li><li> Pulssimonitor, aktiivsuse ja une j\u00e4lgimine. <\/li><\/ul><\/li><li> Veekindlus: 50 meetrit (sobib ujumiseks). <\/li><li> M\u00f5\u00f5tmed: 50 x 50 x 15,3 mm. <\/li><li> Kaal: 70 g. <\/li><li> Eriomadused: <ul><li> Google Play integratsioon. <\/li><li> Kiirlaadimine. <\/li><li> Stiilne ja vastupidav disain. <\/li><\/ul><\/li><\/ul>\n","protected":false},"excerpt":{"rendered":"<p>Nutikellad Suunto 7, Laadija, Karp, heas seisu- ja t\u00f6\u00f6korras! KIRJELDUS Ekraan: AMOLED, 1,39 tolli, resolutsioon 454 x 454 pikslit. Materjalid: Korpus: tugevdatud pol\u00fcamiid roostevabast terasest raamiga. Klaas: karastatud Gorilla Glass. \u00dchenduvus: Wi-Fi, Bluetooth 5.0, GPS, GLONASS, Galileo. Operatsioonis\u00fcsteem: Google&#8217;i Wear OS. Aku: Kuni 12 tundi GPS-re\u017eiimis. Kuni 48 tundi tavare\u017eiimis. Funktsioonid: Treeningute j\u00e4lgimine (70+ spordire\u017eiimi). [&hellip;]<\/p>\n","protected":false},"featured_media":27489,"comment_status":"closed","ping_status":"open","template":"","meta":{"inline_featured_image":false},"product_brand":[],"product_cat":[176],"product_tag":[],"class_list":{"0":"post-27488","1":"product","2":"type-product","3":"status-publish","4":"has-post-thumbnail","6":"product_cat-smart-chasy","7":"pa_asukoht-mustamae","8":"pa_seisukord-ispolzovano","10":"first","11":"instock","12":"taxable","13":"shipping-taxable","14":"purchasable","15":"product-type-simple"},"_links":{"self":[{"href":"https:\/\/a-pant.ee\/ru\/wp-json\/wp\/v2\/product\/27488","targetHints":{"allow":["GET"]}}],"collection":[{"href":"https:\/\/a-pant.ee\/ru\/wp-json\/wp\/v2\/product"}],"about":[{"href":"https:\/\/a-pant.ee\/ru\/wp-json\/wp\/v2\/types\/product"}],"replies":[{"embeddable":true,"href":"https:\/\/a-pant.ee\/ru\/wp-json\/wp\/v2\/comments?post=27488"}],"wp:featuredmedia":[{"embeddable":true,"href":"https:\/\/a-pant.ee\/ru\/wp-json\/wp\/v2\/media\/27489"}],"wp:attachment":[{"href":"https:\/\/a-pant.ee\/ru\/wp-json\/wp\/v2\/media?parent=27488"}],"wp:term":[{"taxonomy":"product_brand","embeddable":true,"href":"https:\/\/a-pant.ee\/ru\/wp-json\/wp\/v2\/product_brand?post=27488"},{"taxonomy":"product_cat","embeddable":true,"href":"https:\/\/a-pant.ee\/ru\/wp-json\/wp\/v2\/product_cat?post=27488"},{"taxonomy":"product_tag","embeddable":true,"href":"https:\/\/a-pant.ee\/ru\/wp-json\/wp\/v2\/product_tag?post=27488"}],"curies":[{"name":"wp","href":"https:\/\/api.w.org\/{rel}","templated":true}]}}