{"id":27483,"date":"2026-02-04T03:25:06","date_gmt":"2026-02-04T00:25:06","guid":{"rendered":"https:\/\/a-pant.ee\/product\/akudrel-fxa-jd5083-akku-2-0ach\/"},"modified":"2026-02-22T12:31:58","modified_gmt":"2026-02-22T09:31:58","slug":"akudrel-fxa-jd5083-aku-20ach","status":"publish","type":"product","link":"https:\/\/a-pant.ee\/ru\/product\/akudrel-fxa-jd5083-aku-20ach\/","title":{"rendered":"\u0410\u043a\u0443\u0434\u0440\u0435\u043b\u044c FXA JD5083 + \u0430\u043a\u0443 2,0\u0410\u0447"},"content":{"rendered":"\n<p> Akutrell FXA JD5083 + aku 2,0Ah,\u00a0heas seisu- ja t\u00f6\u00f6korras! <\/p><p> KIRJELDUS <\/p><p> Kaal 1,4 kg <br \/> T\u00fchik\u00e4igu kiirus 0-3000 <br \/> Kiiruste arv 1 <br \/> Maksimaalne p\u00f6\u00f6rdemoment, Nm 158 <\/p>\n","protected":false},"excerpt":{"rendered":"<p>Akutrell FXA JD5083 + aku 2,0Ah,\u00a0heas seisu- ja t\u00f6\u00f6korras! KIRJELDUS Kaal 1,4 kg T\u00fchik\u00e4igu kiirus 0-3000 Kiiruste arv 1 Maksimaalne p\u00f6\u00f6rdemoment, Nm 158<\/p>\n","protected":false},"featured_media":27484,"comment_status":"closed","ping_status":"open","template":"","meta":{"inline_featured_image":false},"product_brand":[],"product_cat":[221],"product_tag":[],"class_list":{"0":"post-27483","1":"product","2":"type-product","3":"status-publish","4":"has-post-thumbnail","6":"product_cat-akkumulyatornye-dreli","7":"pa_asukoht-lasnamae","8":"pa_seisukord-ispolzovano","10":"first","11":"outofstock","12":"taxable","13":"shipping-taxable","14":"purchasable","15":"product-type-simple"},"_links":{"self":[{"href":"https:\/\/a-pant.ee\/ru\/wp-json\/wp\/v2\/product\/27483","targetHints":{"allow":["GET"]}}],"collection":[{"href":"https:\/\/a-pant.ee\/ru\/wp-json\/wp\/v2\/product"}],"about":[{"href":"https:\/\/a-pant.ee\/ru\/wp-json\/wp\/v2\/types\/product"}],"replies":[{"embeddable":true,"href":"https:\/\/a-pant.ee\/ru\/wp-json\/wp\/v2\/comments?post=27483"}],"wp:featuredmedia":[{"embeddable":true,"href":"https:\/\/a-pant.ee\/ru\/wp-json\/wp\/v2\/media\/27484"}],"wp:attachment":[{"href":"https:\/\/a-pant.ee\/ru\/wp-json\/wp\/v2\/media?parent=27483"}],"wp:term":[{"taxonomy":"product_brand","embeddable":true,"href":"https:\/\/a-pant.ee\/ru\/wp-json\/wp\/v2\/product_brand?post=27483"},{"taxonomy":"product_cat","embeddable":true,"href":"https:\/\/a-pant.ee\/ru\/wp-json\/wp\/v2\/product_cat?post=27483"},{"taxonomy":"product_tag","embeddable":true,"href":"https:\/\/a-pant.ee\/ru\/wp-json\/wp\/v2\/product_tag?post=27483"}],"curies":[{"name":"wp","href":"https:\/\/api.w.org\/{rel}","templated":true}]}}