{"id":27472,"date":"2026-02-04T03:21:56","date_gmt":"2026-02-04T00:21:56","guid":{"rendered":"https:\/\/a-pant.ee\/product\/naushniki-philips-tauh202\/"},"modified":"2026-02-22T12:32:03","modified_gmt":"2026-02-22T09:32:03","slug":"naushniki-philips-tauh202","status":"publish","type":"product","link":"https:\/\/a-pant.ee\/ru\/product\/naushniki-philips-tauh202\/","title":{"rendered":"\u041d\u0430\u0443\u0448\u043d\u0438\u043a\u0438 PHILIPS TAUH202"},"content":{"rendered":"\n<p> K\u00f5rvaklappid PHILIPS TAUH202\u00a0, heas seisu- ja t\u00f6\u00f6korras! <\/p><p> KIRJELDUS <\/p><ul><li> T\u00fc\u00fcp:\u00a0K\u00f5rva peal asetsevad juhtmevabad k\u00f5rvaklapid <\/li><li> \u00dchendus:\u00a0Bluetooth 4.2 <\/li><li> \u00dchenduse ulatus:\u00a0Kuni 10 meetrit <\/li><li> D\u00fcnaamikad:\u00a032 mm, tagavad v\u00f5imsa heli <\/li><li> Sagedusala:\u00a020 \u2013 20 000 Hz <\/li><li> Takistus:\u00a032 Oomi <\/li><li> Tundlikkus:\u00a0102 dB <\/li><li> Aku t\u00f6\u00f6aeg:\u00a0Kuni 15 tundi <\/li><li> Laadimine:\u00a0Micro-USB kaudu, t\u00e4islaadimine 2\u20133 tunni jooksul <\/li><li> Kokkupandav disain:\u00a0Mugav transportimiseks ja hoiustamiseks <\/li><li> Kaal:\u00a0195 g <\/li><li> Juhtimine:\u00a0Nupud k\u00f5rvaklappidel helitugevuse, taasesituse ja k\u00f5nede jaoks <\/li><li> Mikrofon:\u00a0Sisseehitatud, sobib handsfree-k\u00f5nedeks <\/li><li> Eriomadused:\u00a0Kerge ja mugav kanda, pehmed padjad <\/li><\/ul>\n","protected":false},"excerpt":{"rendered":"<p>K\u00f5rvaklappid PHILIPS TAUH202\u00a0, heas seisu- ja t\u00f6\u00f6korras! KIRJELDUS T\u00fc\u00fcp:\u00a0K\u00f5rva peal asetsevad juhtmevabad k\u00f5rvaklapid \u00dchendus:\u00a0Bluetooth 4.2 \u00dchenduse ulatus:\u00a0Kuni 10 meetrit D\u00fcnaamikad:\u00a032 mm, tagavad v\u00f5imsa heli Sagedusala:\u00a020 \u2013 20 000 Hz Takistus:\u00a032 Oomi Tundlikkus:\u00a0102 dB Aku t\u00f6\u00f6aeg:\u00a0Kuni 15 tundi Laadimine:\u00a0Micro-USB kaudu, t\u00e4islaadimine 2\u20133 tunni jooksul Kokkupandav disain:\u00a0Mugav transportimiseks ja hoiustamiseks Kaal:\u00a0195 g Juhtimine:\u00a0Nupud k\u00f5rvaklappidel helitugevuse, taasesituse ja [&hellip;]<\/p>\n","protected":false},"featured_media":27473,"comment_status":"closed","ping_status":"open","template":"","meta":{"inline_featured_image":false},"product_brand":[],"product_cat":[168],"product_tag":[],"class_list":{"0":"post-27472","1":"product","2":"type-product","3":"status-publish","4":"has-post-thumbnail","6":"product_cat-naushniki","7":"pa_asukoht-mustamae","8":"pa_seisukord-ispolzovano","10":"first","11":"instock","12":"taxable","13":"shipping-taxable","14":"purchasable","15":"product-type-simple"},"_links":{"self":[{"href":"https:\/\/a-pant.ee\/ru\/wp-json\/wp\/v2\/product\/27472","targetHints":{"allow":["GET"]}}],"collection":[{"href":"https:\/\/a-pant.ee\/ru\/wp-json\/wp\/v2\/product"}],"about":[{"href":"https:\/\/a-pant.ee\/ru\/wp-json\/wp\/v2\/types\/product"}],"replies":[{"embeddable":true,"href":"https:\/\/a-pant.ee\/ru\/wp-json\/wp\/v2\/comments?post=27472"}],"wp:featuredmedia":[{"embeddable":true,"href":"https:\/\/a-pant.ee\/ru\/wp-json\/wp\/v2\/media\/27473"}],"wp:attachment":[{"href":"https:\/\/a-pant.ee\/ru\/wp-json\/wp\/v2\/media?parent=27472"}],"wp:term":[{"taxonomy":"product_brand","embeddable":true,"href":"https:\/\/a-pant.ee\/ru\/wp-json\/wp\/v2\/product_brand?post=27472"},{"taxonomy":"product_cat","embeddable":true,"href":"https:\/\/a-pant.ee\/ru\/wp-json\/wp\/v2\/product_cat?post=27472"},{"taxonomy":"product_tag","embeddable":true,"href":"https:\/\/a-pant.ee\/ru\/wp-json\/wp\/v2\/product_tag?post=27472"}],"curies":[{"name":"wp","href":"https:\/\/api.w.org\/{rel}","templated":true}]}}