{"id":27466,"date":"2026-02-04T03:21:56","date_gmt":"2026-02-04T00:21:56","guid":{"rendered":"https:\/\/a-pant.ee\/product\/naushniki-jbl-tour-pro-tws\/"},"modified":"2026-02-22T12:32:03","modified_gmt":"2026-02-22T09:32:03","slug":"naushniki-jbl-tour-pro-tws","status":"publish","type":"product","link":"https:\/\/a-pant.ee\/ru\/product\/naushniki-jbl-tour-pro-tws\/","title":{"rendered":"\u041d\u0430\u0443\u0448\u043d\u0438\u043a\u0438 JBL Tour PRO TWS"},"content":{"rendered":"\n<p> K\u00f5rvaklappid JBL Tour PRO TWS, heas seisu- ja t\u00f6\u00f6korras! <\/p><p> KIRJELDUS <\/p><ul><li> T\u00fc\u00fcp:\u00a0K\u00f5rvasisesed juhtmevabad k\u00f5rvaklapid <\/li><li> \u00dchendus:\u00a0Bluetooth 5.0 <\/li><li> Aktiivne m\u00fcrasummutus (ANC):\u00a0Jah, adaptiivse funktsiooniga <\/li><li> Heli: <ul><li> JBL Pro Sound tehnoloogia <\/li><li> Toetatud koodekid: SBC, AAC <\/li><\/ul><\/li><li> Mikrofonid:\u00a06 mikrofoni k\u00f5nede ja m\u00fcrasummutuse jaoks <\/li><li> Aku t\u00f6\u00f6aeg: <ul><li> Kuni 8 tundi \u00fche laadimisega (ANC-ga kuni 6 tundi) <\/li><li> Kuni 32 tundi koos laadimiskarbiga (ANC-ga kuni 24 tundi) <\/li><\/ul><\/li><li> Laadimine: <ul><li> Juhtmega: USB-C kaudu <\/li><li> Juhtmevaba laadimine: toetatud (Qi-\u00fchilduvus) <\/li><li> Kiirlaadimine: 10 minutit annab kuni 1 tunni kuulamist <\/li><\/ul><\/li><li> Veekindlus:\u00a0IPX4 (pritsmekindel) <\/li><li> Juhtimine: <ul><li> Puutepaneelid k\u00f5rvaklappidel <\/li><li> JBL Headphones rakendus (heli ja funktsioonide seadistamiseks) <\/li><\/ul><\/li><li> \u00dchilduvus:\u00a0iOS ja Android <\/li><li> Lisafunktsioonid: <ul><li> TalkThru ja Ambient Aware re\u017eiimid <\/li><li> Google Assistant ja Amazon Alexa tugi <\/li><li> Mitmepunkti\u00fchenduse tugi <\/li><\/ul><\/li><\/ul>\n","protected":false},"excerpt":{"rendered":"<p>K\u00f5rvaklappid JBL Tour PRO TWS, heas seisu- ja t\u00f6\u00f6korras! KIRJELDUS T\u00fc\u00fcp:\u00a0K\u00f5rvasisesed juhtmevabad k\u00f5rvaklapid \u00dchendus:\u00a0Bluetooth 5.0 Aktiivne m\u00fcrasummutus (ANC):\u00a0Jah, adaptiivse funktsiooniga Heli: JBL Pro Sound tehnoloogia Toetatud koodekid: SBC, AAC Mikrofonid:\u00a06 mikrofoni k\u00f5nede ja m\u00fcrasummutuse jaoks Aku t\u00f6\u00f6aeg: Kuni 8 tundi \u00fche laadimisega (ANC-ga kuni 6 tundi) Kuni 32 tundi koos laadimiskarbiga (ANC-ga kuni 24 tundi) [&hellip;]<\/p>\n","protected":false},"featured_media":27467,"comment_status":"closed","ping_status":"open","template":"","meta":{"inline_featured_image":false},"product_brand":[],"product_cat":[168],"product_tag":[],"class_list":{"0":"post-27466","1":"product","2":"type-product","3":"status-publish","4":"has-post-thumbnail","6":"product_cat-naushniki","7":"pa_asukoht-mustamae","8":"pa_seisukord-ispolzovano","10":"first","11":"instock","12":"taxable","13":"shipping-taxable","14":"purchasable","15":"product-type-simple"},"_links":{"self":[{"href":"https:\/\/a-pant.ee\/ru\/wp-json\/wp\/v2\/product\/27466","targetHints":{"allow":["GET"]}}],"collection":[{"href":"https:\/\/a-pant.ee\/ru\/wp-json\/wp\/v2\/product"}],"about":[{"href":"https:\/\/a-pant.ee\/ru\/wp-json\/wp\/v2\/types\/product"}],"replies":[{"embeddable":true,"href":"https:\/\/a-pant.ee\/ru\/wp-json\/wp\/v2\/comments?post=27466"}],"wp:featuredmedia":[{"embeddable":true,"href":"https:\/\/a-pant.ee\/ru\/wp-json\/wp\/v2\/media\/27467"}],"wp:attachment":[{"href":"https:\/\/a-pant.ee\/ru\/wp-json\/wp\/v2\/media?parent=27466"}],"wp:term":[{"taxonomy":"product_brand","embeddable":true,"href":"https:\/\/a-pant.ee\/ru\/wp-json\/wp\/v2\/product_brand?post=27466"},{"taxonomy":"product_cat","embeddable":true,"href":"https:\/\/a-pant.ee\/ru\/wp-json\/wp\/v2\/product_cat?post=27466"},{"taxonomy":"product_tag","embeddable":true,"href":"https:\/\/a-pant.ee\/ru\/wp-json\/wp\/v2\/product_tag?post=27466"}],"curies":[{"name":"wp","href":"https:\/\/api.w.org\/{rel}","templated":true}]}}